{"id":6813,"date":"2023-12-13T10:33:21","date_gmt":"2023-12-13T09:33:21","guid":{"rendered":"https:\/\/mulier.hr\/?post_type=product&#038;p=6813"},"modified":"2025-07-11T09:45:06","modified_gmt":"2025-07-11T07:45:06","slug":"test-panel-s11-jetra-anatomija-lijekovi","status":"publish","type":"product","link":"https:\/\/mulier.hr\/en\/proizvod\/test-panel-s11-jetra-anatomija-lijekovi\/","title":{"rendered":"Test PANEL S11 Jetra: anatomija, lijekovi"},"content":{"rendered":"<p>Ovaj test analizira anatomiju (jetrene stanice, arterije, vene, vagus, \u017eu\u010dni vodovi, \u017eu\u010dnjak, infekcije, limfa, sklonost neoplazmi) kroz koju vidimo fiziologiju jetre. Tako\u0111er daje informacije za idealne individualne biljne lijekove i dodatke prehrani da se popravi trenutno stanje.<\/p>\n<p><strong>Upute:<\/strong><br \/>\nNakon \u0161to ovdje kupite test, dobit \u0107ete od nas na email detaljne upute kako uzeti mali uzorak Va\u0161e kose i na koju adresu poslati. Iz uzorka kose se radi test. U roku 7 dana od dana prispije\u0107a uzorka u laboratorij dobit \u0107ete rezultate na Va\u0161 email.<\/p>\n<p>Rezultati testa dostupni su na engleskom jeziku.<\/p>\n<p>&nbsp;<\/p>\n","protected":false},"excerpt":{"rendered":"<p>Ovaj test analizira anatomiju (jetrene stanice, arterije, vene, vagus, \u017eu\u010dni vodovi, \u017eu\u010dnjak, infekcije, limfa, sklonost neoplazmi) kroz koju vidimo fiziologiju jetre. Tako\u0111er daje informacije za idealne individualne biljne lijekove i<\/p>\n","protected":false},"featured_media":6814,"template":"","meta":{"inline_featured_image":false},"product_brand":[],"product_cat":[53],"product_tag":[],"class_list":{"0":"post-6813","1":"product","2":"type-product","3":"status-publish","4":"has-post-thumbnail","6":"product_cat-testovi","8":"first","9":"instock","10":"downloadable","11":"virtual","12":"purchasable","13":"product-type-simple"},"_links":{"self":[{"href":"https:\/\/mulier.hr\/en\/wp-json\/wp\/v2\/product\/6813","targetHints":{"allow":["GET"]}}],"collection":[{"href":"https:\/\/mulier.hr\/en\/wp-json\/wp\/v2\/product"}],"about":[{"href":"https:\/\/mulier.hr\/en\/wp-json\/wp\/v2\/types\/product"}],"wp:featuredmedia":[{"embeddable":true,"href":"https:\/\/mulier.hr\/en\/wp-json\/wp\/v2\/media\/6814"}],"wp:attachment":[{"href":"https:\/\/mulier.hr\/en\/wp-json\/wp\/v2\/media?parent=6813"}],"wp:term":[{"taxonomy":"product_brand","embeddable":true,"href":"https:\/\/mulier.hr\/en\/wp-json\/wp\/v2\/product_brand?post=6813"},{"taxonomy":"product_cat","embeddable":true,"href":"https:\/\/mulier.hr\/en\/wp-json\/wp\/v2\/product_cat?post=6813"},{"taxonomy":"product_tag","embeddable":true,"href":"https:\/\/mulier.hr\/en\/wp-json\/wp\/v2\/product_tag?post=6813"}],"curies":[{"name":"wp","href":"https:\/\/api.w.org\/{rel}","templated":true}]}}