{"id":6771,"date":"2023-12-11T19:13:49","date_gmt":"2023-12-11T18:13:49","guid":{"rendered":"https:\/\/mulier.hr\/?post_type=product&#038;p=6771"},"modified":"2025-01-21T13:20:13","modified_gmt":"2025-01-21T12:20:13","slug":"test-esthetic-2-testa-u-1-test-antiage-analize-i-intolerancije-na-hranu-thema-esthetic","status":"publish","type":"product","link":"https:\/\/mulier.hr\/en\/proizvod\/test-esthetic-2-testa-u-1-test-antiage-analize-i-intolerancije-na-hranu-thema-esthetic\/","title":{"rendered":"Test Esthetic \u2013 2 testa u 1: test antiage analize i intolerancije na hranu (Thema Esthetic)"},"content":{"rendered":"<p>Ovo nije samo estetski BioTest ve\u0107 analiza stanja ljepote i antiage-a (\u010ditaj: vitalnosti tkiva) iznutra i izvana. Sadr\u017ei Biotest intolerancije na hranu na oko 600 namirnica, daje 6 biolo\u0161kih indeksa, daje savjet za prehranu i reference na estetiku, celulit te AntiAge uz analizu vrste metabolita, razine oksidacije, sadr\u017eaj polifenola, uz to daje analizu ko\u017ene distonije, stanje geomagnetskih polja.<\/p>\n<p>Rezultati testa dostupni su na engleskom jeziku.<\/p>\n<p><strong>Sadr\u017eaj rezultata:<\/strong><\/p>\n<p>Oksidiraju\u0107a sredstva<br \/>\nAntioksidativni suplementi<br \/>\nAntioksidativni procesi<br \/>\nVitamini i minerali<br \/>\nElementi toksi\u010dnosti<br \/>\nKo\u017ea i dermis<br \/>\nSavjeti za prehranu protiv starenja<br \/>\nZa\u010dini<br \/>\nPi\u0107a<br \/>\nMeso<br \/>\n\u017ditarice<br \/>\nZasla\u0111iva\u010di<br \/>\nVo\u0107e<br \/>\nMlije\u010dni proizvodi<br \/>\nMahunarke<br \/>\nRiba<br \/>\nPovr\u0107e<br \/>\nBiolo\u0161ki indeksi<br \/>\nGeneri\u010dka shema prehrane<br \/>\nVje\u017ebe u teretani<br \/>\nWellness program<\/p>\n<p><strong>Upute:<\/strong><\/p>\n<p>U roku 7 dana od dana prispije\u0107a uzorka u laboratorij dobit \u0107ete rezultate na Va\u0161 email.<\/p>\n<p>Rezultati testa dostupni engleskom jeziku.<\/p>\n","protected":false},"excerpt":{"rendered":"<p>Ovo nije samo estetski BioTest ve\u0107 analiza stanja ljepote i antiage-a (\u010ditaj: vitalnosti tkiva) iznutra i izvana. Sadr\u017ei Biotest intolerancije na hranu na oko 600 namirnica, daje 6 biolo\u0161kih indeksa,<\/p>\n","protected":false},"featured_media":6772,"template":"","meta":{"inline_featured_image":false},"product_brand":[],"product_cat":[53],"product_tag":[],"class_list":{"0":"post-6771","1":"product","2":"type-product","3":"status-publish","4":"has-post-thumbnail","6":"product_cat-testovi","8":"first","9":"instock","10":"downloadable","11":"virtual","12":"purchasable","13":"product-type-simple"},"_links":{"self":[{"href":"https:\/\/mulier.hr\/en\/wp-json\/wp\/v2\/product\/6771","targetHints":{"allow":["GET"]}}],"collection":[{"href":"https:\/\/mulier.hr\/en\/wp-json\/wp\/v2\/product"}],"about":[{"href":"https:\/\/mulier.hr\/en\/wp-json\/wp\/v2\/types\/product"}],"wp:featuredmedia":[{"embeddable":true,"href":"https:\/\/mulier.hr\/en\/wp-json\/wp\/v2\/media\/6772"}],"wp:attachment":[{"href":"https:\/\/mulier.hr\/en\/wp-json\/wp\/v2\/media?parent=6771"}],"wp:term":[{"taxonomy":"product_brand","embeddable":true,"href":"https:\/\/mulier.hr\/en\/wp-json\/wp\/v2\/product_brand?post=6771"},{"taxonomy":"product_cat","embeddable":true,"href":"https:\/\/mulier.hr\/en\/wp-json\/wp\/v2\/product_cat?post=6771"},{"taxonomy":"product_tag","embeddable":true,"href":"https:\/\/mulier.hr\/en\/wp-json\/wp\/v2\/product_tag?post=6771"}],"curies":[{"name":"wp","href":"https:\/\/api.w.org\/{rel}","templated":true}]}}