{"id":6757,"date":"2023-12-11T18:45:11","date_gmt":"2023-12-11T17:45:11","guid":{"rendered":"https:\/\/mulier.hr\/?post_type=product&#038;p=6757"},"modified":"2025-01-21T13:14:38","modified_gmt":"2025-01-21T12:14:38","slug":"test-bioenergetske-analize-kose-i-vlasista-tricobiometatest-thema-13","status":"publish","type":"product","link":"https:\/\/mulier.hr\/en\/proizvod\/test-bioenergetske-analize-kose-i-vlasista-tricobiometatest-thema-13\/","title":{"rendered":"Test bioenergetske analize kose i vlasi\u0161ta, tricobiometatest (Thema 13)"},"content":{"rendered":"<p>TricoBioMetaTest\u00ae Thema 13 jedinstven je i ekskluzivan proizvod. Patentirana metodologija testiranja, nazvana Palladium\u2122 kroz znanost biospektrofotometrije primijenjene na uzorcima kose analizira niz vitamina, minerala i aminokiselina, funkcionalnih za rast i ja\u010danje kose.<\/p>\n<p>Test analizira toksi\u010dne metale i interferencijska polja koja negativno utje\u010du na rast kose i uzrokuju njezino opadanje. Tako\u0111er analizira niz biometrijskih indeksa koji omogu\u0107uju prepoznavanje pravog protokola za postizanje gu\u0161\u0107e, ja\u010de i zdravije kose.<\/p>\n<p><strong>TricoBioMetaTest\u00ae Thema 13 indiciran je za utvr\u0111ivanje funkcionalnog zdravlja kose, tkiva vlasi\u0161ta, folikula i svih onih funkcionalnih elemenata potrebnih za rast i ja\u010danje kose.<\/strong><\/p>\n<p><strong>Sadr\u017eaj rezultata:<\/strong><\/p>\n<p>Vitamini za trihologiju<br \/>\nMinerali za trihologiju<br \/>\nAminokiseline za trihologiju<br \/>\nHormoni za trihologiju<br \/>\nOtrovni metali za trihologiju<br \/>\nZaga\u0111iva\u010di okoli\u0161a za trihologiju<\/p>\n<p>&nbsp;<\/p>\n<p><strong>Upute:<\/strong><br \/>\nNakon \u0161to ovdje kupite test, dobit \u0107ete od nas na email detaljne upute kako uzeti mali uzorak Va\u0161e kose i na koju adresu poslati. Iz uzorka kose se radi test. U roku 7 dana od dana prispije\u0107a uzorka u laboratorij dobit \u0107ete rezultate na Va\u0161 email.<\/p>\n<p>Rezultati testa su dostupni na engleskom jeziku.<\/p>\n","protected":false},"excerpt":{"rendered":"<p>TricoBioMetaTest\u00ae Thema 13 jedinstven je i ekskluzivan proizvod. Patentirana metodologija testiranja, nazvana Palladium\u2122 kroz znanost biospektrofotometrije primijenjene na uzorcima kose analizira niz vitamina, minerala i aminokiselina, funkcionalnih za rast i<\/p>\n","protected":false},"featured_media":6758,"template":"","meta":{"inline_featured_image":false},"product_brand":[],"product_cat":[53],"product_tag":[],"class_list":{"0":"post-6757","1":"product","2":"type-product","3":"status-publish","4":"has-post-thumbnail","6":"product_cat-testovi","8":"first","9":"instock","10":"downloadable","11":"virtual","12":"purchasable","13":"product-type-simple"},"_links":{"self":[{"href":"https:\/\/mulier.hr\/en\/wp-json\/wp\/v2\/product\/6757","targetHints":{"allow":["GET"]}}],"collection":[{"href":"https:\/\/mulier.hr\/en\/wp-json\/wp\/v2\/product"}],"about":[{"href":"https:\/\/mulier.hr\/en\/wp-json\/wp\/v2\/types\/product"}],"wp:featuredmedia":[{"embeddable":true,"href":"https:\/\/mulier.hr\/en\/wp-json\/wp\/v2\/media\/6758"}],"wp:attachment":[{"href":"https:\/\/mulier.hr\/en\/wp-json\/wp\/v2\/media?parent=6757"}],"wp:term":[{"taxonomy":"product_brand","embeddable":true,"href":"https:\/\/mulier.hr\/en\/wp-json\/wp\/v2\/product_brand?post=6757"},{"taxonomy":"product_cat","embeddable":true,"href":"https:\/\/mulier.hr\/en\/wp-json\/wp\/v2\/product_cat?post=6757"},{"taxonomy":"product_tag","embeddable":true,"href":"https:\/\/mulier.hr\/en\/wp-json\/wp\/v2\/product_tag?post=6757"}],"curies":[{"name":"wp","href":"https:\/\/api.w.org\/{rel}","templated":true}]}}