{"id":6754,"date":"2023-12-11T18:40:03","date_gmt":"2023-12-11T17:40:03","guid":{"rendered":"https:\/\/mulier.hr\/?post_type=product&#038;p=6754"},"modified":"2025-07-11T09:36:23","modified_gmt":"2025-07-11T07:36:23","slug":"test-bioenergetske-analize-srca-i-metabolizma-masti-thema-12","status":"publish","type":"product","link":"https:\/\/mulier.hr\/en\/proizvod\/test-bioenergetske-analize-srca-i-metabolizma-masti-thema-12\/","title":{"rendered":"Test bioenergetske analize srca i metabolizma masti (Thema 12)"},"content":{"rendered":"<p><strong>Usmjeren je na delikatan i vrlo va\u017ean aspekt na\u0161eg zdravlja, bioenergetiku srca i metabolizam masti.<\/strong><\/p>\n<p><strong>Sadr\u017eaj rezultata:<\/strong><\/p>\n<p>Sr\u010dani metaboliti<br \/>\nMolekularna plo\u010da<br \/>\nFitoaktivni panel<br \/>\nVaskularna anatomija<br \/>\nAnatomija srca<br \/>\nGeneri\u010dka shema prehrane<br \/>\nIndeksi zdravlja kose<\/p>\n<p>Pokazuje ravnote\u017eu kolesterola, triglicerida, alfa lipoi\u010dne kiseline, omege 3, omege 6, LDH, troponina C, angiotenzina, lipoproteina A, kortizola, estrogena, pokazuje stanje arterija, vena, plaka na njima, stanje endotela krvnih \u017eila, namirnice i njihov utjecaj na zdravlje srca i razinu lipida.<\/p>\n<p><strong>Upute:<\/strong><br \/>\nNakon \u0161to ovdje kupite test, dobit \u0107ete od nas na email detaljne upute kako uzeti mali uzorak Va\u0161e kose i na koju adresu poslati. Iz uzorka kose se radi test. U roku 7 dana od dana prispije\u0107a uzorka u laboratorij dobit \u0107ete rezultate na Va\u0161 email.<\/p>\n<p>Rezultati testa su dostupni na engleskom jeziku.<\/p>\n","protected":false},"excerpt":{"rendered":"<p>Usmjeren je na delikatan i vrlo va\u017ean aspekt na\u0161eg zdravlja, bioenergetiku srca i metabolizam masti. Sadr\u017eaj rezultata: Sr\u010dani metaboliti Molekularna plo\u010da Fitoaktivni panel Vaskularna anatomija Anatomija srca Generi\u010dka shema prehrane<\/p>\n","protected":false},"featured_media":6755,"template":"","meta":{"inline_featured_image":false},"product_brand":[],"product_cat":[53],"product_tag":[],"class_list":{"0":"post-6754","1":"product","2":"type-product","3":"status-publish","4":"has-post-thumbnail","6":"product_cat-testovi","8":"first","9":"instock","10":"downloadable","11":"virtual","12":"purchasable","13":"product-type-simple"},"_links":{"self":[{"href":"https:\/\/mulier.hr\/en\/wp-json\/wp\/v2\/product\/6754","targetHints":{"allow":["GET"]}}],"collection":[{"href":"https:\/\/mulier.hr\/en\/wp-json\/wp\/v2\/product"}],"about":[{"href":"https:\/\/mulier.hr\/en\/wp-json\/wp\/v2\/types\/product"}],"wp:featuredmedia":[{"embeddable":true,"href":"https:\/\/mulier.hr\/en\/wp-json\/wp\/v2\/media\/6755"}],"wp:attachment":[{"href":"https:\/\/mulier.hr\/en\/wp-json\/wp\/v2\/media?parent=6754"}],"wp:term":[{"taxonomy":"product_brand","embeddable":true,"href":"https:\/\/mulier.hr\/en\/wp-json\/wp\/v2\/product_brand?post=6754"},{"taxonomy":"product_cat","embeddable":true,"href":"https:\/\/mulier.hr\/en\/wp-json\/wp\/v2\/product_cat?post=6754"},{"taxonomy":"product_tag","embeddable":true,"href":"https:\/\/mulier.hr\/en\/wp-json\/wp\/v2\/product_tag?post=6754"}],"curies":[{"name":"wp","href":"https:\/\/api.w.org\/{rel}","templated":true}]}}