{"id":6751,"date":"2023-12-11T18:35:44","date_gmt":"2023-12-11T17:35:44","guid":{"rendered":"https:\/\/mulier.hr\/?post_type=product&#038;p=6751"},"modified":"2026-03-18T09:39:31","modified_gmt":"2026-03-18T08:39:31","slug":"bioenergetski-test-metabolizma-zeljeza-thema-11","status":"publish","type":"product","link":"https:\/\/mulier.hr\/en\/proizvod\/bioenergetski-test-metabolizma-zeljeza-thema-11\/","title":{"rendered":"Bioenergetski test metabolizma \u017eeljeza (Thema 11)"},"content":{"rendered":"<p><strong>Anemija, nedostatak \u017eeljeza u serumu, razine feritina, neravnote\u017ee, disharmonije gusto\u0107e i omjera \u017eeljeza.<\/strong><\/p>\n<p>Test \u017eeljeza nagla\u0161ava nedostatke, vi\u0161ak, odnose, trendove i slike vrlo dinami\u010dne i precizne za bolju procjenu sustavnog i funkcionalnog metabolizma \u017eeljeza u na\u0161em tijelu. Kada postoji manjak i kada postoji vi\u0161ak, njegova bioenergetska stani\u010dna funkcija je gotovo jednako va\u017ena kao jednostavna kvantitativna analiza krvi.<\/p>\n<p><strong>Sadr\u017eaj rezultata:<\/strong><\/p>\n<p>Metabolizam \u017eeljeza<br \/>\nSavjeti o na\u010dinu \u017eivota<br \/>\nSavjeti za hranu<br \/>\nGeneri\u010dka shema prehrane<\/p>\n<p>&nbsp;<\/p>\n<p><strong>Upute:<\/strong><br \/>\nNakon \u0161to ovdje kupite test, dobit \u0107ete od nas na email detaljne upute kako uzeti mali uzorak Va\u0161e kose i na koju adresu poslati. Iz uzorka kose se radi test. U roku 7 dana od dana prispije\u0107a uzorka u laboratorij dobit \u0107ete rezultate na Va\u0161 email.<\/p>\n<p>Rezultati testa su dostupni na engleskom jeziku.<\/p>\n","protected":false},"excerpt":{"rendered":"<p>Anemija, nedostatak \u017eeljeza u serumu, razine feritina, neravnote\u017ee, disharmonije gusto\u0107e i omjera \u017eeljeza. Test \u017eeljeza nagla\u0161ava nedostatke, vi\u0161ak, odnose, trendove i slike vrlo dinami\u010dne i precizne za bolju procjenu sustavnog<\/p>\n","protected":false},"featured_media":6752,"template":"","meta":{"inline_featured_image":false},"product_brand":[],"product_cat":[53],"product_tag":[],"class_list":{"0":"post-6751","1":"product","2":"type-product","3":"status-publish","4":"has-post-thumbnail","6":"product_cat-testovi","8":"first","9":"instock","10":"downloadable","11":"virtual","12":"purchasable","13":"product-type-simple"},"_links":{"self":[{"href":"https:\/\/mulier.hr\/en\/wp-json\/wp\/v2\/product\/6751","targetHints":{"allow":["GET"]}}],"collection":[{"href":"https:\/\/mulier.hr\/en\/wp-json\/wp\/v2\/product"}],"about":[{"href":"https:\/\/mulier.hr\/en\/wp-json\/wp\/v2\/types\/product"}],"wp:featuredmedia":[{"embeddable":true,"href":"https:\/\/mulier.hr\/en\/wp-json\/wp\/v2\/media\/6752"}],"wp:attachment":[{"href":"https:\/\/mulier.hr\/en\/wp-json\/wp\/v2\/media?parent=6751"}],"wp:term":[{"taxonomy":"product_brand","embeddable":true,"href":"https:\/\/mulier.hr\/en\/wp-json\/wp\/v2\/product_brand?post=6751"},{"taxonomy":"product_cat","embeddable":true,"href":"https:\/\/mulier.hr\/en\/wp-json\/wp\/v2\/product_cat?post=6751"},{"taxonomy":"product_tag","embeddable":true,"href":"https:\/\/mulier.hr\/en\/wp-json\/wp\/v2\/product_tag?post=6751"}],"curies":[{"name":"wp","href":"https:\/\/api.w.org\/{rel}","templated":true}]}}