{"id":6748,"date":"2023-12-11T18:31:38","date_gmt":"2023-12-11T17:31:38","guid":{"rendered":"https:\/\/mulier.hr\/?post_type=product&#038;p=6748"},"modified":"2026-01-15T08:46:49","modified_gmt":"2026-01-15T07:46:49","slug":"bioenergetski-test-bachovog-cvijeca-i-aromaterapije-thema-10","status":"publish","type":"product","link":"https:\/\/mulier.hr\/en\/proizvod\/bioenergetski-test-bachovog-cvijeca-i-aromaterapije-thema-10\/","title":{"rendered":"Bioenergetski test bachovog cvije\u0107a i aromaterapije (Thema 10)"},"content":{"rendered":"<p>Britanski lije\u010dnik Edward Bach utemeljio je terapiju sa divljim cvije\u0107em. Bachovi lijekovi ra\u0111eni su da budu usmjereni na brigu o emocionalnim stanjima na temelju analize strahova, nesigurnosti, tuge, pa i kvaliteta kao \u0161to je nesebi\u010dnost, sebi\u010dnost, srame\u017eljivost, ekstrovertnost, introvertnost\u2026<\/p>\n<p>Bachovi cvjetovi ostvaruju uspjeh vi\u0161e od jednog stolje\u0107a i etablirali su se na podru\u010dju prirodne medicine kao <strong>referentna to\u010dka za lije\u010denje stresa<\/strong> i mentalnih poreme\u0107aja.<\/p>\n<p>Bachovi cvjetovi indicirani su I kod mnogih prehrambenih poreme\u0107aja kao \u0161to su emocionalno jedenje ili napadi panike, kolitis i gastritis \u017eiv\u010danog porijekla. <strong>Test Bachovog cvije\u0107a omogu\u0107it \u0107e vam da prona\u0111ete skupinu Bachovog cvije\u0107a koja vam najvi\u0161e odgovara. Va\u0161 osobni cvijet: Va\u0161 vodi\u010d!<\/strong><\/p>\n<p><strong>Sadr\u017eaj rezultata:<\/strong><\/p>\n<p>Bachovo cvije\u0107e<br \/>\nAromaterapija i kromoterapija<\/p>\n<p><strong>\u00a0<\/strong><\/p>\n<p><strong>Upute:<\/strong><br \/>\nNakon \u0161to ovdje kupite test, dobit \u0107ete od nas na email detaljne upute kako uzeti mali uzorak Va\u0161e kose i na koju adresu poslati. Iz uzorka kose se radi test. U roku 7 dana od dana prispije\u0107a uzorka u laboratorij dobit \u0107ete rezultate na Va\u0161 email.<\/p>\n<p>Rezultati testa su dostupni na talijanskom jeziku.<\/p>\n","protected":false},"excerpt":{"rendered":"<p>Britanski lije\u010dnik Edward Bach utemeljio je terapiju sa divljim cvije\u0107em. Bachovi lijekovi ra\u0111eni su da budu usmjereni na brigu o emocionalnim stanjima na temelju analize strahova, nesigurnosti, tuge, pa i<\/p>\n","protected":false},"featured_media":6749,"template":"","meta":{"inline_featured_image":false},"product_brand":[],"product_cat":[53],"product_tag":[],"class_list":{"0":"post-6748","1":"product","2":"type-product","3":"status-publish","4":"has-post-thumbnail","6":"product_cat-testovi","8":"first","9":"instock","10":"downloadable","11":"virtual","12":"purchasable","13":"product-type-simple"},"_links":{"self":[{"href":"https:\/\/mulier.hr\/en\/wp-json\/wp\/v2\/product\/6748","targetHints":{"allow":["GET"]}}],"collection":[{"href":"https:\/\/mulier.hr\/en\/wp-json\/wp\/v2\/product"}],"about":[{"href":"https:\/\/mulier.hr\/en\/wp-json\/wp\/v2\/types\/product"}],"wp:featuredmedia":[{"embeddable":true,"href":"https:\/\/mulier.hr\/en\/wp-json\/wp\/v2\/media\/6749"}],"wp:attachment":[{"href":"https:\/\/mulier.hr\/en\/wp-json\/wp\/v2\/media?parent=6748"}],"wp:term":[{"taxonomy":"product_brand","embeddable":true,"href":"https:\/\/mulier.hr\/en\/wp-json\/wp\/v2\/product_brand?post=6748"},{"taxonomy":"product_cat","embeddable":true,"href":"https:\/\/mulier.hr\/en\/wp-json\/wp\/v2\/product_cat?post=6748"},{"taxonomy":"product_tag","embeddable":true,"href":"https:\/\/mulier.hr\/en\/wp-json\/wp\/v2\/product_tag?post=6748"}],"curies":[{"name":"wp","href":"https:\/\/api.w.org\/{rel}","templated":true}]}}