{"id":6740,"date":"2023-12-11T18:19:22","date_gmt":"2023-12-11T17:19:22","guid":{"rendered":"https:\/\/mulier.hr\/?post_type=product&#038;p=6740"},"modified":"2025-01-21T13:15:13","modified_gmt":"2025-01-21T12:15:13","slug":"test-anti-aging-bioenergetska-analiza-procesa-oksidacije-i-starenja-organizma-thema-08","status":"publish","type":"product","link":"https:\/\/mulier.hr\/en\/proizvod\/test-anti-aging-bioenergetska-analiza-procesa-oksidacije-i-starenja-organizma-thema-08\/","title":{"rendered":"Test anti-aging \u2013 bioenergetska analiza procesa oksidacije i starenja organizma (Thema 08)"},"content":{"rendered":"<p><strong>Daje potpuni pogled na proces stresa i starenja organizma.<\/strong><\/p>\n<p>Uklju\u010duje analizu procesa oksidacije, posebno polifenola, poznatih kao sna\u017enih antioksidansa, stanje ko\u017ee, kvantifikaciju vitamina i minerala funkcionalnih za oksidaciju, prisutnost geopatskih polja poreme\u0107aja.<\/p>\n<p><strong>Sadr\u017eaj rezultata:<\/strong><\/p>\n<p>Oksidiraju\u0107a sredstva<br \/>\nAntioksidativni suplementi<br \/>\nAntioksidativni procesi<br \/>\nVitamini i minerali<br \/>\nElementi toksi\u010dnosti<br \/>\nKo\u017ea i dermis<br \/>\nSavjeti za prehranu protiv starenja<br \/>\nWellness program<\/p>\n<p>&nbsp;<\/p>\n<p><strong>Upute:<\/strong><br \/>\nNakon \u0161to ovdje kupite test, dobit \u0107ete od nas na email detaljne upute kako uzeti mali uzorak Va\u0161e kose i na koju adresu poslati. Iz uzorka kose se radi test. U roku 7 dana od dana prispije\u0107a uzorka u laboratorij dobit \u0107ete rezultate na Va\u0161 email.<\/p>\n<p>Rezultati testa su dostupni na engleskom jeziku.<\/p>\n","protected":false},"excerpt":{"rendered":"<p>Daje potpuni pogled na proces stresa i starenja organizma. Uklju\u010duje analizu procesa oksidacije, posebno polifenola, poznatih kao sna\u017enih antioksidansa, stanje ko\u017ee, kvantifikaciju vitamina i minerala funkcionalnih za oksidaciju, prisutnost geopatskih<\/p>\n","protected":false},"featured_media":6743,"template":"","meta":{"inline_featured_image":false},"product_brand":[],"product_cat":[53],"product_tag":[],"class_list":{"0":"post-6740","1":"product","2":"type-product","3":"status-publish","4":"has-post-thumbnail","6":"product_cat-testovi","8":"first","9":"instock","10":"downloadable","11":"virtual","12":"purchasable","13":"product-type-simple"},"_links":{"self":[{"href":"https:\/\/mulier.hr\/en\/wp-json\/wp\/v2\/product\/6740","targetHints":{"allow":["GET"]}}],"collection":[{"href":"https:\/\/mulier.hr\/en\/wp-json\/wp\/v2\/product"}],"about":[{"href":"https:\/\/mulier.hr\/en\/wp-json\/wp\/v2\/types\/product"}],"wp:featuredmedia":[{"embeddable":true,"href":"https:\/\/mulier.hr\/en\/wp-json\/wp\/v2\/media\/6743"}],"wp:attachment":[{"href":"https:\/\/mulier.hr\/en\/wp-json\/wp\/v2\/media?parent=6740"}],"wp:term":[{"taxonomy":"product_brand","embeddable":true,"href":"https:\/\/mulier.hr\/en\/wp-json\/wp\/v2\/product_brand?post=6740"},{"taxonomy":"product_cat","embeddable":true,"href":"https:\/\/mulier.hr\/en\/wp-json\/wp\/v2\/product_cat?post=6740"},{"taxonomy":"product_tag","embeddable":true,"href":"https:\/\/mulier.hr\/en\/wp-json\/wp\/v2\/product_tag?post=6740"}],"curies":[{"name":"wp","href":"https:\/\/api.w.org\/{rel}","templated":true}]}}