{"id":6732,"date":"2023-12-11T18:01:35","date_gmt":"2023-12-11T17:01:35","guid":{"rendered":"https:\/\/mulier.hr\/?post_type=product&#038;p=6732"},"modified":"2025-01-21T13:15:30","modified_gmt":"2025-01-21T12:15:30","slug":"test-bioenergetske-analize-unutarnjih-organa-thema-05","status":"publish","type":"product","link":"https:\/\/mulier.hr\/en\/proizvod\/test-bioenergetske-analize-unutarnjih-organa-thema-05\/","title":{"rendered":"Test bioenergetske analize unutarnjih organa (Thema 05)"},"content":{"rendered":"<p><strong>Nedostatak znanja stvara neznanje, a ono stvara strah i bolest. Poznajete li doista bioenergiju svojih organa?<\/strong><\/p>\n<p>Postoje razli\u010dite vrste analiza koje vam daju uvid u stanje organa, neke strukturalne poput ultrazvuka, rendgenskih zraka, druge poput testova krvi itd., ali jedina bioenergetska analiza svih organa \u2013 s holografskom tehnikom \u2013 izra\u0111uje se samo u Daphne Lab s inovativnim testom Thema 05. Test bioenergetske prirode polazi od principa akupunkturnih meridijana i do detalja analiza sve organe, od kostiju, mi\u0161i\u0107a, ko\u017ee do jetre, crijeva, srca, bubrega, plu\u0107a itd.<\/p>\n<p>Bioenergija organa daje vam referentne vrijednosti za poznavanje trenutnog akutnog i kroni\u010dnog stanja i mogu\u0107ih budu\u0107ih bolesti, jasne interpretacije i odnose va\u0161eg sada\u0161njeg i budu\u0107eg zdravlja.<\/p>\n<p><strong>Sadr\u017eaj rezultata:<\/strong><\/p>\n<p>Bioenergetska procjena organa<br \/>\nIlustracije<br \/>\nMatrice<\/p>\n<p><strong>Upute:<\/strong><br \/>\nNakon \u0161to ovdje kupite test, dobit \u0107ete od nas na email detaljne upute kako uzeti mali uzorak Va\u0161e kose i na koju adresu poslati. Iz uzorka kose se radi test. U roku 7 dana od dana prispije\u0107a uzorka u laboratorij dobit \u0107ete rezultate na Va\u0161 email.<\/p>\n<p>Rezultati testa su dostupni na engleskom jeziku.<\/p>\n","protected":false},"excerpt":{"rendered":"<p>Nedostatak znanja stvara neznanje, a ono stvara strah i bolest. Poznajete li doista bioenergiju svojih organa? Postoje razli\u010dite vrste analiza koje vam daju uvid u stanje organa, neke strukturalne poput<\/p>\n","protected":false},"featured_media":6733,"template":"","meta":{"inline_featured_image":false},"product_brand":[],"product_cat":[53],"product_tag":[],"class_list":{"0":"post-6732","1":"product","2":"type-product","3":"status-publish","4":"has-post-thumbnail","6":"product_cat-testovi","8":"first","9":"instock","10":"downloadable","11":"virtual","12":"purchasable","13":"product-type-simple"},"_links":{"self":[{"href":"https:\/\/mulier.hr\/en\/wp-json\/wp\/v2\/product\/6732","targetHints":{"allow":["GET"]}}],"collection":[{"href":"https:\/\/mulier.hr\/en\/wp-json\/wp\/v2\/product"}],"about":[{"href":"https:\/\/mulier.hr\/en\/wp-json\/wp\/v2\/types\/product"}],"wp:featuredmedia":[{"embeddable":true,"href":"https:\/\/mulier.hr\/en\/wp-json\/wp\/v2\/media\/6733"}],"wp:attachment":[{"href":"https:\/\/mulier.hr\/en\/wp-json\/wp\/v2\/media?parent=6732"}],"wp:term":[{"taxonomy":"product_brand","embeddable":true,"href":"https:\/\/mulier.hr\/en\/wp-json\/wp\/v2\/product_brand?post=6732"},{"taxonomy":"product_cat","embeddable":true,"href":"https:\/\/mulier.hr\/en\/wp-json\/wp\/v2\/product_cat?post=6732"},{"taxonomy":"product_tag","embeddable":true,"href":"https:\/\/mulier.hr\/en\/wp-json\/wp\/v2\/product_tag?post=6732"}],"curies":[{"name":"wp","href":"https:\/\/api.w.org\/{rel}","templated":true}]}}