{"id":6723,"date":"2023-12-11T17:32:49","date_gmt":"2023-12-11T16:32:49","guid":{"rendered":"https:\/\/mulier.hr\/?post_type=product&#038;p=6723"},"modified":"2025-01-21T13:16:16","modified_gmt":"2025-01-21T12:16:16","slug":"test-intolerancije-na-hranu-kod-djece-thema-01","status":"publish","type":"product","link":"https:\/\/mulier.hr\/en\/proizvod\/test-intolerancije-na-hranu-kod-djece-thema-01\/","title":{"rendered":"Test Intolerancije na hranu kod djece (Thema 01)"},"content":{"rendered":"<p><strong>BioTest prilago\u0111en je prehrambenim potrebama djece od 0 do 12 godina!<\/strong> Daje informacije o specifi\u010dnim namirnicama, daje odgovaraju\u0107e prehrambene prijedloge i pojedina\u010dne va\u017ene namirnice za prehranu djece te savjete kako otkloniti eventualne poreme\u0107aje.<\/p>\n<p><strong>Sadr\u017eaj rezultata:<\/strong><\/p>\n<p>Za\u010dini<br \/>\nPi\u0107a<br \/>\nMeso<br \/>\n\u017ditarice<br \/>\nZasla\u0111iva\u010di<br \/>\nVo\u0107e<br \/>\nMlije\u010dni proizvodi<br \/>\nMahunarke<br \/>\nRiba<br \/>\nPovr\u0107e<br \/>\nBiolo\u0161ki indeksi<br \/>\nPretilost u djetinjstvu<br \/>\nGrafikoni rasta<br \/>\nWellness program<\/p>\n<p><strong>Upute:<\/strong><br \/>\nNakon \u0161to ovdje kupite test, dobit \u0107ete od nas na email detaljne upute kako uzeti mali uzorak Va\u0161e kose i na koju adresu poslati. Iz uzorka kose se radi test. U roku 7 dana od dana prispije\u0107a uzorka u laboratorij dobit \u0107ete rezultate na Va\u0161 email na 28 stranica.<\/p>\n<p>Rezultati testa su dostupni na engleskom jeziku.<\/p>\n","protected":false},"excerpt":{"rendered":"<p>BioTest prilago\u0111en je prehrambenim potrebama djece od 0 do 12 godina! Daje informacije o specifi\u010dnim namirnicama, daje odgovaraju\u0107e prehrambene prijedloge i pojedina\u010dne va\u017ene namirnice za prehranu djece te savjete kako<\/p>\n","protected":false},"featured_media":6724,"template":"","meta":{"inline_featured_image":false},"product_brand":[],"product_cat":[53],"product_tag":[],"class_list":{"0":"post-6723","1":"product","2":"type-product","3":"status-publish","4":"has-post-thumbnail","6":"product_cat-testovi","8":"first","9":"instock","10":"downloadable","11":"virtual","12":"purchasable","13":"product-type-simple"},"_links":{"self":[{"href":"https:\/\/mulier.hr\/en\/wp-json\/wp\/v2\/product\/6723","targetHints":{"allow":["GET"]}}],"collection":[{"href":"https:\/\/mulier.hr\/en\/wp-json\/wp\/v2\/product"}],"about":[{"href":"https:\/\/mulier.hr\/en\/wp-json\/wp\/v2\/types\/product"}],"wp:featuredmedia":[{"embeddable":true,"href":"https:\/\/mulier.hr\/en\/wp-json\/wp\/v2\/media\/6724"}],"wp:attachment":[{"href":"https:\/\/mulier.hr\/en\/wp-json\/wp\/v2\/media?parent=6723"}],"wp:term":[{"taxonomy":"product_brand","embeddable":true,"href":"https:\/\/mulier.hr\/en\/wp-json\/wp\/v2\/product_brand?post=6723"},{"taxonomy":"product_cat","embeddable":true,"href":"https:\/\/mulier.hr\/en\/wp-json\/wp\/v2\/product_cat?post=6723"},{"taxonomy":"product_tag","embeddable":true,"href":"https:\/\/mulier.hr\/en\/wp-json\/wp\/v2\/product_tag?post=6723"}],"curies":[{"name":"wp","href":"https:\/\/api.w.org\/{rel}","templated":true}]}}