{"id":6606,"date":"2023-10-24T19:50:13","date_gmt":"2023-10-24T17:50:13","guid":{"rendered":"https:\/\/mulier.hr\/?post_type=product&#038;p=6606"},"modified":"2025-07-11T09:43:34","modified_gmt":"2025-07-11T07:43:34","slug":"test-bioenergetske-analize-stitnjace","status":"publish","type":"product","link":"https:\/\/mulier.hr\/en\/proizvod\/test-bioenergetske-analize-stitnjace\/","title":{"rendered":"Test bioenergetske analize \u0161titnja\u010de (Thema 16)"},"content":{"rendered":"<p>Test s\u030ctitnjac\u030ce analizira klju\u010dne minerale i vitamine za zdravlje \u0161titnja\u010de, hormone \u0161titnja\u010de i hormone paratireoidne \u017elijezde, endogene metabolite (insulin, leptin, albumin&#8230;), prehrambene metabolite (kofein, glukoza, gluten, omega 3, tirozin&#8230;) te toksine (haloGeni, nitrati, arsen, BPA, \u017eiva&#8230;) koji mogu uzrokovati poremec\u0301aje.<\/p>\n<p>\u0160titnja\u010da je jedna od najve\u0107ih endokrinih \u017elijezda u na\u0161em metaboli\u010dko-hormonskom sustavu. Ova \u017elijezda u obliku leptira ima va\u017enu ulogu u metabolizmu, rastu i razvoju ljudskog tijela. Aktivan na\u010din \u017eivota i uravnote\u017eena prehrana mogu sprije\u010diti poreme\u0107aje rada \u0161titnja\u010de, osigurati zdrav organizam i pravilan rad hormonskog sustava.<\/p>\n<p><strong>BioMetaTest \u0161titnja\u010de osmi\u0161ljen je za analizu endogenih elemenata, egzogenih elemenata, dodataka prehrani, prehrambenih metabolita, hormona itd. koji mogu uzrokovati poreme\u0107aje ili koristiti hormonskom sustavu<\/strong> s biofunkcionalnog gledi\u0161ta. Detaljne informacije, savjeti o prehrani i interpretativne procjene dodane su testu kako bi se obogatile znanstvene informacije, temeljene na klini\u010dkoj literaturi.<\/p>\n<p><strong>Sadr\u017eaj rezultata:<\/strong><\/p>\n<p>Mineralne soli i vitamini<br \/>\nHormoni<br \/>\nEndogeni metaboliti<br \/>\nMetaboliti povezani s prehranom<br \/>\nKemikalije za okoli\u0161<br \/>\nSavjeti za zdravu \u0161titnja\u010du<\/p>\n<p><strong>Upute:<\/strong><br \/>\nNakon \u0161to ovdje kupite test, dobit \u0107ete od nas na email detaljne upute kako uzeti mali uzorak Va\u0161e kose i na koju adresu poslati. Iz uzorka kose se radi test. U roku 7 dana od dana prispije\u0107a uzorka u laboratorij dobit \u0107ete rezultate na Va\u0161 email.<\/p>\n<p>Rezultati testa su dostupni na engleskom jeziku.<\/p>\n","protected":false},"excerpt":{"rendered":"<p>Test s\u030ctitnjac\u030ce analizira klju\u010dne minerale i vitamine za zdravlje \u0161titnja\u010de, hormone \u0161titnja\u010de i hormone paratireoidne \u017elijezde, endogene metabolite (insulin, leptin, albumin&#8230;), prehrambene metabolite (kofein, glukoza, gluten, omega 3, tirozin&#8230;) te<\/p>\n","protected":false},"featured_media":6607,"template":"","meta":{"inline_featured_image":false},"product_brand":[],"product_cat":[53],"product_tag":[],"class_list":{"0":"post-6606","1":"product","2":"type-product","3":"status-publish","4":"has-post-thumbnail","6":"product_cat-testovi","8":"first","9":"instock","10":"downloadable","11":"virtual","12":"purchasable","13":"product-type-simple"},"_links":{"self":[{"href":"https:\/\/mulier.hr\/en\/wp-json\/wp\/v2\/product\/6606","targetHints":{"allow":["GET"]}}],"collection":[{"href":"https:\/\/mulier.hr\/en\/wp-json\/wp\/v2\/product"}],"about":[{"href":"https:\/\/mulier.hr\/en\/wp-json\/wp\/v2\/types\/product"}],"wp:featuredmedia":[{"embeddable":true,"href":"https:\/\/mulier.hr\/en\/wp-json\/wp\/v2\/media\/6607"}],"wp:attachment":[{"href":"https:\/\/mulier.hr\/en\/wp-json\/wp\/v2\/media?parent=6606"}],"wp:term":[{"taxonomy":"product_brand","embeddable":true,"href":"https:\/\/mulier.hr\/en\/wp-json\/wp\/v2\/product_brand?post=6606"},{"taxonomy":"product_cat","embeddable":true,"href":"https:\/\/mulier.hr\/en\/wp-json\/wp\/v2\/product_cat?post=6606"},{"taxonomy":"product_tag","embeddable":true,"href":"https:\/\/mulier.hr\/en\/wp-json\/wp\/v2\/product_tag?post=6606"}],"curies":[{"name":"wp","href":"https:\/\/api.w.org\/{rel}","templated":true}]}}