{"id":6602,"date":"2023-10-24T19:15:15","date_gmt":"2023-10-24T17:15:15","guid":{"rendered":"https:\/\/mulier.hr\/?post_type=product&#038;p=6602"},"modified":"2025-07-11T09:41:01","modified_gmt":"2025-07-11T07:41:01","slug":"test-bioenergetske-analize-imunoloskog-sustava-thema-14","status":"publish","type":"product","link":"https:\/\/mulier.hr\/en\/proizvod\/test-bioenergetske-analize-imunoloskog-sustava-thema-14\/","title":{"rendered":"Test bioenergetske analize imunolo\u0161kog sustava (Thema 14)"},"content":{"rendered":"<p>BioMetaTest imunolo\u0161kog sustava prou\u010davali su stru\u010dnjaci kako bi analizirali glavne aspekte specifi\u010dnog i nespecifi\u010dnog imuniteta subjekta, s tablicom posve\u0107enom funkcionalnoj analizi specifi\u010dnih imunoglobulina, izra\u017eenih u postocima.<\/p>\n<p><strong>Test provjerava neke od glavnih kriti\u010dnosti na\u0161eg imunolo\u0161kog sustava, koje se zatim mogu ispraviti ili integrirati unosom niza vitamina i minerala, uz to analizira bakterijske sojeve crijevne flore specijalizirane za regulaciju imunolo\u0161kog sustava.<\/strong><\/p>\n<p>Uz to, test uklju\u010duje tablicu najkompatibilnijih fitoaktivnih tvari koje mogu pomo\u0107i imunolo\u0161kom sustavu da ostane aktivan. BioMetaTest imunolo\u0161kog sustava izvje\u0161tava o indeksu subjektivnog imuniteta i nudi procjenu i smjernice za pravilnu prehranu usmjerenu na rebalans imunolo\u0161kog sustava.<\/p>\n<p>Test je koristan da saznate stanje svog imunolo\u0161kog sustava kako biste se bolje obranili od virusa, bakterija i svih imunolo\u0161kih neda\u0107a s kojima se ina\u010de suo\u010davamo tijekom \u017eivota.<\/p>\n<p><strong>Sadr\u017eaj rezultata:<\/strong><\/p>\n<p>Nespecifi\u010dna i specifi\u010dna imunost<br \/>\nAntitijela<br \/>\nVitamini i minerali<br \/>\nBakterijska flora<br \/>\nFitoaktivni panel<br \/>\nSavjeti za dijetu<br \/>\nSavjeti za zdrav na\u010din \u017eivota<br \/>\nGeneri\u010dka shema prehrane<\/p>\n<p>Test provjerava glavne kriti\u010dne to\u010dke nas\u030ceg imunolos\u030ckog sustava &#8211; nespecifi\u010dni imunitet i funkcije bazofila, citokina, limfocita, monocita, makrofaga&#8230; te funkcije antitijela IgG, IgA, IgM, IgE. Uz to analizira manjak ili vi\u0161ak vitamina i minerala. Daje analizu bakterijskih sojeva crijevne flore specijalizirane za regulaciju imunolos\u030ckog sustava, i na kraju, listu fitoaktivnih supstanci koje su u individualnom slu\u010daju terapijske ili \u0161tetne i listu pripravaka iz gljiva s informacijama koji su terapijski, a koji \u0161tetni.<\/p>\n<p><strong>Upute:<\/strong><br \/>\nNakon \u0161to ovdje kupite test, dobit \u0107ete od nas na email detaljne upute kako uzeti mali uzorak Va\u0161e kose i na koju adresu poslati. Iz uzorka kose se radi test. U roku 7 dana od dana prispije\u0107a uzorka u laboratorij dobit \u0107ete rezultate na Va\u0161 email.<\/p>\n<p>Rezultati testa su dostupni na engleskom jeziku.<\/p>\n","protected":false},"excerpt":{"rendered":"<p>BioMetaTest imunolo\u0161kog sustava prou\u010davali su stru\u010dnjaci kako bi analizirali glavne aspekte specifi\u010dnog i nespecifi\u010dnog imuniteta subjekta, s tablicom posve\u0107enom funkcionalnoj analizi specifi\u010dnih imunoglobulina, izra\u017eenih u postocima. Test provjerava neke od<\/p>\n","protected":false},"featured_media":6603,"template":"","meta":{"inline_featured_image":false},"product_brand":[],"product_cat":[53],"product_tag":[],"class_list":{"0":"post-6602","1":"product","2":"type-product","3":"status-publish","4":"has-post-thumbnail","6":"product_cat-testovi","8":"first","9":"instock","10":"downloadable","11":"virtual","12":"purchasable","13":"product-type-simple"},"_links":{"self":[{"href":"https:\/\/mulier.hr\/en\/wp-json\/wp\/v2\/product\/6602","targetHints":{"allow":["GET"]}}],"collection":[{"href":"https:\/\/mulier.hr\/en\/wp-json\/wp\/v2\/product"}],"about":[{"href":"https:\/\/mulier.hr\/en\/wp-json\/wp\/v2\/types\/product"}],"wp:featuredmedia":[{"embeddable":true,"href":"https:\/\/mulier.hr\/en\/wp-json\/wp\/v2\/media\/6603"}],"wp:attachment":[{"href":"https:\/\/mulier.hr\/en\/wp-json\/wp\/v2\/media?parent=6602"}],"wp:term":[{"taxonomy":"product_brand","embeddable":true,"href":"https:\/\/mulier.hr\/en\/wp-json\/wp\/v2\/product_brand?post=6602"},{"taxonomy":"product_cat","embeddable":true,"href":"https:\/\/mulier.hr\/en\/wp-json\/wp\/v2\/product_cat?post=6602"},{"taxonomy":"product_tag","embeddable":true,"href":"https:\/\/mulier.hr\/en\/wp-json\/wp\/v2\/product_tag?post=6602"}],"curies":[{"name":"wp","href":"https:\/\/api.w.org\/{rel}","templated":true}]}}