{"id":6579,"date":"2023-09-28T13:16:12","date_gmt":"2023-09-28T11:16:12","guid":{"rendered":"https:\/\/mulier.hr\/?post_type=product&#038;p=6579"},"modified":"2025-07-11T09:38:06","modified_gmt":"2025-07-11T07:38:06","slug":"test-analize-mineralograma-i-toksicnih-metala-thema-02","status":"publish","type":"product","link":"https:\/\/mulier.hr\/en\/proizvod\/test-analize-mineralograma-i-toksicnih-metala-thema-02\/","title":{"rendered":"Test analize mineralograma i toksi\u010dnih metala (Thema 02)"},"content":{"rendered":"<p><strong>Pogodan je za provjeru va\u0161eg trenutnog zdravstvenog stanja i potencijala za razvoj budu\u0107ih\u00a0bolesti.<\/strong><\/p>\n<p>Analizira se niz toksi\u010dnih metala (antimon, uran, arsen, berilij, \u017eiva, kadmij, olovo, aluminij, nikal, rubidij, srebro, vanadij, torij, litij, kositar, stroncij, fluor, titan, silicij, talij, germanij, platina, cezij, klor). Konkretnim savjetima, protokolima i ispravnim tuma\u010denjem mineralograma mo\u017eete pro\u010distiti tijelo od toksi\u010dnih metala i vratiti tijelu dobrobit. Putem mineralograma mo\u017eete se kretati prema zdravstvenom balasu na temelju \u201cnedostataka\u201d nekih minerala i \u201cvi\u0161kova\u201d toksi\u010dnih metala.<\/p>\n<p>Na\u0161a organska struktura sastoji se od 80% vode i 19% minerala. Oni igraju va\u017enu ulogu u pravilnom funkcioniranju ljudskog metabolizma, kontroliraju brojne fizikalno-kemijske reakcije, favoriziraju druge, pokre\u0107u imunolo\u0161ki sustav u slu\u010dajevima napada zara\u017eenih stanica ili stanica raka te reguliraju procese hormonskog sustava.<\/p>\n<p>Analizom funkcionalnih tablica minerala i njihovih <strong>omjera<\/strong> tako\u0111er \u0107e se mo\u0107i produbiti analiza op\u0107eg hormonskog funkcioniranja na stres i specifi\u010dnih odgovora organizma.<\/p>\n<p><strong>Sadr\u017eaj rezultata:<\/strong><\/p>\n<p>Mineralogram<br \/>\nLjudski minerali<br \/>\nNutritivni raspon<br \/>\nOmjer minerala<br \/>\nBalansiranje minerala<br \/>\nElementi i otrovni metali<br \/>\nMetaboli\u010dki zaga\u0111iva\u010di<br \/>\nOligo dijateza<br \/>\nGeneri\u010dke prehrambene smjernice<br \/>\nDijeta za detoksikaciju i rebalans<\/p>\n<p><strong>Upute:<\/strong><br \/>\nNakon \u0161to ovdje kupite test, dobit \u0107ete od nas na email detaljne upute kako uzeti mali uzorak Va\u0161e kose i na koju adresu poslati. Iz uzorka kose se radi test. U roku 7 dana od dana prispije\u0107a uzorka u laboratorij dobit \u0107ete rezultate na Va\u0161 email.<\/p>\n<p>Rezultati testa su dostupni na hrvatskom i engleskom jeziku.<\/p>\n","protected":false},"excerpt":{"rendered":"<p>Pogodan je za provjeru va\u0161eg trenutnog zdravstvenog stanja i potencijala za razvoj budu\u0107ih\u00a0bolesti. Analizira se niz toksi\u010dnih metala (antimon, uran, arsen, berilij, \u017eiva, kadmij, olovo, aluminij, nikal, rubidij, srebro, vanadij,<\/p>\n","protected":false},"featured_media":6580,"template":"","meta":{"inline_featured_image":false},"product_brand":[],"product_cat":[53],"product_tag":[],"class_list":{"0":"post-6579","1":"product","2":"type-product","3":"status-publish","4":"has-post-thumbnail","6":"product_cat-testovi","8":"first","9":"instock","10":"downloadable","11":"virtual","12":"purchasable","13":"product-type-simple"},"_links":{"self":[{"href":"https:\/\/mulier.hr\/en\/wp-json\/wp\/v2\/product\/6579","targetHints":{"allow":["GET"]}}],"collection":[{"href":"https:\/\/mulier.hr\/en\/wp-json\/wp\/v2\/product"}],"about":[{"href":"https:\/\/mulier.hr\/en\/wp-json\/wp\/v2\/types\/product"}],"wp:featuredmedia":[{"embeddable":true,"href":"https:\/\/mulier.hr\/en\/wp-json\/wp\/v2\/media\/6580"}],"wp:attachment":[{"href":"https:\/\/mulier.hr\/en\/wp-json\/wp\/v2\/media?parent=6579"}],"wp:term":[{"taxonomy":"product_brand","embeddable":true,"href":"https:\/\/mulier.hr\/en\/wp-json\/wp\/v2\/product_brand?post=6579"},{"taxonomy":"product_cat","embeddable":true,"href":"https:\/\/mulier.hr\/en\/wp-json\/wp\/v2\/product_cat?post=6579"},{"taxonomy":"product_tag","embeddable":true,"href":"https:\/\/mulier.hr\/en\/wp-json\/wp\/v2\/product_tag?post=6579"}],"curies":[{"name":"wp","href":"https:\/\/api.w.org\/{rel}","templated":true}]}}