{"id":6560,"date":"2023-09-28T11:04:13","date_gmt":"2023-09-28T09:04:13","guid":{"rendered":"https:\/\/mulier.hr\/?post_type=product&#038;p=6560"},"modified":"2025-01-21T13:16:55","modified_gmt":"2025-01-21T12:16:55","slug":"test-za-bioenergetsku-analizu-crijevne-disbioze-thema-06","status":"publish","type":"product","link":"https:\/\/mulier.hr\/en\/proizvod\/test-za-bioenergetsku-analizu-crijevne-disbioze-thema-06\/","title":{"rendered":"Test bioenergetske analize crijevne disbioze (Thema 06)"},"content":{"rendered":"<p><strong>60% bolesti ovisi o pravilnoj ravnote\u017ei crijevne bakterijske flore i crijevnom imunitetu.<\/strong><\/p>\n<p>U na\u0161im tijelima je 400 razli\u010ditih obitelji bakterija (oko 2 kg).<br \/>\nDisbioza nastaje kada nestaju dobre bakterije, kada prekomjerno rastu lo\u0161e bakterije te kada se gubi raznolikost vrsta.<\/p>\n<p>Disbioza dovodi do mnogih kroni\u010dnih bolesti i simptoma zbog smanjene funkcije imunolo\u0161kog sustava, lo\u0161e apsorpcije hranjivih tvari i nakupljanja toksina.<\/p>\n<p>Disbioza pove\u0107ava sklonost razvoju slijede\u0107ih simptoma:<br \/>\n&#8211; nadutost, vjetrovi, bolovi u trbuhu, zatvor, proljevi<br \/>\n&#8211; podrigivanje, gastritis, zadah<br \/>\n&#8211; intolerancije na hranu<br \/>\n&#8211; debljanje, prekomjerna tjelesna te\u017eina, pretilost<br \/>\n&#8211; sinusitis<br \/>\n&#8211; prerano starenje<br \/>\n&#8211; dijabetesa, astma, kardiovaskularne bolesti<br \/>\n&#8211; autoimuni poreme\u0107aji<br \/>\n&#8211; poreme\u0107aj mokrenja, kroni\u010dne upale mokra\u0107nog sustava<br \/>\n&#8211; smanjeni imunitet, sklonost infekcijama<br \/>\n&#8211; ko\u017ene bolesti<br \/>\n&#8211; jetrene bolesti, masna jetra, porast jetrenih enzima<br \/>\n&#8211; promjene raspolo\u017eenja, lo\u0161e raspolo\u017eenje, smanjena umna koncentracija<br \/>\n&#8211; demencija, Parkinson, Alzheimer<br \/>\n&#8211; fizi\u010dki umor, bolovi u mi\u0161i\u0107ima, artritis<br \/>\n&#8211; psihi\u010dki umor i anksioznosti<br \/>\n&#8211; glavobolja<br \/>\n&#8211; kolitis<br \/>\n&#8211; upale i infekcije (npr. Candida)<br \/>\n&#8211; hormonske tegobe (npr. PCOS)<br \/>\n&#8211; sve do mogu\u0107ih karcinoma.<\/p>\n<p>Na\u0161 probavni sustav igra klju\u010dnu ulogu u zdravlju i pravilnom na\u010dinu \u017eivota. Kada se ta ravnote\u017ea promijeni, pokre\u0107u se patolo\u0161ke lan\u010dane reakcije.<\/p>\n<p><b>BioMetaTest crijevne disbioze prikazuje:<\/b><br \/>\n&#8211; lokaciju probavnog disbalansa (\u017elijezde slinovnice, \u017eeludac, jetra, \u017eu\u010d, \u017eu\u010dni mjehur, egzokrina gu\u0161tera\u010da, slezena, dvanaesnik, tanko crijevo, peyerove plo\u010de, limfa debelog crijeva&#8230;)<br \/>\n&#8211; prsutnost probavnih toksina i iz \u010dega nastaju (histamin, indol, putrescin, skatol, octena kiselina, ugljicni dioksid, amonijak, fenol, oksalna kiselina&#8230;)<br \/>\n&#8211; negativni u\u010dinak patolo\u0161kih bakterija (E.coli, Helicobacter pylori, candida albicans, clostridium difficile, staphylococcus aureus, proteus, streptococcus, salmonella, shigella, clostridium perfrigens&#8230;)<br \/>\n&#8211; pozitivan u\u010dinak dobrih bakterija po \u010demu se mo\u017ee odrediti najoptimalniji terapijski probiotik (lact. casei, lact. rhamnosus, bifidobacterium bifidum, lactobacillus boullardi, lactobacillus reuteri, lactobacillus bulgaricus, lactobacillus acidophilus, lac. gasseri&#8230;)<br \/>\n&#8211; probavne enzime (amilaza, pepsin, tripsin, lipaza, laktaza, leptin, celulaza&#8230;)<br \/>\n&#8211; imunolo\u0161ki probavni sustav &#8211; antitijela, hormoni i neurotransmiteri (acetilkolin, gastrin, vagus, IgA, IgG, noradrenalin, serotonin, dopamin&#8230;)<br \/>\n&#8211; biofizi\u010dki indeksi (inverzija pH vrijednosti, truljenje, fermentacija, gljivice)<br \/>\n&#8211; predispozicija za intestinalnu kriti\u010dnost (kataralno debelo crijevo, fibrinalno debelo crijevo (polipi), zagnojeno debelo crijevo, gangrenozno debelo crijevo, neokolon (karcinom), infektivni limfni \u010dvorovi, imunolo\u0161ki limfni \u010dvorovi, neoplasti\u010dni limfni \u010dvorovi, defekt limfnih \u010dvorova&#8230;).<br \/>\n&#8211; sinteti\u010dki funkcionalni indeksi organa, amina, patogenih bakterija, korisnih bakterija, enzima, imunolo\u0161kog sustava, intestinalne kriti\u010dnosti.<\/p>\n<p><strong>Sadr\u017eaj rezultata:<\/strong><\/p>\n<p>Probavni sustav<br \/>\nProbavni toksini<br \/>\nCrijevna flora<br \/>\nProbavni enzimi<br \/>\nProbavni imunolo\u0161ki sustav<br \/>\nGastrointestinalni indeksi<br \/>\nSklonost poreme\u0107ajima<\/p>\n<p><strong>Upute:<br \/>\n<\/strong>Ovaj test se radi iz uzorka kose.<br \/>\nNakon \u0161to ovdje kupite test, dobit \u0107ete od nas na email detaljne upute kako uzeti mali uzorak Va\u0161e kose i na koju adresu poslati.<br \/>\nU roku 7 dana od dana prispije\u0107a uzorka u laboratorij dobit \u0107ete rezultate na Va\u0161 email.<\/p>\n<p>Rezultati testa su dostupni na hrvatskom i engleskom jeziku.<\/p>\n","protected":false},"excerpt":{"rendered":"<p>60% bolesti ovisi o pravilnoj ravnote\u017ei crijevne bakterijske flore i crijevnom imunitetu. U na\u0161im tijelima je 400 razli\u010ditih obitelji bakterija (oko 2 kg). Disbioza nastaje kada nestaju dobre bakterije, kada<\/p>\n","protected":false},"featured_media":6569,"template":"","meta":{"inline_featured_image":false},"product_brand":[],"product_cat":[53],"product_tag":[],"class_list":{"0":"post-6560","1":"product","2":"type-product","3":"status-publish","4":"has-post-thumbnail","6":"product_cat-testovi","8":"first","9":"instock","10":"downloadable","11":"virtual","12":"purchasable","13":"product-type-simple"},"_links":{"self":[{"href":"https:\/\/mulier.hr\/en\/wp-json\/wp\/v2\/product\/6560","targetHints":{"allow":["GET"]}}],"collection":[{"href":"https:\/\/mulier.hr\/en\/wp-json\/wp\/v2\/product"}],"about":[{"href":"https:\/\/mulier.hr\/en\/wp-json\/wp\/v2\/types\/product"}],"wp:featuredmedia":[{"embeddable":true,"href":"https:\/\/mulier.hr\/en\/wp-json\/wp\/v2\/media\/6569"}],"wp:attachment":[{"href":"https:\/\/mulier.hr\/en\/wp-json\/wp\/v2\/media?parent=6560"}],"wp:term":[{"taxonomy":"product_brand","embeddable":true,"href":"https:\/\/mulier.hr\/en\/wp-json\/wp\/v2\/product_brand?post=6560"},{"taxonomy":"product_cat","embeddable":true,"href":"https:\/\/mulier.hr\/en\/wp-json\/wp\/v2\/product_cat?post=6560"},{"taxonomy":"product_tag","embeddable":true,"href":"https:\/\/mulier.hr\/en\/wp-json\/wp\/v2\/product_tag?post=6560"}],"curies":[{"name":"wp","href":"https:\/\/api.w.org\/{rel}","templated":true}]}}