{"id":6519,"date":"2023-12-11T19:18:21","date_gmt":"2023-12-11T18:18:21","guid":{"rendered":"https:\/\/mulier.hr\/?post_type=product&#038;p=6519"},"modified":"2025-01-21T13:17:36","modified_gmt":"2025-01-21T12:17:36","slug":"test-intolerancije-na-hranu","status":"publish","type":"product","link":"https:\/\/mulier.hr\/en\/proizvod\/test-intolerancije-na-hranu\/","title":{"rendered":"Test Intolerancije na hranu (Thema 01)"},"content":{"rendered":"<p><strong>Na koje namirnice ste intolerantni? Koja hrana vas deblja? Od koje hrane se razbolijevate? Je li va\u0161a prehrana u\u010dinkovita?<\/strong><\/p>\n<p>BioMetaTest s patentiranim sustavom omogu\u0107uje bioanalizu 600 namirnica u skladu s me\u0111unarodnim standardima ISO 9001.<\/p>\n<p>Ovaj test:<\/p>\n<ul>\n<li>analizira razine (in)tolerancije Va\u0161eg organizma na 600 namirnica (meso, riba, povr\u0107e, vo\u0107e, mlije\u010dni proizvodi, leguminoze, grahorice, zasla\u0111iva\u010di, dresinzi, za\u010dini, pi\u0107a, stimulativna hrana (cikorija, kava, \u010dokolada, amaro, ginseng\u2026.), gljivice (kvasci za kruh), specijalna hrana (bu\u0107ine sjemenke, mlijeko od zobi\u2026..)<\/li>\n<li>prikazuje poreme\u0107aje pri uzimanju vlakana, kisele hrane, alkalne hrane, hrane s visokim glikemijskim indeksom<\/li>\n<li>daje optimalni ritam i u\u010destalost uzimanja hrane<\/li>\n<li>pokazuje biolo\u0161ke indekse (disbiozu, oksidaciju\u2026)<\/li>\n<li>daje savjet za optimalnu tjelovje\u017ebu<\/li>\n<li>daje personaliziranu prehranu uz analizu vrijednosti korisnih va\u0161em lije\u010dniku uz procjenu tuma\u010denja.<\/li>\n<\/ul>\n<p>Zbog intolerancije na hranu mo\u017eete imati niz akutnih i kroni\u010dnih bolesti poput:<br \/>\ndebljine, glavobolje, gastritisa, zatvora, crijevne disbioze, hormonskih problema (\u0161titnja\u010da, jajnici\u2026), kroni\u010dnog umora, bolova u mi\u0161i\u0107ima i zglobovima, problema s tlakom, ko\u017enih problema, probavnih problema (nadutost, bolovi, zatvor\u2026)\u2026<\/p>\n<p><strong>Test intolerancije na hranu osnova je za po\u010detak lije\u010denja bilo koje kroni\u010dne bolesti.<\/strong><\/p>\n<p>Dr. Meri Bura savjetuje svima iznad 40-te godine \u017eivota da naprave zajedno s ovim testom i test crijevne disbioze koji daje podatke o upalama u tijelu, prisutnim toksinima, nedostacima aminokiselina, o bakterijskoj flori (dobre i lo\u0161e bakterije), enzimima, imunitetu, razinama fermentacije i truljenja, te sklonost bolestima zbog doti\u010dnog disbalansa.<\/p>\n<p><strong>Velik broj korisnika koji su uz test slijedili program i preporuke do\u017eivjeli su brojne koristi, uklju\u010duju\u0107i:<\/strong><br \/>\nmr\u0161avljenje, osje\u0107aj opu\u0161tenosti, pronalazak nove vitalnosti, smanjenje i nestanak nadutosti trbuha, pobolj\u0161anje probave, rje\u0161enje zatvora, osje\u0107aj lako\u0107e, bistrije misli, bolju koncentraciju, nestanak glavobolja, ljep\u0161u i zdraviju ko\u017eu, ljep\u0161u i zdraviju kosu\u2026<\/p>\n<p><strong>Sadr\u017eaj rezultata:<\/strong><\/p>\n<p>Za\u010dini<br \/>\npi\u0107a<br \/>\nMeso<br \/>\n\u017ditarice<br \/>\nZasla\u0111iva\u010di<br \/>\nVo\u0107e<br \/>\nMlije\u010dni proizvodi<br \/>\nMahunarke<br \/>\nRiba<br \/>\nPovr\u0107e<br \/>\nBiolo\u0161ki indeksi<br \/>\nVje\u017ebe u teretani<br \/>\nWellness program<\/p>\n<p><strong>Upute:<\/strong><br \/>\nNakon \u0161to ovdje kupite test, dobit \u0107ete od nas na email detaljne upute kako uzeti mali uzorak Va\u0161e kose i na koju adresu poslati. Iz uzorka kose se radi test. U roku 7 dana od dana prispije\u0107a uzorka u laboratorij dobit \u0107ete rezultate na Va\u0161 email.<\/p>\n<p>Rezultati testa su dostupni na hrvatskom i engleskom jeziku.<\/p>\n<p>&nbsp;<\/p>\n<p>&nbsp;<\/p>\n","protected":false},"excerpt":{"rendered":"<p>Na koje namirnice ste intolerantni? Koja hrana vas deblja? Od koje hrane se razbolijevate? Je li va\u0161a prehrana u\u010dinkovita? BioMetaTest s patentiranim sustavom omogu\u0107uje bioanalizu 600 namirnica u skladu s<\/p>\n","protected":false},"featured_media":6557,"template":"","meta":{"inline_featured_image":false},"product_brand":[],"product_cat":[53],"product_tag":[],"class_list":{"0":"post-6519","1":"product","2":"type-product","3":"status-publish","4":"has-post-thumbnail","6":"product_cat-testovi","8":"first","9":"instock","10":"downloadable","11":"virtual","12":"purchasable","13":"product-type-simple"},"_links":{"self":[{"href":"https:\/\/mulier.hr\/en\/wp-json\/wp\/v2\/product\/6519","targetHints":{"allow":["GET"]}}],"collection":[{"href":"https:\/\/mulier.hr\/en\/wp-json\/wp\/v2\/product"}],"about":[{"href":"https:\/\/mulier.hr\/en\/wp-json\/wp\/v2\/types\/product"}],"wp:featuredmedia":[{"embeddable":true,"href":"https:\/\/mulier.hr\/en\/wp-json\/wp\/v2\/media\/6557"}],"wp:attachment":[{"href":"https:\/\/mulier.hr\/en\/wp-json\/wp\/v2\/media?parent=6519"}],"wp:term":[{"taxonomy":"product_brand","embeddable":true,"href":"https:\/\/mulier.hr\/en\/wp-json\/wp\/v2\/product_brand?post=6519"},{"taxonomy":"product_cat","embeddable":true,"href":"https:\/\/mulier.hr\/en\/wp-json\/wp\/v2\/product_cat?post=6519"},{"taxonomy":"product_tag","embeddable":true,"href":"https:\/\/mulier.hr\/en\/wp-json\/wp\/v2\/product_tag?post=6519"}],"curies":[{"name":"wp","href":"https:\/\/api.w.org\/{rel}","templated":true}]}}