{"id":6401,"date":"2022-11-22T09:51:07","date_gmt":"2022-11-22T08:51:07","guid":{"rendered":"https:\/\/mulier.hr\/?post_type=product&#038;p=6401"},"modified":"2026-03-11T11:31:28","modified_gmt":"2026-03-11T10:31:28","slug":"balanceoil-vegan","status":"publish","type":"product","link":"https:\/\/mulier.hr\/en\/proizvod\/balanceoil-vegan\/","title":{"rendered":"BalanceOil+ Vegan"},"content":{"rendered":"<h3><span style=\"color: #25bfd1;\">ZA NARUD\u017dBU PO\u0160ALJITE EMAIL<\/span><\/h3>\n<p>Sinergisti\u010dka mje\u0161avina ulja morskih mikroalgi s visokim udjelom EPA, DHA i DPA, ekstra djevi\u010danskog maslinovog ulja s visokim udjelom OA i polifenola, ulja sjemenki Ahiflower\u00ae s visokim udjelom SDA, ALA i GLA te veganskog vitamina D3. BalanceOil+ Vegan poma\u017ee u za\u0161titi stanica od oksidacije i prilago\u0111ava va\u0161 omjer Omega-6:3, podr\u017eavaju\u0107i normalnu funkciju mozga, srca i imunolo\u0161kog\u00a0sustava.<\/p>\n<p>Sadr\u017eaj: 300 ml<\/p>\n<p>Mogu\u0107nost narud\u017ebe po komadu ili povoljnije opcije u paketima.<\/p>\n<p>Dodatak prehrani<\/p>\n<p>&nbsp;<\/p>\n<h5>Nutritivna vrijednost<\/h5>\n<table class=\"nutrition-table\">\n<tbody>\n<tr>\n<th>Hranjiva vrijednost i sadr\u017eaj u:<\/th>\n<th>12 ml<\/th>\n<\/tr>\n<tr>\n<td>Ukupno Omega-3<\/td>\n<td>3047 mg<\/td>\n<\/tr>\n<tr>\n<td>Ulje algi<\/td>\n<td>3282 mg<\/td>\n<\/tr>\n<tr>\n<td>\u00a0 \u00a0od toga je EPA<\/td>\n<td>772 mg<\/td>\n<\/tr>\n<tr>\n<td>\u00a0 od toga je DHA<\/td>\n<td>1123 mg<\/td>\n<\/tr>\n<tr>\n<td>\u00a0 od toga je DPA<\/td>\n<td>180 mg<\/td>\n<\/tr>\n<tr>\n<td>Echium ulje<\/td>\n<td>1518 mg<\/td>\n<\/tr>\n<tr>\n<td>\u00a0 od \u010dega SDA<\/td>\n<td>288 mg<\/td>\n<\/tr>\n<tr>\n<td>\u00a0 od \u010dega ALA<\/td>\n<td>683 mg<\/td>\n<\/tr>\n<tr>\n<td>\u00a0 od \u010dega GLA<\/td>\n<td>95 mg<\/td>\n<\/tr>\n<tr>\n<td>Maslinovo ulje<\/td>\n<td>6251 mg<\/td>\n<\/tr>\n<tr>\n<td>\u00a0 od \u010dega Omega-9<\/td>\n<td>5142 mg<\/td>\n<\/tr>\n<tr>\n<td>\u00a0 od \u010dega polifenoli<\/td>\n<td>5.3 mg<\/td>\n<\/tr>\n<tr>\n<td>Vitamin\u00a0D<sub>3<\/sub>\u00a0(400% of RV*)<\/td>\n<td>20 ug<\/td>\n<\/tr>\n<tr>\n<td><em>* RV = referentna vrijednost<\/em><\/td>\n<\/tr>\n<\/tbody>\n<\/table>\n<p>&nbsp;<\/p>\n<p><strong>Sastojci:<\/strong><\/p>\n<p>Prirodno (okus): Hladno pre\u0161ano maslinovo ulje, ulje algi iz mikroalgi Schizochytrium sp., rafinirano Ahiflower\u00ae ulje, antioksidansi (ekstrakt bogat tokoferolom), vitamin D3 (kolekalciferol dobiven iz biljnog ekstrakta)<\/p>\n<p>Limun (okus): Hladno pre\u0161ano maslinovo ulje, ulje algi iz mikroalgi Schizochytrium sp., rafinirano Ahiflower\u00ae ulje, aroma (prirodna aroma limuna), antioksidansi (ekstrakt bogat tokoferolom), vitamin D3 (kolekalciferol dobiven iz biljnog ekstrakta)<\/p>\n<p><strong>Preporu\u010dena upotreba:<\/strong> 0,15 ml x kg tjelesne te\u017eine. Prilagodite veli\u010dinu porcije prema tjelesnoj te\u017eini. Odrasli tjelesne te\u017eine 50 kg: 7,5 ml dnevno. Odrasli tjelesne te\u017eine 80 kg: 12 ml dnevno. Nemojte prekora\u010diti preporu\u010denu dnevnu dozu. Dodaci prehrani nisu zamjena za uravnote\u017eenu i raznoliku prehranu.<\/p>\n<p><strong>Oprez:<\/strong> Prije uzimanja proizvoda potrebno je posavjetovati se s lije\u010dnikom ako uzimate lijekove za razrje\u0111ivanje krvi.<\/p>\n<p><strong>Na\u010din \u010duvanja:<\/strong> Neotvorene boce \u010duvati na tamnom suhom mjestu pri sobnoj temperaturi. Otvorene boce \u010duvati u hladnjaku i potro\u0161iti unutar 45 dana. Ulje mo\u017ee postati mutno na temperaturama ni\u017eim od 4 \u00b0C zbog skru\u0107ivanja maslinovog ulja. Ulje \u0107e se razbistriti na sobnoj temperaturi. \u010cuvati izvan dohvata djece.<\/p>\n","protected":false},"excerpt":{"rendered":"<p>ZA NARUD\u017dBU PO\u0160ALJITE EMAIL Sinergisti\u010dka mje\u0161avina ulja morskih mikroalgi s visokim udjelom EPA, DHA i DPA, ekstra djevi\u010danskog maslinovog ulja s visokim udjelom OA i polifenola, ulja sjemenki Ahiflower\u00ae s<\/p>\n","protected":false},"featured_media":6402,"template":"","meta":{"inline_featured_image":false},"product_brand":[],"product_cat":[74],"product_tag":[],"class_list":{"0":"post-6401","1":"product","2":"type-product","3":"status-publish","4":"has-post-thumbnail","6":"product_cat-proizvodi","8":"first","9":"outofstock","10":"shipping-taxable","11":"product-type-simple"},"_links":{"self":[{"href":"https:\/\/mulier.hr\/en\/wp-json\/wp\/v2\/product\/6401","targetHints":{"allow":["GET"]}}],"collection":[{"href":"https:\/\/mulier.hr\/en\/wp-json\/wp\/v2\/product"}],"about":[{"href":"https:\/\/mulier.hr\/en\/wp-json\/wp\/v2\/types\/product"}],"wp:featuredmedia":[{"embeddable":true,"href":"https:\/\/mulier.hr\/en\/wp-json\/wp\/v2\/media\/6402"}],"wp:attachment":[{"href":"https:\/\/mulier.hr\/en\/wp-json\/wp\/v2\/media?parent=6401"}],"wp:term":[{"taxonomy":"product_brand","embeddable":true,"href":"https:\/\/mulier.hr\/en\/wp-json\/wp\/v2\/product_brand?post=6401"},{"taxonomy":"product_cat","embeddable":true,"href":"https:\/\/mulier.hr\/en\/wp-json\/wp\/v2\/product_cat?post=6401"},{"taxonomy":"product_tag","embeddable":true,"href":"https:\/\/mulier.hr\/en\/wp-json\/wp\/v2\/product_tag?post=6401"}],"curies":[{"name":"wp","href":"https:\/\/api.w.org\/{rel}","templated":true}]}}