{"id":6397,"date":"2022-11-22T09:40:04","date_gmt":"2022-11-22T08:40:04","guid":{"rendered":"https:\/\/mulier.hr\/?post_type=product&#038;p=6397"},"modified":"2026-03-11T11:34:19","modified_gmt":"2026-03-11T10:34:19","slug":"balanceoil-premium-300-ml","status":"publish","type":"product","link":"https:\/\/mulier.hr\/en\/proizvod\/balanceoil-premium-300-ml\/","title":{"rendered":"BalanceOil+ Premium, 300 ml"},"content":{"rendered":"<h3><span style=\"color: #25bfd1;\">ZA NARUD\u017dBU PO\u0160ALJITE EMAIL<\/span><\/h3>\n<p>BalanceOil+ Premium je iznimna i inovativna mje\u0161avina ulja koja pru\u017ea sna\u017enu opskrbu polifenolima i fitonutrijentima. BalanceOil+ Premium\u00a0pove\u0107ava\u00a0razine Omega-3, prilago\u0111ava\u00a0idealan omjer\u00a0Omega-6:3\u00a0za\u00a0va\u0161e srce i mozak.<\/p>\n<p>Sadr\u017eaj: 300 ml<\/p>\n<p>Mogu\u0107nost narud\u017ebe po komadu ili povoljnije opcije u paketima.<\/p>\n<p>Dodatak prehrani<\/p>\n<p>&nbsp;<\/p>\n<h5>Nutritivna vrijednost<\/h5>\n<table class=\"nutrition-table\">\n<tbody>\n<tr>\n<th>Hranjiva vrijednost i sadr\u017eaj u:<\/th>\n<th>12 ml<\/th>\n<\/tr>\n<tr>\n<td>Riblje ulje<\/td>\n<td>6627\u00a0mg<\/td>\n<\/tr>\n<tr>\n<td>Omega-3 masne kiseline<\/td>\n<td>2478 mg<\/td>\n<\/tr>\n<tr class=\"whiteTR\">\n<td>\u00a0 \u00a0od toga C20:5 EPA<\/td>\n<td>1283 mg<\/td>\n<\/tr>\n<tr>\n<td>\u00a0 od toga C22:6 DHA<\/td>\n<td>683 mg<\/td>\n<\/tr>\n<tr>\n<td>Maslinovo ulje<\/td>\n<td>4092 mg<\/td>\n<\/tr>\n<tr>\n<td>\u00a0 od toga oleinska kiselina (Omega-9)<\/td>\n<td>3069 mg<\/td>\n<\/tr>\n<tr>\n<td>\u00a0 od toga polifenoli<\/td>\n<td>12,8 mg<\/td>\n<\/tr>\n<tr>\n<td>Vitamin\u00a0D<sub>3<\/sub>\u00a0(400% of RV*)<sub><br \/>\n<\/sub><\/td>\n<td>20\u00a0\u00b5g<\/td>\n<\/tr>\n<tr>\n<td>*RV = <em>referentna vrijednost<\/em><\/td>\n<td><\/td>\n<\/tr>\n<\/tbody>\n<\/table>\n<p>&nbsp;<\/p>\n<p><strong>Sastojci:<\/strong><\/p>\n<p>Riblje ulje (od in\u0107una, sku\u0161e, sardine), hladno pre\u0161ano maslinovo ulje, mije\u0161ani tokoferoli (antioksidansi), prirodna aroma naran\u010da limun menta, vitamin D3 (kolekalciferol).<\/p>\n<p><strong>Preporu\u010dena dnevna doza:<\/strong> 0,15 ml po kilogramu tjelesne te\u017eine. Prilagodite veli\u010dinu porcije prema tjelesnoj te\u017eini. Odrasli tjelesne te\u017eine 50 kg: 7,5 ml dnevno. Odrasli tjelesne te\u017eine 80 kg: 12 ml dnevno. Nemojte prekora\u010diti preporu\u010denu dnevnu dozu. Dodaci prehrani nisu zamjena za uravnote\u017eenu i raznoliku prehranu.<\/p>\n<p><strong>Oprez:<\/strong> ako uzimate lijekove za razrje\u0111ivanje krvi, posavjetujte se s lije\u010dnikom prije upotrebe BalanceOil+ Premium.<\/p>\n<p><strong>Na\u010din \u010duvanja:<\/strong> Neotvorene boce \u010duvati na tamnom suhom mjestu na sobnoj temperaturi ili u hladnjaku. Otvorene boce \u010duvati u hladnjaku i potro\u0161iti unutar 45 dana. Ulje mo\u017ee postati mutno na temperaturama ni\u017eim od 4 \u00b0C zbog skru\u0107ivanja maslinovog ulja. Ulje \u0107e se razbistriti na sobnoj temperaturi. \u010cuvati izvan dohvata djece.<\/p>\n<p>&nbsp;<\/p>\n","protected":false},"excerpt":{"rendered":"<p>ZA NARUD\u017dBU PO\u0160ALJITE EMAIL BalanceOil+ Premium je iznimna i inovativna mje\u0161avina ulja koja pru\u017ea sna\u017enu opskrbu polifenolima i fitonutrijentima. BalanceOil+ Premium\u00a0pove\u0107ava\u00a0razine Omega-3, prilago\u0111ava\u00a0idealan omjer\u00a0Omega-6:3\u00a0za\u00a0va\u0161e srce i mozak. Sadr\u017eaj: 300 ml<\/p>\n","protected":false},"featured_media":6398,"template":"","meta":{"inline_featured_image":false},"product_brand":[],"product_cat":[74],"product_tag":[],"class_list":{"0":"post-6397","1":"product","2":"type-product","3":"status-publish","4":"has-post-thumbnail","6":"product_cat-proizvodi","8":"first","9":"outofstock","10":"shipping-taxable","11":"product-type-simple"},"_links":{"self":[{"href":"https:\/\/mulier.hr\/en\/wp-json\/wp\/v2\/product\/6397","targetHints":{"allow":["GET"]}}],"collection":[{"href":"https:\/\/mulier.hr\/en\/wp-json\/wp\/v2\/product"}],"about":[{"href":"https:\/\/mulier.hr\/en\/wp-json\/wp\/v2\/types\/product"}],"wp:featuredmedia":[{"embeddable":true,"href":"https:\/\/mulier.hr\/en\/wp-json\/wp\/v2\/media\/6398"}],"wp:attachment":[{"href":"https:\/\/mulier.hr\/en\/wp-json\/wp\/v2\/media?parent=6397"}],"wp:term":[{"taxonomy":"product_brand","embeddable":true,"href":"https:\/\/mulier.hr\/en\/wp-json\/wp\/v2\/product_brand?post=6397"},{"taxonomy":"product_cat","embeddable":true,"href":"https:\/\/mulier.hr\/en\/wp-json\/wp\/v2\/product_cat?post=6397"},{"taxonomy":"product_tag","embeddable":true,"href":"https:\/\/mulier.hr\/en\/wp-json\/wp\/v2\/product_tag?post=6397"}],"curies":[{"name":"wp","href":"https:\/\/api.w.org\/{rel}","templated":true}]}}