{"id":6241,"date":"2022-02-15T19:29:04","date_gmt":"2022-02-15T18:29:04","guid":{"rendered":"https:\/\/mulier.hr\/?post_type=product&#038;p=6241"},"modified":"2026-03-03T11:38:36","modified_gmt":"2026-03-03T10:38:36","slug":"omni-logic-jabucni-pektin-180-kaps","status":"publish","type":"product","link":"https:\/\/mulier.hr\/en\/proizvod\/omni-logic-jabucni-pektin-180-kaps\/","title":{"rendered":"OMNi-LOGiC\u00ae JABU\u010cNI PEKTIN, 180 kaps."},"content":{"rendered":"<p>Ne mogu se sve korisne bakterije probaviti \u2013 mnogo je crijevnih bakterija anaerobno pa ne podnose kisik i ne mogu pre\u017eivjeti izvan crijeva. Me\u0111utim, mo\u017eemo potaknuti njihovo razmno\u017eavanje pru\u017eaju\u0107i im njihovu najdra\u017eu hranu u obliku posebno odabranih vlakana.<\/p>\n<div class=\"elementor-element elementor-element-910e028 elementor-widget elementor-widget-heading\" data-id=\"910e028\" data-element_type=\"widget\" data-widget_type=\"heading.default\">\n<div class=\"elementor-widget-container\">\n<h3 class=\"elementor-heading-title elementor-size-default\">Za koga je OMNi-LOGiC\u00ae JABU\u010cNI PEKTIN prikladan?<\/h3>\n<\/div>\n<\/div>\n<div class=\"elementor-element elementor-element-42daa3f elementor-widget elementor-widget-text-editor\" data-id=\"42daa3f\" data-element_type=\"widget\" data-widget_type=\"text-editor.default\">\n<div class=\"elementor-widget-container\">\n<p>Na\u0161e crijevne bakterije obavljaju brojne zada\u0107e, uklju\u010duju\u0107i probavu hrane. Sve na\u0161e crijevne bakterije mogu biti podijeljene u 2 glavne grupe: bakteroide i firmikute. U zdravoj crijevnoj flori, ove dvije grupe su prisutne u idealnom omjeru od 1:1, \u0161to zna\u010di da crijeva sadr\u017ee otprilike jednaku koli\u010dinu svake.<\/p>\n<p>Me\u0111utim, osobe s prekomjernom te\u017einom \u010desto imaju neuravnote\u017eenu crijevnu floru u kojoj prevladavaju firmikuti. Kod nekih osoba taj omjer mo\u017ee biti 2.000:1. Zna\u010di, crijeva mogu sadr\u017eavati 2.000 puta vi\u0161e firmikuta od bakteroida!<\/p>\n<p>Firmikuti imaju posebno svojstvo razgradnje sastojaka hrane koje ljudi ina\u010de ne mogu probaviti (ugljikohidrate iz vlakana i slo\u017eene ugljikohidrate). Ovo stvara veliku koli\u010dinu lako probavljivih ugljikohidrata u crijevima \u2013 puno vi\u0161e nego u crijevima s optimalnom ravnote\u017eom bakterija. Ti ugljikohidrati su apsorbirani u organizam zajedno s kalorijama dobivenim putem hrane. Ovaj \u201cskriveni\u201d unos mo\u017ee lako do\u0107i do 200 kalorija vi\u0161e \u2013 i to svaki dan.<\/p>\n<p>Dodatno, kod ve\u0107e prevage firmikuta, ve\u0107a koli\u010dina konzumiranih ugljikohidrata (npr. \u0161e\u0107era i tjestenine) doprinosi tome da se firmikuti bolje osje\u0107aju i time \u0107e se br\u017ee razmno\u017eavati u crijevima \u2013 tako zapo\u010dinje za\u010darani krug!<\/p>\n<div class=\"elementor-element elementor-element-ac81dd5 elementor-widget elementor-widget-heading\" data-id=\"ac81dd5\" data-element_type=\"widget\" data-widget_type=\"heading.default\">\n<div class=\"elementor-widget-container\">\n<h3 class=\"elementor-heading-title elementor-size-default\">Kako djeluje OMNi-LOGiC\u00ae JABU\u010cNI PEKTIN?<\/h3>\n<\/div>\n<\/div>\n<div class=\"elementor-element elementor-element-da3bc62 elementor-widget elementor-widget-text-editor\" data-id=\"da3bc62\" data-element_type=\"widget\" data-widget_type=\"text-editor.default\">\n<div class=\"elementor-widget-container\">\n<p>Jabu\u010dni pektin idealan je izvor hrane za bakteroide \u2013 dobre bakterije koje podr\u017eavaju izlu\u010divanje \u0161e\u0107era iz organizma. Ako bakteroidi imaju dovoljno dostupnog jabu\u010dnog pektina, razmno\u017eavaju se i postaju stalni stanovnici na\u0161eg tijela.<\/p>\n<div class=\"elementor-element elementor-element-80c2b10 elementor-widget elementor-widget-heading\" data-id=\"80c2b10\" data-element_type=\"widget\" data-widget_type=\"heading.default\">\n<div class=\"elementor-widget-container\">\n<h3 class=\"elementor-heading-title elementor-size-default\">Kako se uzima OMNi-LOGiC\u00ae JABU\u010cNI PEKTIN?<\/h3>\n<\/div>\n<\/div>\n<div class=\"elementor-element elementor-element-d0cd896 elementor-widget elementor-widget-text-editor\" data-id=\"d0cd896\" data-element_type=\"widget\" data-widget_type=\"text-editor.default\">\n<div class=\"elementor-widget-container\">\n<p>2 x dnevno uzeti 3 kapsule prije jela, s puno teku\u0107ine.<\/p>\n<p><strong>Idealna nadopuna:<br \/>\n<\/strong>Kombinacija OMNi-LOGiC\u00ae JABU\u010cNOG PEKTINA sa sinbiotikom\u00a0OMNi-BiOTiC\u00ae\u00a0<em>metabolic<\/em>: posebno odabrani bakterijski sojevi u sinbiotiku OMNi BiOTiC\u00ae metabolic zamjenjuju firmikute i ispravljaju neravnote\u017eu u crijevima.<\/p>\n<h3><strong>Dobre bakterije i njihova hrana<\/strong><\/h3>\n<p>Uzimanje \u017eivih simbionata (probiotika) omogu\u0107uje Vam ja\u010danje \u201cdobrih\u201d crijevnih bakterija. Ti bakterijski sojevi trebaju kisik za svoj metabolizam \u2013 to su one bakterije koje su poznate kao aerobne.<\/p>\n<p>Me\u0111utim, ne mogu se svi bakterijski sojevi jednostavno uzeti u obliku dodataka prehrani \u2013 velika koli\u010dina na\u0161ih crijevnih bakterija je anaerobna i stoga se ne mo\u017ee uzgojiti i sa\u010duvati izvan tijela. \u010cim takve bakterije do\u0111u u doticaj s kisikom, umiru. Zato na\u0161i anaerobni prijatelji trebaju posebnu hranu (prebiotike): ako te bakterije hranimo njihovom omiljenom hranom, stvaramo im idealno stani\u0161te u na\u0161im crijevima. \u201cDobri\u201d crijevni stanovnici zahvaljuju nam na tome razmno\u017eavaju\u0107i se i izvr\u0161avaju\u0107i optimalno svoje zadatke.<\/p>\n<div class=\"elementor-element elementor-element-e6156ba elementor-widget elementor-widget-text-editor\" data-id=\"e6156ba\" data-element_type=\"widget\" data-widget_type=\"text-editor.default\">\n<div class=\"elementor-widget-container\">\n<p><strong>Sastojci u preporu\u010denoj dnevnoj dozi:<\/strong><\/p>\n<\/div>\n<\/div>\n<div class=\"elementor-element elementor-element-caac727 elementor-widget elementor-widget-shortcode\" data-id=\"caac727\" data-element_type=\"widget\" data-widget_type=\"shortcode.default\">\n<div class=\"elementor-widget-container\">\n<div class=\"elementor-shortcode\">\n<table class=\"my-table\" border=\"0\">\n<thead>\n<tr>\n<th><\/th>\n<th>u 6 kapsula<\/th>\n<th>100 g<\/th>\n<th>%NRV*<\/th>\n<\/tr>\n<\/thead>\n<tbody>\n<tr>\n<td>Jabu\u010dni pektin<\/td>\n<td>3,90 g<\/td>\n<td>84,10 g<\/td>\n<td>&#8211;<\/td>\n<\/tr>\n<tr>\n<td>od toga galakturonske kiseline<\/td>\n<td>2,54 g<\/td>\n<td>57,70 g<\/td>\n<td>&#8211;<\/td>\n<\/tr>\n<\/tbody>\n<\/table>\n<\/div>\n<\/div>\n<\/div>\n<div class=\"elementor-element elementor-element-5d80a6c elementor-widget elementor-widget-text-editor\" data-id=\"5d80a6c\" data-element_type=\"widget\" data-widget_type=\"text-editor.default\">\n<div class=\"elementor-widget-container\">\n<p><strong>Ostali sastojci:<\/strong><br \/>\nJabu\u010dni pektin, hidroksipropilmetilceluloza (kapsula)<\/p>\n<p><strong>Ne sadr\u017ei<\/strong>\u00a0\u017eivotinjske bjelan\u010devine, gluten ni kvasac.<br \/>\n<strong>Prikladan je za<\/strong>\u00a0djecu, trudnice i dojilje.<\/p>\n<p>&nbsp;<\/p>\n<\/div>\n<\/div>\n<\/div>\n<\/div>\n<\/div>\n<\/div>\n<\/div>\n<\/div>\n","protected":false},"excerpt":{"rendered":"<p>Ne mogu se sve korisne bakterije probaviti \u2013 mnogo je crijevnih bakterija anaerobno pa ne podnose kisik i ne mogu pre\u017eivjeti izvan crijeva. Me\u0111utim, mo\u017eemo potaknuti njihovo razmno\u017eavanje pru\u017eaju\u0107i im<\/p>\n","protected":false},"featured_media":6242,"template":"","meta":{"inline_featured_image":false},"product_brand":[],"product_cat":[74],"product_tag":[],"class_list":{"0":"post-6241","1":"product","2":"type-product","3":"status-publish","4":"has-post-thumbnail","6":"product_cat-proizvodi","8":"first","9":"instock","10":"shipping-taxable","11":"purchasable","12":"product-type-simple"},"_links":{"self":[{"href":"https:\/\/mulier.hr\/en\/wp-json\/wp\/v2\/product\/6241","targetHints":{"allow":["GET"]}}],"collection":[{"href":"https:\/\/mulier.hr\/en\/wp-json\/wp\/v2\/product"}],"about":[{"href":"https:\/\/mulier.hr\/en\/wp-json\/wp\/v2\/types\/product"}],"wp:featuredmedia":[{"embeddable":true,"href":"https:\/\/mulier.hr\/en\/wp-json\/wp\/v2\/media\/6242"}],"wp:attachment":[{"href":"https:\/\/mulier.hr\/en\/wp-json\/wp\/v2\/media?parent=6241"}],"wp:term":[{"taxonomy":"product_brand","embeddable":true,"href":"https:\/\/mulier.hr\/en\/wp-json\/wp\/v2\/product_brand?post=6241"},{"taxonomy":"product_cat","embeddable":true,"href":"https:\/\/mulier.hr\/en\/wp-json\/wp\/v2\/product_cat?post=6241"},{"taxonomy":"product_tag","embeddable":true,"href":"https:\/\/mulier.hr\/en\/wp-json\/wp\/v2\/product_tag?post=6241"}],"curies":[{"name":"wp","href":"https:\/\/api.w.org\/{rel}","templated":true}]}}