{"id":6223,"date":"2022-01-30T21:29:39","date_gmt":"2022-01-30T20:29:39","guid":{"rendered":"https:\/\/mulier.hr\/?post_type=product&#038;p=6223"},"modified":"2026-03-03T11:45:26","modified_gmt":"2026-03-03T10:45:26","slug":"macerat-14-slatki-pelin-u-ulju-crnog-kima-200-ml","status":"publish","type":"product","link":"https:\/\/mulier.hr\/en\/proizvod\/macerat-14-slatki-pelin-u-ulju-crnog-kima-200-ml\/","title":{"rendered":"Macerat 14 slatki pelin u ulju crnog kima, 200 ml"},"content":{"rendered":"<h3 class=\"subtitle\" data-v-0cfbb587=\"\">Za regulaciju imuniteta i borbu protiv virusa i bakterija.<\/h3>\n<p data-v-1a16d2fa=\"\" data-v-080de570=\"\"><strong data-v-1a16d2fa=\"\">Macerat 14 slatki pelin maceriran u hladno pre\u0161anom ulju crnog kima za borbu protiv virusa, bakterija i gljivica te regulaciju imuniteta.<\/strong><\/p>\n<p data-v-1a16d2fa=\"\" data-v-080de570=\"\">Originalni\u00a0<em data-v-1a16d2fa=\"\">Mati\u010dnjakov\u00a0<\/em>proizvod\u00a0osmi\u0161ljen 2015. godine od strane na\u0161eg fitoterapeuta i apiterapeuta g. Ive Ba\u010dlije.\u00a0U hladno pre\u0161anom\u00a0<u data-v-1a16d2fa=\"\"><a href=\"https:\/\/maticnjakshop.com\/katalog\/hpu-crnog-kima-250-ml\/\" data-v-1a16d2fa=\"\">ulju crnog kima<\/a><\/u>\u00a0kroz \u0161est tjedana &#8220;nama\u010du&#8221; se osu\u0161eni listi\u0107i slatkog pelina s unutarnje stabljike, gdje se nalazi najvi\u0161e artemisinina (najva\u017enija ljekovita aktivna tvar biljke).<\/p>\n<p data-v-1a16d2fa=\"\" data-v-080de570=\"\">Ljekovite biljke djeluju u sinergiji s uljem, stoga je u Maceratu 14\u00a0u\u010dinak slatkog pelina\u00a0poja\u010dan s hladno pre\u0161anim uljem crnog\u00a0kima\u00a0koji zajedno \u010dine mo\u0107an pripravak za na\u0161 imunitet.<\/p>\n<p data-v-1a16d2fa=\"\" data-v-7416e1b1=\"\">Nedavna znanstvena istra\u017eivanja potvrdila su iznimno ljekovita svojstva slatkog pelina:<\/p>\n<ul data-v-1a16d2fa=\"\" data-v-157ca5a7=\"\" data-v-7b69e60a=\"\">\n<li data-v-1a16d2fa=\"\" data-v-157ca5a7=\"\" data-v-6681cad0=\"\" data-v-7b69e60a=\"\">[2001] Bioin\u017eenjeri sa Sveu\u010dili\u0161ta Washington<br data-v-1a16d2fa=\"\" data-v-7416e1b1=\"\" \/><a href=\"https:\/\/www.sciencemag.org\/news\/2001\/11\/wormwood-extract-kills-cancer-cells\" data-v-1a16d2fa=\"\" data-v-7416e1b1=\"\"><em data-v-1a16d2fa=\"\" data-v-7416e1b1=\"\">&#8220;<u data-v-1a16d2fa=\"\" data-v-7416e1b1=\"\">Slatki pelin uni\u0161tava\u00a0stanice raka<\/u>&#8220;<\/em><\/a><\/li>\n<li data-v-1a16d2fa=\"\" data-v-157ca5a7=\"\" data-v-6681cad0=\"\" data-v-7b69e60a=\"\">[2015] Artemisinin iz slatkog pelina donio istra\u017eiva\u010dima Nobelovu nagradu iz medicine<br data-v-1a16d2fa=\"\" data-v-7416e1b1=\"\" \/><em data-v-1a16d2fa=\"\" data-v-7416e1b1=\"\"><a href=\"https:\/\/www.ncbi.nlm.nih.gov\/pmc\/articles\/PMC4966551\/#:~:text=The%202015%20Nobel%20Prize%20in,of%20China%20to%20global%20health.\" data-v-1a16d2fa=\"\" data-v-7416e1b1=\"\">&#8220;<u data-v-1a16d2fa=\"\" data-v-7416e1b1=\"\">Lijek za malariju zbog svojeg djelovanja koje razara stanice parazita<\/u>&#8220;<\/a><\/em><\/li>\n<li data-v-1a16d2fa=\"\" data-v-157ca5a7=\"\" data-v-6681cad0=\"\" data-v-7b69e60a=\"\">[2021] Potvr\u0111eno na Sveu\u010dili\u0161tima Columbia i Washington te PI Worchester<br data-v-1a16d2fa=\"\" data-v-7416e1b1=\"\" \/><em data-v-1a16d2fa=\"\" data-v-7416e1b1=\"\"><a href=\"https:\/\/www.news-medical.net\/news\/20210111\/Extract-of-medicinal-plant-Artemisia-annua-interferes-with-replication-of-SARS-CoV-2-in-vitro.aspx\" data-v-1a16d2fa=\"\" data-v-7416e1b1=\"\">&#8220;<u data-v-1a16d2fa=\"\" data-v-7416e1b1=\"\">Slatki pelin zaustavlja koronavirus u stanicama!<\/u>&#8220;<\/a><\/em><\/li>\n<\/ul>\n<h3>Sastav<\/h3>\n<p data-v-1a16d2fa=\"\">Suha droga predstavlja 20% volumnog udjela macerata (1:5 volumnih udjela).<\/p>\n<p data-v-1a16d2fa=\"\"><strong data-v-1a16d2fa=\"\">Slatki pelin<\/strong>\u00a0(lat. Artemisia annua) se koristi za borbu protiv razli\u010ditih virusa i bakterija ve\u0107 vi\u0161e od 2000 godina, protiv malarije zadnjih\u00a0300 godina, a znanstveno je dokazano kako artemisinin\u00a0vezivanjem na \u017eeljezo koje procesom oksidacije prikuplja mutirane stanice i viruse iz organizma, vrlo efikasno uni\u0161tava te iste stanice i viruse.<\/p>\n<p data-v-1a16d2fa=\"\">Ovaj macerat ima uvjerljivo\u00a0najve\u0107u koncentraciju artemisinina\u00a0u odnosu na druge pripravke,\u00a0\u010dak\u00a0<strong data-v-1a16d2fa=\"\">100mg u jednoj Macerat 14 bo\u010dici\u00a0ili\u00a06,17g izuzetno pro\u010di\u0161\u0107enog suhog\u00a0lista<\/strong>\u00a0slatkog pelina sa\u00a01,7-1,9% artemisinina\u00a0(uobi\u010dajene biljke imaju oko 0,3-0,5%).\u00a0<strong data-v-1a16d2fa=\"\">Bez glutena.<\/strong><\/p>\n<p data-v-1a16d2fa=\"\">Osim artemisinina slatki pelin u sebi sadr\u017ei i druge ljekovite tvari poput karvakrola i kvercetina koje imaju veliku va\u017enost\u00a0za \u010dovjekovo zdravlje.<\/p>\n<p data-v-1a16d2fa=\"\"><strong data-v-1a16d2fa=\"\">Ulje crnog kima<\/strong>\u00a0na najbolji na\u010din izvla\u010di, odnosno macerira\u00a0ljekovita svojstva\u00a0slatkog pelina te\u00a0poja\u010dava njegovo djelovanje, po\u0161to\u00a0je jedino ulje koje hladnim pre\u0161anjem otpu\u0161ta eteri\u010dno ulje, poput timokinona, koji djeluje jednako imunomodulatorno i protuupalno.<\/p>\n<h3>Uporaba<\/h3>\n<p data-v-1a16d2fa=\"\"><strong data-v-1a16d2fa=\"\">Jedna\u00a0\u010dajna\u00a0\u017eli\u010dica<\/strong>\u00a0(5ml)\u00a02-3 puta\u00a0dnevno\u00a0prije obroka za bolju apsorpciju. Mo\u017ee se uzimati i neovisno o obroku.<\/p>\n<p data-v-1a16d2fa=\"\"><strong data-v-1a16d2fa=\"\">Na\u010din \u010duvanja:<\/strong>\u00a0Na tamnom i hladnom mjestu do 20 \u00b0C<\/p>\n<p data-v-1a16d2fa=\"\"><strong data-v-1a16d2fa=\"\">Preporuke\u00a0za\u00a0kori\u0161tenje:\u00a0<\/strong>2 tjedna u kontinuitetu, nakon \u010dega je dovoljna pauza 2-3 dana.\u00a0Ako se macerat koristi mjesec dana u kontinuitetu, potrebno je uzeti pauzu od 7 do 10 dana. Konzumacija Macerata 14 mo\u017ee\u00a0se primjenjivati najdulje 4 mjeseca u kontinuitetu, nakon \u010dega je potrebna\u00a0pauza od 2 do 3 mjeseca.<\/p>\n<p data-v-1a16d2fa=\"\">Prilikom uzimanja preparata sa slatkim pelinom preporu\u010da se uzimanje organskog \u017eeljeza, najbolje onog iz\u00a0<u data-v-1a16d2fa=\"\"><a href=\"https:\/\/maticnjakshop.com\/katalog\/piskavica-plus\/\" data-v-1a16d2fa=\"\">piskavice\u00a0<\/a><\/u>koja je najbogatiji prirodni izvor \u017eeljeza.<\/p>\n<p data-v-1a16d2fa=\"\"><strong data-v-1a16d2fa=\"\">Napomene:<\/strong>\u00a0Ne preporu\u010duje se trudnicama i\u00a0dojiljama,\u00a0djeci mla\u0111oj od 12 godina te osobama sa transplantiranim organima.<\/p>\n<p data-v-1a16d2fa=\"\">\u010cuvati izvan\u00a0dohvata male djece. Dodatak prehrani nije nadomjestak ili zamjena uravnote\u017eenoj prehrani i zdravom na\u010dinu \u017eivota.\u00a0Proizvod se mo\u017ee razlikovati u okusu, mirisu i boji od serije do serije zbog prisutnosti prirodnih sastojaka.<\/p>\n","protected":false},"excerpt":{"rendered":"<p>Za regulaciju imuniteta i borbu protiv virusa i bakterija. Macerat 14 slatki pelin maceriran u hladno pre\u0161anom ulju crnog kima za borbu protiv virusa, bakterija i gljivica te regulaciju imuniteta.<\/p>\n","protected":false},"featured_media":6224,"template":"","meta":{"inline_featured_image":false},"product_brand":[],"product_cat":[74],"product_tag":[],"class_list":{"0":"post-6223","1":"product","2":"type-product","3":"status-publish","4":"has-post-thumbnail","6":"product_cat-proizvodi","8":"first","9":"instock","10":"shipping-taxable","11":"purchasable","12":"product-type-simple"},"_links":{"self":[{"href":"https:\/\/mulier.hr\/en\/wp-json\/wp\/v2\/product\/6223","targetHints":{"allow":["GET"]}}],"collection":[{"href":"https:\/\/mulier.hr\/en\/wp-json\/wp\/v2\/product"}],"about":[{"href":"https:\/\/mulier.hr\/en\/wp-json\/wp\/v2\/types\/product"}],"wp:featuredmedia":[{"embeddable":true,"href":"https:\/\/mulier.hr\/en\/wp-json\/wp\/v2\/media\/6224"}],"wp:attachment":[{"href":"https:\/\/mulier.hr\/en\/wp-json\/wp\/v2\/media?parent=6223"}],"wp:term":[{"taxonomy":"product_brand","embeddable":true,"href":"https:\/\/mulier.hr\/en\/wp-json\/wp\/v2\/product_brand?post=6223"},{"taxonomy":"product_cat","embeddable":true,"href":"https:\/\/mulier.hr\/en\/wp-json\/wp\/v2\/product_cat?post=6223"},{"taxonomy":"product_tag","embeddable":true,"href":"https:\/\/mulier.hr\/en\/wp-json\/wp\/v2\/product_tag?post=6223"}],"curies":[{"name":"wp","href":"https:\/\/api.w.org\/{rel}","templated":true}]}}