{"id":6220,"date":"2022-01-30T21:25:57","date_gmt":"2022-01-30T20:25:57","guid":{"rendered":"https:\/\/mulier.hr\/?post_type=product&#038;p=6220"},"modified":"2026-03-03T11:47:21","modified_gmt":"2026-03-03T10:47:21","slug":"macerat-13-lautus-u-ulju-oraha-250-ml","status":"publish","type":"product","link":"https:\/\/mulier.hr\/en\/proizvod\/macerat-13-lautus-u-ulju-oraha-250-ml\/","title":{"rendered":"Macerat 13 Lautus u ulju oraha, 250 ml"},"content":{"rendered":"<h3 class=\"subtitle\" data-v-0cfbb587=\"\">Crni orah, pelin i klin\u010di\u0107 u ulju oraha \/ za borbu protiv parazita.<\/h3>\n<p data-v-1a16d2fa=\"\"><strong data-v-1a16d2fa=\"\">Macerat 13 je uljni pripravak u kojem se\u00a0pelin, klin\u010di\u0107\u00a0i crni orah potapaju u ulju oraha, za borbu protiv parazita na najprirodniji na\u010din.<\/strong><\/p>\n<p data-v-1a16d2fa=\"\">Pelin \u0107e zagor\u010dati \u017eivot parazitima, crni \u0107e ih orah zaviti u crno, a klin\u010di\u0107 \u0107e im nemilosrdno uni\u0161titi \u010dak i nerazvijena jaja\u0161ca.\u00a0Ubojit za parazite, a nje\u017ean za organizam.<\/p>\n<p data-v-1a16d2fa=\"\">Biljke se kroz \u0161est tjedana potapaju u 100% hladno pre\u0161anom ulju jezgre oraha koje &#8220;ve\u017ee&#8221; na sebe, odnosno macerira njihova ljekovita svojstva.<\/p>\n<p data-v-1a16d2fa=\"\">Macerirane u hladno pre\u0161anom\u00a0ulju oraha\u00a0ove biljke \u010dine Lautus (lat. \u010dista\u010d) P &#8211; prirodan, u\u010dinkovit i blag proizvod\u00a0protiv parazita, koji su prema doktorici\u00a0Huldi Clark, autorici mnogih knjiga i izumiteljici zappera i antiparazitnog programa, me\u0111u glavnim uzro\u010dnicima mnogih bolesti.<\/p>\n<h3>Sastav<\/h3>\n<p data-v-1a16d2fa=\"\">Pelin, klin\u010di\u0107 i crni orah\u00a0macerirani u 100% hladno pre\u0161anom ulju\u00a0oraha.<\/p>\n<p data-v-1a16d2fa=\"\">Su\u0161eni dijelovi ove tri\u00a0biljke iznose\u00a0<strong data-v-1a16d2fa=\"\">20%<\/strong>\u00a0volumnog udjela macerata.<\/p>\n<ul data-v-1a16d2fa=\"\">\n<li data-v-1a16d2fa=\"\"><strong data-v-1a16d2fa=\"\">Pelin<\/strong>: biljka koja je najmo\u0107nija protiv mnogih vrsta parazita<\/li>\n<li data-v-1a16d2fa=\"\"><strong data-v-1a16d2fa=\"\">Crni orah<\/strong>: stolje\u0107ima se u\u010dinkovito koristi protiv gljivica i parazita koji uzrokuju bolesti ko\u017ee, odlikuje se anti-tumornim svojstvima, \u010disti krv od toksina. Orahovo ulje sadr\u017ei visoku biolo\u0161ku vrijednost (visok sadr\u017eaj polinezasi\u0107enih masnih kiselina), stoga sni\u017eava kolesterol i trigliceride, povoljno djeluje na mozak i \u0161titnu \u017elijezdu<\/li>\n<li data-v-1a16d2fa=\"\"><strong data-v-1a16d2fa=\"\">Klin\u010di\u0107<\/strong>: jedinstvena biljka koja sadr\u017ei eugenol (najmo\u0107niju anti-mikrobnu tvar), koja ubija protozoe (najsitnije oblike organizama) i jedino je prirodno sredstvo koje uni\u0161tava jaja\u0161ca parazita<\/li>\n<\/ul>\n<h3>Uporaba<\/h3>\n<p data-v-1a16d2fa=\"\" data-v-5a7ee29b=\"\"><strong data-v-1a16d2fa=\"\">Jedna \u010dajna \u017eli\u010dica nakon obroka (3 puta dnevno).<\/strong><\/p>\n<p data-v-1a16d2fa=\"\" data-v-5a7ee29b=\"\"><strong data-v-1a16d2fa=\"\" data-v-5a7ee29b=\"\">Napomene:<\/strong>\u00a0Preporu\u010da se uzimati kao 6-tjedna antiparazitska kura, dva puta godi\u0161nje.\u00a0Prilikom uzimanja Macerata 13 preporu\u010dujemo izbjegavati ugljikohidrate, kvasac, ocat i alkohol.<\/p>\n<p data-v-1a16d2fa=\"\" data-v-5a7ee29b=\"\"><strong data-v-1a16d2fa=\"\" data-v-5a7ee29b=\"\">Indikacije za uporabu:<\/strong>\u00a0slabost, apatija, depresija, kroni\u010dni umor, bolovi u trbuhu, nadutost i plinovi, anemija, gubitak apetita, nervoza, razdra\u017eljivost, nesanica, hiperaktivnost, glavobolja, astma, alergije, giht, karcinom<\/p>\n<p data-v-1a16d2fa=\"\" data-v-5a7ee29b=\"\"><strong data-v-1a16d2fa=\"\" data-v-5a7ee29b=\"\">Upozorenja:<\/strong>\u00a0Preporu\u010dene dnevne doze ne smiju se prekora\u010diti. Ne preporu\u010duje se trudnicama i dojiljama.\u00a0Prilikom \u010di\u0161\u0107enja od parazita mogu\u0107e su nuspojave u obliku poreme\u0107aja probave, zna do\u0107i do zatvora, proljeva, plinova. Osobe koje uzimaju lijekove trebaju se prije uzimanja posavjetovati s lije\u010dnikom.<\/p>\n<p data-v-1a16d2fa=\"\" data-v-5a7ee29b=\"\"><strong data-v-1a16d2fa=\"\" data-v-5a7ee29b=\"\">Na\u010din \u010duvanja:<\/strong>\u00a0\u010cuvati na tamnom i hladnom mjestu do 20\u00b0C.<\/p>\n","protected":false},"excerpt":{"rendered":"<p>Crni orah, pelin i klin\u010di\u0107 u ulju oraha \/ za borbu protiv parazita. Macerat 13 je uljni pripravak u kojem se\u00a0pelin, klin\u010di\u0107\u00a0i crni orah potapaju u ulju oraha, za borbu<\/p>\n","protected":false},"featured_media":6221,"template":"","meta":{"inline_featured_image":false},"product_brand":[],"product_cat":[74],"product_tag":[],"class_list":{"0":"post-6220","1":"product","2":"type-product","3":"status-publish","4":"has-post-thumbnail","6":"product_cat-proizvodi","8":"first","9":"instock","10":"shipping-taxable","11":"purchasable","12":"product-type-simple"},"_links":{"self":[{"href":"https:\/\/mulier.hr\/en\/wp-json\/wp\/v2\/product\/6220","targetHints":{"allow":["GET"]}}],"collection":[{"href":"https:\/\/mulier.hr\/en\/wp-json\/wp\/v2\/product"}],"about":[{"href":"https:\/\/mulier.hr\/en\/wp-json\/wp\/v2\/types\/product"}],"wp:featuredmedia":[{"embeddable":true,"href":"https:\/\/mulier.hr\/en\/wp-json\/wp\/v2\/media\/6221"}],"wp:attachment":[{"href":"https:\/\/mulier.hr\/en\/wp-json\/wp\/v2\/media?parent=6220"}],"wp:term":[{"taxonomy":"product_brand","embeddable":true,"href":"https:\/\/mulier.hr\/en\/wp-json\/wp\/v2\/product_brand?post=6220"},{"taxonomy":"product_cat","embeddable":true,"href":"https:\/\/mulier.hr\/en\/wp-json\/wp\/v2\/product_cat?post=6220"},{"taxonomy":"product_tag","embeddable":true,"href":"https:\/\/mulier.hr\/en\/wp-json\/wp\/v2\/product_tag?post=6220"}],"curies":[{"name":"wp","href":"https:\/\/api.w.org\/{rel}","templated":true}]}}