{"id":6207,"date":"2022-01-30T21:10:48","date_gmt":"2022-01-30T20:10:48","guid":{"rendered":"https:\/\/mulier.hr\/?post_type=product&#038;p=6207"},"modified":"2026-03-03T11:48:49","modified_gmt":"2026-03-03T10:48:49","slug":"piskavica-plus-250-g","status":"publish","type":"product","link":"https:\/\/mulier.hr\/en\/proizvod\/piskavica-plus-250-g\/","title":{"rendered":"Piskavica plus, 250 g"},"content":{"rendered":"<h3 class=\"subtitle\" data-v-0cfbb587=\"\">Najbolji biljni izvor \u017eeljeza, piskavica uz dodatak sikavice, kurkume, posije zobi i su\u0161ene opne crnog gro\u017e\u0111a.<\/h3>\n<p data-v-1a16d2fa=\"\" data-v-080de570=\"\"><strong data-v-1a16d2fa=\"\">Piskavica je najbogatiji biljni prirodni izvor \u017eeljeza<\/strong>\u00a0(33mg \/ 100g) \u0161to je \u010dini va\u017enom\u00a0osnovom\u00a0za dobar imunitet. Brojni biolo\u0161ki aktivni spojevi prisutni u piskavici pove\u0107avaju\u00a0<strong data-v-1a16d2fa=\"\">vitalnost organizma i poti\u010du proces samoozdravljenja<\/strong>.<\/p>\n<p data-v-1a16d2fa=\"\" data-v-080de570=\"\">Piskavica Plus u prahu je Mati\u010dnjak funkcionalni\u00a0pripravak na bazi ljekovitog bilja. Piskavici\u00a0su dodane 4 komplementarne\u00a0ljekovite biljke, vi\u0161e o njima potra\u017eite u sekciji &#8220;Sastav&#8221;.<\/p>\n<p data-v-1a16d2fa=\"\" data-v-080de570=\"\">Visoki udio prehrambenih vlakana u sjemenkama i biljni spojevi u ovoj mje\u0161avini mogu smanjiti apsorpciju glukoze u crijevima te\u00a0pobolj\u0161ati na\u010din na koji tijelo metabolizira ugljikohidrate i \u0161e\u0107er.<\/p>\n<ul data-v-1a16d2fa=\"\" data-v-157ca5a7=\"\" data-v-7b69e60a=\"\">\n<li data-v-1a16d2fa=\"\" data-v-157ca5a7=\"\" data-v-6681cad0=\"\" data-v-7b69e60a=\"\"><strong data-v-1a16d2fa=\"\">sni\u017eava razinu glukoze u krvi<\/strong>, odnosno djeluje hipoglikemijski, sprje\u010dava oboljenje \u017eivaca kod dijabeti\u010dara \u010dime zna\u010dajno ubla\u017eava posljedice dijabetesa tipa 1 i 2<\/li>\n<li data-v-1a16d2fa=\"\" data-v-157ca5a7=\"\" data-v-6681cad0=\"\" data-v-7b69e60a=\"\"><strong data-v-1a16d2fa=\"\">poti\u010de pravilan rad hormonskog sustava<\/strong>\u00a0kod mu\u0161karaca i \u017eena, jer je bogata fitosterolima odnosno biljnim spojevima koji djeluju kao agonisti hormonalnog djelovanja<\/li>\n<li data-v-1a16d2fa=\"\" data-v-157ca5a7=\"\" data-v-6681cad0=\"\" data-v-7b69e60a=\"\"><strong data-v-1a16d2fa=\"\">ubla\u017eava \u017egaravicu<\/strong>\u00a0jer topiva vlakna iz piskavice imaju umiruju\u0107i u\u010dinak na sluznicu \u017eeluca i ubla\u017eavaju zatvor<\/li>\n<li data-v-1a16d2fa=\"\" data-v-157ca5a7=\"\" data-v-6681cad0=\"\" data-v-7b69e60a=\"\"><strong data-v-1a16d2fa=\"\">poma\u017ee u menopauzi<\/strong>\u00a0jer stimulira metabolizam \u017eenskih spolnih hormona, sprje\u010dava pojavu osteoporoze i osteopenije, ubla\u017eava tegobe kod PMS-a (bolove, valunge, napetosti), a navodno i pove\u0107ava obline \u017eenskih grudi<\/li>\n<li data-v-1a16d2fa=\"\" data-v-157ca5a7=\"\" data-v-6681cad0=\"\" data-v-7b69e60a=\"\"><strong data-v-1a16d2fa=\"\">utje\u010de na aktivnost \u0161titne \u017elijezde<\/strong>\u00a0jer ima regulacijski u\u010dinak na metabolizam joda i hormona \u0161titnja\u010de, a oni djeluju kao aktivatori metabolizma, odnosno njihova optimalna razina u tijelu regulira brojne fiziolo\u0161ke u\u010dinke poput pove\u0107anja potro\u0161nje energetskih zaliha iz masnog tkiva i sni\u017eavanja razine \u0161e\u0107era u krvi<\/li>\n<li data-v-1a16d2fa=\"\" data-v-157ca5a7=\"\" data-v-6681cad0=\"\" data-v-7b69e60a=\"\"><strong data-v-1a16d2fa=\"\">izaziva ubrzani rast i razvoj novog tkiva<\/strong>\u00a0(mi\u0161i\u0107nog, vezivnog, ko\u0161tanog i drugog) na \u010dijem prirodnom djelovanju su joj stoga jako zahvalni mnogi sporta\u0161i, atleti\u010dari i bodybuilderi<\/li>\n<li data-v-1a16d2fa=\"\" data-v-157ca5a7=\"\" data-v-6681cad0=\"\" data-v-7b69e60a=\"\"><strong data-v-1a16d2fa=\"\">dokazano pospje\u0161uje odumiranje tumorskog tkiva i metastaza te zna\u010dajno smanjuje pojavu zdravstvenih komplikacija kod zlo\u0107udnih oboljenja<\/strong><\/li>\n<\/ul>\n<p data-v-1a16d2fa=\"\">Sjeme piskavice (eng.\u00a0<em data-v-1a16d2fa=\"\" data-v-080de570=\"\">fenugreek<\/em>) zovu\u00a0jo\u0161 i \u201cgr\u010dko sjeme&#8221;\u00a0jer su ga po narodnoj predaji stari Grci koristili za snagu prije borbe. Danas se najvi\u0161e upotrebljava u kulinarstvu i medicini.<\/p>\n<ul data-v-1a16d2fa=\"\" data-v-157ca5a7=\"\" data-v-7b69e60a=\"\">\n<li data-v-1a16d2fa=\"\" data-v-157ca5a7=\"\" data-v-6681cad0=\"\" data-v-7b69e60a=\"\"><strong data-v-1a16d2fa=\"\">Piskavica<\/strong>\u00a0&#8211;\u00a0&#8220;najljekovitija od ljekovitih biljaka&#8221;<\/li>\n<li data-v-1a16d2fa=\"\" data-v-157ca5a7=\"\" data-v-6681cad0=\"\" data-v-7b69e60a=\"\"><strong data-v-1a16d2fa=\"\">Sikavica\u00a0<\/strong>&#8211; dodana kako bi njen silimarin pomogao jetri\u00a0obnavljaju\u0107i\u00a0jetrene stanice (hepatocite) \u0161to piskavica sama ne mo\u017ee\u00a0(<u data-v-1a16d2fa=\"\">Granulat sikavice<\/u>,\u00a0<u data-v-1a16d2fa=\"\">Ulje sikavice<\/u>)<\/li>\n<li data-v-1a16d2fa=\"\" data-v-157ca5a7=\"\" data-v-6681cad0=\"\" data-v-7b69e60a=\"\"><strong data-v-1a16d2fa=\"\">Su\u0161ena opna crnog gro\u017e\u0111a<\/strong>\u00a0&#8211; koristi se u ovom pripravku jer je vrlo jak antioksidans<\/li>\n<li data-v-1a16d2fa=\"\" data-v-157ca5a7=\"\" data-v-6681cad0=\"\" data-v-7b69e60a=\"\"><strong data-v-1a16d2fa=\"\">Kurkuma\u00a0<\/strong>&#8211; u sinergiji s piskavicom ima sna\u017ean protuupalni u\u010dinak, a kroni\u010dna upala\u00a0uzrok je ve\u0107ina bolesti koje nas poga\u0111aju\u00a0(<u data-v-1a16d2fa=\"\">Med Hepta sana<\/u>)<\/li>\n<li data-v-1a16d2fa=\"\" data-v-157ca5a7=\"\" data-v-6681cad0=\"\" data-v-7b69e60a=\"\"><strong data-v-1a16d2fa=\"\">Posije zobi<\/strong>\u00a0&#8211; dobar izvor selena i beta glukana, sadr\u017ee neprobavljiva vlakna koja poma\u017eu probavi<\/li>\n<\/ul>\n<table border=\"1\" cellspacing=\"1\" cellpadding=\"1\" align=\"center\" data-v-1a16d2fa=\"\">\n<tbody data-v-1a16d2fa=\"\">\n<tr data-v-1a16d2fa=\"\">\n<th scope=\"row\" data-v-1a16d2fa=\"\">\n<pre data-v-1a16d2fa=\"\">Piskavica<\/pre>\n<\/th>\n<td data-v-1a16d2fa=\"\">\n<pre data-v-1a16d2fa=\"\">78%<\/pre>\n<\/td>\n<\/tr>\n<tr data-v-1a16d2fa=\"\">\n<th scope=\"row\" data-v-1a16d2fa=\"\">\n<pre data-v-1a16d2fa=\"\">Sikavica<\/pre>\n<\/th>\n<td data-v-1a16d2fa=\"\">\n<pre data-v-1a16d2fa=\"\">9%<\/pre>\n<\/td>\n<\/tr>\n<tr data-v-1a16d2fa=\"\">\n<th scope=\"row\" data-v-1a16d2fa=\"\">\n<pre data-v-1a16d2fa=\"\">Posije zobi<\/pre>\n<\/th>\n<td data-v-1a16d2fa=\"\">\n<pre data-v-1a16d2fa=\"\">5%<\/pre>\n<\/td>\n<\/tr>\n<tr data-v-1a16d2fa=\"\">\n<th scope=\"row\" data-v-1a16d2fa=\"\">\n<pre data-v-1a16d2fa=\"\">Su\u0161ena opna crnog gro\u017e\u0111a<\/pre>\n<\/th>\n<td data-v-1a16d2fa=\"\">\n<pre data-v-1a16d2fa=\"\">5%<\/pre>\n<\/td>\n<\/tr>\n<tr data-v-1a16d2fa=\"\">\n<th scope=\"row\" data-v-1a16d2fa=\"\">\n<pre data-v-1a16d2fa=\"\">Kurkuma<\/pre>\n<\/th>\n<td data-v-1a16d2fa=\"\">\n<pre data-v-1a16d2fa=\"\">3%<\/pre>\n<\/td>\n<\/tr>\n<\/tbody>\n<\/table>\n<h3>Uporaba<\/h3>\n<p style=\"font-weight: 400;\" data-v-1a16d2fa=\"\"><b><strong data-v-1a16d2fa=\"\">Jedna \u010dajna \u017eli\u010dica<\/strong><\/b>\u00a0(5g) 2 puta dnevno prije obroka.<\/p>\n<p style=\"font-weight: 400;\" data-v-1a16d2fa=\"\"><b><strong data-v-1a16d2fa=\"\">Preporuke za kori\u0161tenje:<\/strong><\/b>\u00a0Mo\u017ee se uzimati samostalno radi bolje apsorpcije ili umije\u0161ati u sok, jogurt, kefir ili \u010da\u0161u vode.<\/p>\n<p style=\"font-weight: 400;\" data-v-1a16d2fa=\"\">Piskavica Plus se mo\u017ee koristiti kao dodatak svakodnevnoj prehrani, za\u010din za marinade, dodatak mesnim jelima i ri\u017ei, a juha za\u010dinjena njome ne\u0107e biti samo aromati\u010dna, ve\u0107 i lijepo zlatna.<\/p>\n<p style=\"font-weight: 400;\" data-v-1a16d2fa=\"\">Piskavica se\u00a0smatra sigurnom biljkom za dugotrajno uzimanje, tako je i\u00a0mje\u0161avina Piskavica Plus napravljena kao nadopuna svakodnevnoj prehrani.<\/p>\n<p style=\"font-weight: 400;\" data-v-1a16d2fa=\"\"><b><strong data-v-1a16d2fa=\"\">Napomene<\/strong><\/b>: Primjenjuje se najdulje 2 tjedna u kontinuitetu, nakon \u010dega je potrebno napraviti malu pauzu od 3 dana. Ne preporu\u010da se trudnicama, dojiljama, djeci mla\u0111oj od 12 godina.<\/p>\n<p style=\"font-weight: 400;\" data-v-1a16d2fa=\"\">\u010cuvati izvan\u00a0dohvata male djece. Dodatak prehrani nije nadomjestak ili zamjena uravnote\u017eenoj prehrani i zdravom na\u010dinu \u017eivota.<\/p>\n<p style=\"font-weight: 400;\" data-v-1a16d2fa=\"\"><b><strong data-v-1a16d2fa=\"\">Na\u010din \u010duvanja:\u00a0<\/strong><\/b>Na suhom mjestu i na sobnoj temperaturi<\/p>\n<p data-v-1a16d2fa=\"\">\n","protected":false},"excerpt":{"rendered":"<p>Najbolji biljni izvor \u017eeljeza, piskavica uz dodatak sikavice, kurkume, posije zobi i su\u0161ene opne crnog gro\u017e\u0111a. Piskavica je najbogatiji biljni prirodni izvor \u017eeljeza\u00a0(33mg \/ 100g) \u0161to je \u010dini va\u017enom\u00a0osnovom\u00a0za dobar<\/p>\n","protected":false},"featured_media":6211,"template":"","meta":{"inline_featured_image":false},"product_brand":[],"product_cat":[74],"product_tag":[],"class_list":{"0":"post-6207","1":"product","2":"type-product","3":"status-publish","4":"has-post-thumbnail","6":"product_cat-proizvodi","8":"first","9":"instock","10":"shipping-taxable","11":"purchasable","12":"product-type-simple"},"_links":{"self":[{"href":"https:\/\/mulier.hr\/en\/wp-json\/wp\/v2\/product\/6207","targetHints":{"allow":["GET"]}}],"collection":[{"href":"https:\/\/mulier.hr\/en\/wp-json\/wp\/v2\/product"}],"about":[{"href":"https:\/\/mulier.hr\/en\/wp-json\/wp\/v2\/types\/product"}],"wp:featuredmedia":[{"embeddable":true,"href":"https:\/\/mulier.hr\/en\/wp-json\/wp\/v2\/media\/6211"}],"wp:attachment":[{"href":"https:\/\/mulier.hr\/en\/wp-json\/wp\/v2\/media?parent=6207"}],"wp:term":[{"taxonomy":"product_brand","embeddable":true,"href":"https:\/\/mulier.hr\/en\/wp-json\/wp\/v2\/product_brand?post=6207"},{"taxonomy":"product_cat","embeddable":true,"href":"https:\/\/mulier.hr\/en\/wp-json\/wp\/v2\/product_cat?post=6207"},{"taxonomy":"product_tag","embeddable":true,"href":"https:\/\/mulier.hr\/en\/wp-json\/wp\/v2\/product_tag?post=6207"}],"curies":[{"name":"wp","href":"https:\/\/api.w.org\/{rel}","templated":true}]}}