{"id":6204,"date":"2022-01-30T21:07:50","date_gmt":"2022-01-30T20:07:50","guid":{"rendered":"https:\/\/mulier.hr\/?post_type=product&#038;p=6204"},"modified":"2026-03-03T11:49:27","modified_gmt":"2026-03-03T10:49:27","slug":"granulat-sikavice-250-g","status":"publish","type":"product","link":"https:\/\/mulier.hr\/en\/proizvod\/granulat-sikavice-250-g\/","title":{"rendered":"Granulat sikavice, 250 g"},"content":{"rendered":"<h3 class=\"subtitle\" data-v-0cfbb587=\"\">Prirodni izvor silimarina, \u0161titi, njeguje i osna\u017euje jetru, za pravilno funkcioniranje metabolizma.<\/h3>\n<p data-v-1a16d2fa=\"\" data-v-7416e1b1=\"\">Sikavica je biljka koja pomi\u010de granice u fitoterapiji, a u upotrebi je ve\u0107 2000 godina te u lije\u010denju jetre i njezi ko\u017ee nema medicinski ekvivalent.<\/p>\n<p data-v-1a16d2fa=\"\" data-v-7416e1b1=\"\"><strong data-v-1a16d2fa=\"\" data-v-7416e1b1=\"\">Sikavica u granulatu\u00a0najprirodniji je izvor cjelovitog\u00a0silimarin kompleksa\u00a0s\u00a0\u010dak 140mg u 10g proizvoda.<\/strong><\/p>\n<p data-v-1a16d2fa=\"\" data-v-7416e1b1=\"\">Sa svega dvije\u00a0\u017eli\u010dice dnevno\u00a0jednostavno i u\u010dinkovito odr\u017eavamo zdravlje jetre, koja je klju\u010dna za dobro zdravlje organizma.<\/p>\n<ul data-v-1a16d2fa=\"\" data-v-157ca5a7=\"\" data-v-7b69e60a=\"\">\n<li data-v-1a16d2fa=\"\" data-v-157ca5a7=\"\" data-v-6681cad0=\"\" data-v-7b69e60a=\"\">potpuno prirodan proizvod u sirovom obliku granulata<\/li>\n<li data-v-1a16d2fa=\"\" data-v-157ca5a7=\"\" data-v-6681cad0=\"\" data-v-7b69e60a=\"\">\u010dista mehani\u010dka\u00a0obrada\u00a0zbog \u010dega su sa\u010duvani svi nutrijenti<\/li>\n<li data-v-1a16d2fa=\"\" data-v-157ca5a7=\"\" data-v-6681cad0=\"\" data-v-7b69e60a=\"\">\u0161titi, njeguje i osna\u017euje jetru<\/li>\n<li data-v-1a16d2fa=\"\" data-v-157ca5a7=\"\" data-v-6681cad0=\"\" data-v-7b69e60a=\"\">obnavlja o\u0161te\u0107ene hepatocite (jetrene stanice), a\u00a0zdrave \u010duva od propadanja<\/li>\n<li data-v-1a16d2fa=\"\" data-v-157ca5a7=\"\" data-v-6681cad0=\"\" data-v-7b69e60a=\"\">podr\u017eava normalno funkcioniranje organizma<\/li>\n<\/ul>\n<p data-v-1a16d2fa=\"\">Aktivni sastojak sikavice je\u00a0silimarin, koji poma\u017ee popraviti o\u0161te\u0107ene stanice jetre od alkohola i drugih otrovnih tvari, stimuliraju\u0107i sintezu\u00a0proteina. Dokazano\u00a0<strong data-v-1a16d2fa=\"\" data-v-080de570=\"\">obnavlja jetrene stanice\u00a0<\/strong>(djeluje hepatoprotektivno)<strong data-v-1a16d2fa=\"\" data-v-080de570=\"\">\u00a0i poti\u010de njihov rast<\/strong>.<\/p>\n<p data-v-1a16d2fa=\"\">Sikavica\u00a0mo\u017ee za\u0161tititi\u00a0jetru od\u00a0lijekova\u00a0te ima mo\u0107 izbacivanja kemikalija, alkohola i\u00a0te\u0161kih\u00a0metala\u00a0iz organizma.<\/p>\n<ul data-v-1a16d2fa=\"\" data-v-157ca5a7=\"\" data-v-7b69e60a=\"\">\n<li data-v-1a16d2fa=\"\" data-v-157ca5a7=\"\" data-v-6681cad0=\"\" data-v-7b69e60a=\"\">prirodni izvor vitamina E (400 mg\/kg)<\/li>\n<li data-v-1a16d2fa=\"\" data-v-157ca5a7=\"\" data-v-6681cad0=\"\" data-v-7b69e60a=\"\">ne sadr\u017ei alergene, aditive, konzervanse i umjetne boje<\/li>\n<\/ul>\n<p data-v-1a16d2fa=\"\" data-v-080de570=\"\">Osim \u0161to \u0161titi stanice organizma od oksidativnog \u0161oka, silimarin pove\u0107ava razinu glutationa (vrlo va\u017ean sastojak za pobolj\u0161anje funkcije jetre i njeno \u010di\u0161\u0107enje od otrova)\u00a0u jetri za \u010dak 35%, a on je najva\u017eniji antioksidans za za\u0161titu jetre.<\/p>\n<p data-v-1a16d2fa=\"\" data-v-080de570=\"\">Njegova razina pada ako smo svakodnevno izlo\u017eeni visokim razinama toksina. On, naime, omogu\u0107ava da se i na\u0161i dopaminski receptori aktiviraju, \u0161to je osnova stvaranja serotonina &#8211; hormona sre\u0107e i zato vrijedi ona izreka:<\/p>\n<h5 style=\"text-align: center;\" data-v-1a16d2fa=\"\" data-v-080de570=\"\"><em data-v-1a16d2fa=\"\">Dobra jetra za dobro raspolo\u017eenje!<\/em><\/h5>\n<h3>Uporaba<\/h3>\n<p data-v-1a16d2fa=\"\" data-v-7416e1b1=\"\"><strong data-v-1a16d2fa=\"\">Jedna \u010dajna \u017eli\u010dica (5g)<\/strong>\u00a02 puta dnevno.<\/p>\n<p data-v-1a16d2fa=\"\" data-v-7416e1b1=\"\">Granulat sikavice je prehrambeni proizvod kojega dodajemo na\u0161im uobi\u010dajenim obrocima.<\/p>\n<p data-v-1a16d2fa=\"\" data-v-7416e1b1=\"\"><strong data-v-1a16d2fa=\"\" data-v-157ca5a7=\"\">Preporuke\u00a0za\u00a0kori\u0161tenje:\u00a0<\/strong>Mo\u017eemo ga umije\u0161ati u \u010da\u0161u vode, jogurt, vo\u0107ni sok, ka\u0161u od \u017eitarica, ri\u017ee ili krumpira. Dnevno preporu\u010denu koli\u010dinu (10g) mo\u017eemo podijeliti u vi\u0161e obroka.<\/p>\n<p data-v-1a16d2fa=\"\" data-v-6681cad0=\"\" data-v-7416e1b1=\"\">Granulat se mo\u017ee i sa\u017evakati samostalno radi bolje apsorpcije (jedna \u010dajna \u017eli\u010dica ujutro nata\u0161te i jedna \u010dajna \u017eli\u010dica nave\u010der prije spavanja).<\/p>\n<p data-v-1a16d2fa=\"\" data-v-6681cad0=\"\" data-v-7416e1b1=\"\"><strong data-v-1a16d2fa=\"\">Na\u010din \u010duvanja:\u00a0<\/strong>Na suhom i tamnom mjestu<\/p>\n<p data-v-1a16d2fa=\"\" data-v-6681cad0=\"\" data-v-7416e1b1=\"\"><strong data-v-1a16d2fa=\"\">Napomene:\u00a0<\/strong>Ne preporu\u010duje se trudnicama, dojiljama, djeci mla\u0111oj od 12 godina, osobama koje uzimaju lijekove. Osobe koje uzimaju lijekove trebaju se prije uporabe posavjetovati sa lije\u010dnikom ili ljekarnikom. Najve\u0107a dnevna doza silimarina je 140mg.<\/p>\n<p data-v-1a16d2fa=\"\" data-v-6681cad0=\"\" data-v-7416e1b1=\"\">\u010cuvati izvan\u00a0dohvata male djece. Dodatak prehrani nije nadomjestak ili zamjena uravnote\u017eenoj prehrani i zdravom na\u010dinu \u017eivota.<\/p>\n","protected":false},"excerpt":{"rendered":"<p>Prirodni izvor silimarina, \u0161titi, njeguje i osna\u017euje jetru, za pravilno funkcioniranje metabolizma. Sikavica je biljka koja pomi\u010de granice u fitoterapiji, a u upotrebi je ve\u0107 2000 godina te u lije\u010denju<\/p>\n","protected":false},"featured_media":6205,"template":"","meta":{"inline_featured_image":false},"product_brand":[],"product_cat":[74],"product_tag":[],"class_list":{"0":"post-6204","1":"product","2":"type-product","3":"status-publish","4":"has-post-thumbnail","6":"product_cat-proizvodi","8":"first","9":"instock","10":"shipping-taxable","11":"purchasable","12":"product-type-simple"},"_links":{"self":[{"href":"https:\/\/mulier.hr\/en\/wp-json\/wp\/v2\/product\/6204","targetHints":{"allow":["GET"]}}],"collection":[{"href":"https:\/\/mulier.hr\/en\/wp-json\/wp\/v2\/product"}],"about":[{"href":"https:\/\/mulier.hr\/en\/wp-json\/wp\/v2\/types\/product"}],"wp:featuredmedia":[{"embeddable":true,"href":"https:\/\/mulier.hr\/en\/wp-json\/wp\/v2\/media\/6205"}],"wp:attachment":[{"href":"https:\/\/mulier.hr\/en\/wp-json\/wp\/v2\/media?parent=6204"}],"wp:term":[{"taxonomy":"product_brand","embeddable":true,"href":"https:\/\/mulier.hr\/en\/wp-json\/wp\/v2\/product_brand?post=6204"},{"taxonomy":"product_cat","embeddable":true,"href":"https:\/\/mulier.hr\/en\/wp-json\/wp\/v2\/product_cat?post=6204"},{"taxonomy":"product_tag","embeddable":true,"href":"https:\/\/mulier.hr\/en\/wp-json\/wp\/v2\/product_tag?post=6204"}],"curies":[{"name":"wp","href":"https:\/\/api.w.org\/{rel}","templated":true}]}}