{"id":6166,"date":"2022-01-27T19:34:55","date_gmt":"2022-01-27T18:34:55","guid":{"rendered":"https:\/\/mulier.hr\/?post_type=product&#038;p=6166"},"modified":"2026-03-03T11:36:11","modified_gmt":"2026-03-03T10:36:11","slug":"aquasource-sea-power-algae","status":"publish","type":"product","link":"https:\/\/mulier.hr\/en\/proizvod\/aquasource-sea-power-algae\/","title":{"rendered":"AquaSource Sea Power Algae, 120 kapsula"},"content":{"rendered":"<p><strong>Mo\u0107na prehrana iz mora. AquaSource Sea Power Algae sadr\u017ei kombinaciju mo\u0107ne prirodne hrane iz mora s izborom nutrijenata va\u017enih za zdravlje i op\u0107u dobrobit.\u00a0<\/strong><\/p>\n<h3>Vi\u0161e o proizvodu:<\/h3>\n<p>Rije\u010d je o mje\u0161avini 3 razli\u010dita tipa morskih algi (morske trave) \u2013 sme\u0111ih, crvenih i zelenih algi, u kombinaciji s AquaSource algama. Neki ovu kombinaciju nazivaju i Superhrana* od morske trave.<\/p>\n<p>AquaSource Sea Power Algae dobiva se iz prirodno su\u0161enih cjelovitih biljaka, a nikako od ekstrakata kojima nedostaje ravnote\u017ea koja se nalazi u prirodi. Kako je Sze Teu rekao 600 pr. Kr.:<\/p>\n<p style=\"text-align: center;\"><strong><em>&#8220;Neke alge su prava delicija namijenjena gostima koje najvi\u0161e po\u0161tujemo, pa \u010dak i samom Kralju.&#8221;<\/em><\/strong><\/p>\n<h3>Klju\u010dne prednosti<\/h3>\n<p>Sme\u0111e alge (Ascophyllum Nodosum) &#8211; AquaSource dobavlja najbolju organsku divlju<br \/>\nAscophyllum Nodosum morsku travu porijeklom sa stotina otoka u norve\u0161kom arhipelagu.<\/p>\n<p>\u017danju se samo svje\u017ee, \u017eive, divlje biljke koje se potom su\u0161e na zraku i smjesta usitnjuju u prah. Na osnovu mjerila gram-za-gram ova naro\u010dita velika sme\u0111a alga sadr\u017ei 200 puta vi\u0161e \u017eeljeza od cikle, \u017eeljezom najbogatijeg povr\u0107a koje se uzgaja na kopnu.<br \/>\nTako\u0111er sadr\u017ei i 100 puta vi\u0161e joda od iste koli\u010dine bilo kojeg povr\u0107a uzgajanog na kopnu, te nekih 14 puta vi\u0161e kalcija od kravljeg mlijeka.<\/p>\n<p>Zelena alga (Dunaliella Salina Algae) \u2013 najpoznatija kao najbogatiji izvor betakarotena<br \/>\n(prekursora za vitamin A).<br \/>\nPo principu gram-za-gram, ova alga sadr\u017ei preko 200 puta ve\u0107u koli\u010dinu betakarotena od mrkve. Drugi karotenoidi prisutni u zelenoj algi su alfa-karoten, lutein, zeaksantin i kriptoksantin.<br \/>\nBogata je klorofilom, polisaharidima, mineralima, vitaminima i esencijalnim masnim kiselinama kao \u0161to su omega-3 i omega-6.<\/p>\n<p>Crvene alge (Lithothamnion Sp.) Ova organska morska trava \u017eanje se s morskog dna u mineralima bogatim i nezaga\u0111enim vodama Atlantskog oceana.<br \/>\nCrvena alga je organska morska trava koja se odlikuje visokim sadr\u017eajem kalcija, a uz to sadr\u017ei \u0161iroki opseg drugih minerala, kao \u00a0i minerala u tragovima.<\/p>\n<p>AquaSource alge (modro-zelene alge) \u2013 na\u0161 temeljni proizvod tako\u0111er je dio ove kombinacije, kao dodatna nutricionisti\u010dka podr\u0161ka.<\/p>\n<h3>Dobrobiti \u2013 koje na\u0161i proizvodi prirodno pru\u017eaju<\/h3>\n<p>\u2022 uklanjanje umora i iscrpljenosti.<br \/>\n\u2022 pomo\u0107 normalnom funkcioniranju nervnog i imunolo\u0161kog sustava.<br \/>\n\u2022 doprinos mentalnim performansama.<br \/>\n\u2022 pomo\u0107 uve\u0107anju energije i vitalnosti.<br \/>\n\u2022 pomo\u0107 funkciji i odr\u017eavanju mi\u0161i\u0107a, kostiju i zubi.<br \/>\n\u2022 izvrsna NRV (nutricionisti\u010dka referentna vrijednost) joda koji doprinosi normalnom funkcioniranju \u0161titne \u017elijezde i kognitivnoj funkciji.<\/p>\n<p>*Vi\u0161e detalja o superhrani vidi<\/p>\n<h3>*Europska agencija za sigurnost hrane (EFSA) utvrdila je sljede\u0107e:<\/h3>\n<p>Vitamini B12, B5, C i \u017eeljezo doprinose uklanjanju umora i iscrpljenosti.<br \/>\nVitamin B12 i vitamin C doprinose normalnom funkcioniranju nervnog i imunolo\u0161kog sustava.<br \/>\nVitamin B5 doprinosi normalnim mentalnim performansama.<br \/>\nVitamin C va\u017ean je u normalnom formiranju kolagena, za ko\u017eu, te pri otpu\u0161tanju energije u tijelo.<br \/>\nKalcij doprinosi normalnoj funkciji mi\u0161i\u0107a i odr\u017eavanju normalnih kostiju i zubi.<br \/>\n\u017deljezo je va\u017eno za normalnu funkciju imunolo\u0161kog sustava i formiranje crvenih krvnih zrnaca.<br \/>\n\u017deljezo i jod su va\u017eni za normalnu kognitivnu funkciju.<br \/>\nJod doprinosi normalnoj funkciji \u0161titne \u017elijezde.<\/p>\n<h3>Podaci o alergenima:<\/h3>\n<p>Sukladno Uredbi EU br. 1169\/2011 o informiranju potro\u0161a\u010da o hrani, ovaj proizvod ne sadr\u017ei alergene.<\/p>\n<h3>Uputa za upotrebu<\/h3>\n<p>Zapo\u010dnite s 3 kapsule dnevno.<br \/>\nPrema potrebi povisite dozu do najvi\u0161e 6 kapsula dnevno.<br \/>\nPreporu\u010dene dnevne doze ne smiju se prekora\u010diti.<br \/>\n\u010cuvati van dohvata male djece.<br \/>\nDodatak prehrani nije nadomjestak ili zamjena uravnote\u017eenoj prehrani.<br \/>\nProizvo\u0111a\u010d: Specialbalance Ltd<br \/>\n\u010cuvati na hladnom i tamnom mjestu<\/p>\n","protected":false},"excerpt":{"rendered":"<p>Mo\u0107na prehrana iz mora. AquaSource Sea Power Algae sadr\u017ei kombinaciju mo\u0107ne prirodne hrane iz mora s izborom nutrijenata va\u017enih za zdravlje i op\u0107u dobrobit.\u00a0 Vi\u0161e o proizvodu: Rije\u010d je o<\/p>\n","protected":false},"featured_media":6167,"template":"","meta":{"inline_featured_image":false},"product_brand":[],"product_cat":[74],"product_tag":[],"class_list":{"0":"post-6166","1":"product","2":"type-product","3":"status-publish","4":"has-post-thumbnail","6":"product_cat-proizvodi","8":"first","9":"instock","10":"shipping-taxable","11":"purchasable","12":"product-type-simple"},"_links":{"self":[{"href":"https:\/\/mulier.hr\/en\/wp-json\/wp\/v2\/product\/6166","targetHints":{"allow":["GET"]}}],"collection":[{"href":"https:\/\/mulier.hr\/en\/wp-json\/wp\/v2\/product"}],"about":[{"href":"https:\/\/mulier.hr\/en\/wp-json\/wp\/v2\/types\/product"}],"wp:featuredmedia":[{"embeddable":true,"href":"https:\/\/mulier.hr\/en\/wp-json\/wp\/v2\/media\/6167"}],"wp:attachment":[{"href":"https:\/\/mulier.hr\/en\/wp-json\/wp\/v2\/media?parent=6166"}],"wp:term":[{"taxonomy":"product_brand","embeddable":true,"href":"https:\/\/mulier.hr\/en\/wp-json\/wp\/v2\/product_brand?post=6166"},{"taxonomy":"product_cat","embeddable":true,"href":"https:\/\/mulier.hr\/en\/wp-json\/wp\/v2\/product_cat?post=6166"},{"taxonomy":"product_tag","embeddable":true,"href":"https:\/\/mulier.hr\/en\/wp-json\/wp\/v2\/product_tag?post=6166"}],"curies":[{"name":"wp","href":"https:\/\/api.w.org\/{rel}","templated":true}]}}