{"id":5859,"date":"2021-10-02T09:43:22","date_gmt":"2021-10-02T07:43:22","guid":{"rendered":"https:\/\/mulier.hr\/?post_type=product&#038;p=5859"},"modified":"2026-03-03T11:52:19","modified_gmt":"2026-03-03T10:52:19","slug":"shaker-500ml-bodymed","status":"publish","type":"product","link":"https:\/\/mulier.hr\/en\/proizvod\/shaker-500ml-bodymed\/","title":{"rendered":"Shaker 500ml, Bodymed"},"content":{"rendered":"<p><span style=\"font-weight: 400;\">Bodymed shaker idealan je za pripremu Hepafasta i Sana-fit obroka.<\/span><\/p>\n<p><span style=\"font-weight: 400;\">Zahvaljuju\u0107i uklonjivom umetku sita, tri pojedina\u010dna dijela mogu se prati u perilici posu\u0111a ili se lako \u010diste ru\u010dno.<\/span><\/p>\n<p><span style=\"font-weight: 400;\">Napomena:<\/span><\/p>\n<p><span style=\"font-weight: 400;\">Nemojte pripremati nikakve tople ili vru\u0107e teku\u0107ine s ovim shakerom.<\/span><\/p>\n","protected":false},"excerpt":{"rendered":"<p>Bodymed shaker idealan je za pripremu Hepafasta i Sana-fit obroka. Zahvaljuju\u0107i uklonjivom umetku sita, tri pojedina\u010dna dijela mogu se prati u perilici posu\u0111a ili se lako \u010diste ru\u010dno. Napomena: Nemojte<\/p>\n","protected":false},"featured_media":5860,"template":"","meta":{"inline_featured_image":false},"product_brand":[],"product_cat":[74],"product_tag":[],"class_list":{"0":"post-5859","1":"product","2":"type-product","3":"status-publish","4":"has-post-thumbnail","6":"product_cat-proizvodi","8":"first","9":"instock","10":"shipping-taxable","11":"purchasable","12":"product-type-simple"},"_links":{"self":[{"href":"https:\/\/mulier.hr\/en\/wp-json\/wp\/v2\/product\/5859","targetHints":{"allow":["GET"]}}],"collection":[{"href":"https:\/\/mulier.hr\/en\/wp-json\/wp\/v2\/product"}],"about":[{"href":"https:\/\/mulier.hr\/en\/wp-json\/wp\/v2\/types\/product"}],"wp:featuredmedia":[{"embeddable":true,"href":"https:\/\/mulier.hr\/en\/wp-json\/wp\/v2\/media\/5860"}],"wp:attachment":[{"href":"https:\/\/mulier.hr\/en\/wp-json\/wp\/v2\/media?parent=5859"}],"wp:term":[{"taxonomy":"product_brand","embeddable":true,"href":"https:\/\/mulier.hr\/en\/wp-json\/wp\/v2\/product_brand?post=5859"},{"taxonomy":"product_cat","embeddable":true,"href":"https:\/\/mulier.hr\/en\/wp-json\/wp\/v2\/product_cat?post=5859"},{"taxonomy":"product_tag","embeddable":true,"href":"https:\/\/mulier.hr\/en\/wp-json\/wp\/v2\/product_tag?post=5859"}],"curies":[{"name":"wp","href":"https:\/\/api.w.org\/{rel}","templated":true}]}}