{"id":5716,"date":"2021-09-23T08:32:44","date_gmt":"2021-09-23T06:32:44","guid":{"rendered":"https:\/\/mulier.hr\/?post_type=product&#038;p=5716"},"modified":"2026-03-03T12:39:41","modified_gmt":"2026-03-03T11:39:41","slug":"povrtni-bujon-450g","status":"publish","type":"product","link":"https:\/\/mulier.hr\/en\/proizvod\/povrtni-bujon-450g\/","title":{"rendered":"Povrtni bujon, 450g"},"content":{"rendered":"<p>POVRTNI BUJON je veganski prah za izradu obilne juhe od povr\u0107a. S vrijednim vitaminima poput magnezija, kalcija, kalija i cinka. Sadr\u017ei za\u010dinjenu mje\u0161avinu povr\u0107a i za\u010dinskog bilja od mrkve, pastrnjaka u prahu i celera, kao i per\u0161in, bresinu, estragon i krasuljicu. Zahvaljuju\u0107i aromati\u010dnom bilju va\u0161im jelima daje prirodni puni okus &#8211; bez dodataka poja\u010diva\u010da okusa.<\/p>\n<p>U\u017eivajte u POVRTNOM BUJONU u jelima od povr\u0107a, juhama, umacima, preljevima za salate i umacima.<\/p>\n<p>Bez glutena.<\/p>\n<p><strong>Na\u010din uzimanja:<\/strong><\/p>\n<p>Priprema \/ preporuka za konzumaciju: Umije\u0161ajte 15 g praha (1 punija \u017elica) u 250 ml kipu\u0107e vode po obroku.<\/p>\n<h3>Prehrambene i energetske informacije:<\/h3>\n<p><strong>Na 100g praha<\/strong><\/p>\n<ul>\n<li>Energija 1.203 kJ (283 kcal)<\/li>\n<li>Masti 1,5 g<\/li>\n<li>od \u010dega zasi\u0107ene masne kiseline 1,2 g<\/li>\n<li>Ugljikohidrati 57,7 g<\/li>\n<li>od toga \u0161e\u0107er 5,0 g<\/li>\n<li>Proteini 6,4 g<\/li>\n<li>Sol 18,2 g<\/li>\n<\/ul>\n<p><strong>Po obroku (15 g u 250 ml vode)<\/strong><\/p>\n<ul>\n<li>Energija 180 kJ (43 kcal)<\/li>\n<li>Masti 0,2 g<\/li>\n<li>od \u010dega zasi\u0107ene masne kiseline 0,2 g<\/li>\n<li>Ugljikohidrati 8,7 g<\/li>\n<li>od toga \u0161e\u0107er 0,8 g<\/li>\n<li>Proteini 1,0 g<\/li>\n<li>Sol 2,7 g<\/li>\n<\/ul>\n<h3>Vitamini<\/h3>\n<p><strong>Na 100 g praha<\/strong><\/p>\n<ul>\n<li>Vitamin E\u00a0\u00a0\u00a0\u00a0\u00a0\u00a0 46,3 mg\u00a0 NRV 386%<\/li>\n<li>Vitamin C\u00a0\u00a0\u00a0\u00a0\u00a0\u00a0 385 mg\u00a0 NRV 481%<\/li>\n<li>Tiamin 4,2 mg \u00a0 NRV 385%<\/li>\n<li>Riboflavin\u00a0\u00a0\u00a0\u00a0\u00a0\u00a0 15,4 mg\u00a0 NRV 1099%<\/li>\n<li>Vitamin B6\u00a0\u00a0\u00a0\u00a0 5,4 mg \u00a0 NRV 385%<\/li>\n<li>Folna kiselina\u00a0 770 \u00b5g \u00a0 NRV\u00a0 385%<\/li>\n<li>Vitamin B12\u00a0\u00a0 9,6 \u00b5g\u00a0 NRV 385%<\/li>\n<\/ul>\n<p><strong>Po obroku (15 g u 250 ml vode)<\/strong><\/p>\n<ul>\n<li>Vitamin E\u00a0\u00a0\u00a0\u00a0\u00a0\u00a0 7,0 mg \u00a0 NRV 58%<\/li>\n<li>Vitamin C\u00a0\u00a0\u00a0\u00a0\u00a0\u00a0 57,7 mg\u00a0 NRV 72%<\/li>\n<li>Tiamin \u00a0\u00a0\u00a0\u00a0\u00a0\u00a0\u00a0\u00a0\u00a0\u00a0\u00a0 0,63 mg\u00a0 NRV 58%<\/li>\n<li>Riboflavin\u00a0\u00a0\u00a0\u00a0\u00a0\u00a0 2,3 mg NRV 165%<\/li>\n<li>Vitamin B6\u00a0\u00a0\u00a0\u00a0 0,81 mg\u00a0 NRV 58%<\/li>\n<li>Folna kiselina\u00a0 115 \u00b5g \u00a0 NRV 58%<\/li>\n<li>Vitamin B12\u00a0\u00a0 1,4 \u00b5g\u00a0 NRV 58%<\/li>\n<\/ul>\n<h3>Mineralne tvari<\/h3>\n<p><strong>Na 100 g praha<\/strong><\/p>\n<ul>\n<li>Kalij 2.046 mg NRV 102%<\/li>\n<li>Kalcij 852 mg NRV 107%<\/li>\n<li>Magnezij 378 mg NRV 101%<\/li>\n<li>Cink 10,7 mg NRV 107%<\/li>\n<li>Jod 185 \u00b5g NRV 123%<\/li>\n<\/ul>\n<p><strong>Po obroku (15 g u 250 ml vode)<\/strong><\/p>\n<ul>\n<li>Kalij 307 mg NRV 15%<\/li>\n<li>Kalcij 128 mg NRV 16%<\/li>\n<li>Magnezij 56,7 mg NRV 15%<\/li>\n<li>Cink 1,6 mg NRV 16%<\/li>\n<li>Jod 27,8 \u00b5g NRV 19%<\/li>\n<\/ul>\n<p>Izra\u010dunate vrijednosti su prosje\u010dne vrijednosti i podlo\u017ene su prirodnim kolebanjima sirovina.<\/p>\n<p>NRV = Referentne vrijednosti hranjivih tvari prema Uredbi (EU) br. 1169\/2011<\/p>\n<p><strong>Sastav:<\/strong><\/p>\n<p>maltodekstrin, za\u010dini, minerali (kalijev citrat, kalcijev karbonat, magnezijev karbonat, cink sulfat), jodirana sol, morska sol, ekstrakt kvasca, biljna ulja (suncokret, kokos, palma, repica), 1,1% povr\u0107a (mrkva, pastrnjak u prahu, <strong>celer<\/strong>), vitamini (vitamin E, vitamin C, tiamin, vitamin B6, folna kiselina, vitamin B12), za\u010dini, za\u010dinsko bilje (per\u0161in, bresina, estragon, krasuljica), regulator kiselosti (natrijev citrat, natrijev karbonat), sredstvo za bojenje (karoten, riboflavini), koncentrat algi<\/p>\n<p>Veganski. Bez glutena. Bez laktoze. Bez aditiva za pobolj\u0161anje okusa.<\/p>\n<p>Sastojci u proizvodima redovito se a\u017euriraju. Zbog toga povremeno mo\u017ee do\u0107i do odstupanja izme\u0111u navedenih sastojaka na na\u0161oj web stranici i sastojaka na ambala\u017ei proizvoda. Stoga preporu\u010dujemo da uvijek obratite pozornost na podatke na ambala\u017ei i provjerite tamo navedene sastojke.<\/p>\n","protected":false},"excerpt":{"rendered":"<p>POVRTNI BUJON je veganski prah za izradu obilne juhe od povr\u0107a. S vrijednim vitaminima poput magnezija, kalcija, kalija i cinka. Sadr\u017ei za\u010dinjenu mje\u0161avinu povr\u0107a i za\u010dinskog bilja od mrkve, pastrnjaka<\/p>\n","protected":false},"featured_media":5717,"template":"","meta":{"inline_featured_image":false},"product_brand":[],"product_cat":[74],"product_tag":[],"class_list":{"0":"post-5716","1":"product","2":"type-product","3":"status-publish","4":"has-post-thumbnail","6":"product_cat-proizvodi","8":"first","9":"instock","10":"shipping-taxable","11":"purchasable","12":"product-type-simple"},"_links":{"self":[{"href":"https:\/\/mulier.hr\/en\/wp-json\/wp\/v2\/product\/5716","targetHints":{"allow":["GET"]}}],"collection":[{"href":"https:\/\/mulier.hr\/en\/wp-json\/wp\/v2\/product"}],"about":[{"href":"https:\/\/mulier.hr\/en\/wp-json\/wp\/v2\/types\/product"}],"wp:featuredmedia":[{"embeddable":true,"href":"https:\/\/mulier.hr\/en\/wp-json\/wp\/v2\/media\/5717"}],"wp:attachment":[{"href":"https:\/\/mulier.hr\/en\/wp-json\/wp\/v2\/media?parent=5716"}],"wp:term":[{"taxonomy":"product_brand","embeddable":true,"href":"https:\/\/mulier.hr\/en\/wp-json\/wp\/v2\/product_brand?post=5716"},{"taxonomy":"product_cat","embeddable":true,"href":"https:\/\/mulier.hr\/en\/wp-json\/wp\/v2\/product_cat?post=5716"},{"taxonomy":"product_tag","embeddable":true,"href":"https:\/\/mulier.hr\/en\/wp-json\/wp\/v2\/product_tag?post=5716"}],"curies":[{"name":"wp","href":"https:\/\/api.w.org\/{rel}","templated":true}]}}