{"id":5513,"date":"2021-09-14T11:43:44","date_gmt":"2021-09-14T09:43:44","guid":{"rendered":"https:\/\/mulier.hr\/?post_type=product&#038;p=5513"},"modified":"2026-03-03T12:37:12","modified_gmt":"2026-03-03T11:37:12","slug":"sana-fit-premium-kakao-vegan-450g","status":"publish","type":"product","link":"https:\/\/mulier.hr\/en\/proizvod\/sana-fit-premium-kakao-vegan-450g\/","title":{"rendered":"Sana-fit premium kakao vegan, 450g"},"content":{"rendered":"<h3>Kvalitetan proteinski prah, 450 g<\/h3>\n<p>Zamjenski obrok za kontrolu tjelesne te\u017eine<\/p>\n<p>SANA-FIT PREMIUM proteinski prah sastavni je dio Bodymedovog nutritivnog koncepta. Visokokvalitetni proteinski shakeovi, uz osobni savjet i stru\u010dnu podr\u0161ku, klju\u010dni su za uspje\u0161no mr\u0161avljenje.<\/p>\n<p><strong>Napomena:<\/strong> Za pripremu proizvoda za konzumiranje naru\u010dite prema potrebi <a href=\"https:\/\/mulier.hr\/proizvod\/shaker-500ml-bodymed\/\" target=\"_blank\" rel=\"noopener\">shaker<\/a>.<\/p>\n<p>&nbsp;<\/p>\n<p><strong>SASTAV: <\/strong>izolat proteina <strong>soje<\/strong>, protein gra\u0161ka, 9% nemasnog kakaovog praha, djelomi\u010dno nauljeno bra\u0161no od lanenog sjemena, 2,3% pr\u017eena zrna kakaovca, trikalcijev fosfat, zgu\u0161njiva\u010di guar guma, dikalijev fosfat, aroma, magnezijev hidroksid, L-askorbinska kiselina, zasla\u0111iva\u010di : Sukraloza i saharin natrij, \u017eeljezni sulfat, D-alfa-tokoferil acetat, nikotinamid, cinkov oksid, kalcijev D-pantotenat, cijanokobalamin, piridoksin hidroklorid, tiamin mononitrat, mangan sulfat, riboflavin, retinil acetat, bakreni glukonat, silicij za sprje\u010davanje zgrudnjavanja dioksid, folna kiselina, maltodekstrin, natrijev selenit, natrijev jodid, D-biotin, filokinon, kolekalciferol<br \/>\nMo\u017ee sadr\u017eavati tragove jaja i mlijeka.<\/p>\n<h3>Vitamini (u 100 g praha)<\/h3>\n<ul>\n<li>Vitamin A\u00a0\u00a0 2.419 \u00b5g RE*<\/li>\n<li>Vitamin D\u00a0\u00a0 7,1 \u00b5g<\/li>\n<li>Vitamin E\u00a0 52 mg<\/li>\n<li>Vitamin K 126 \u00b5g<\/li>\n<li>Vitamin C 279 mg<\/li>\n<li>Tiamin\u00a0 2,9 mg<\/li>\n<li>Riboflavin\u00a0 3,9 mg<\/li>\n<li>Niacin 43 mg NE*<\/li>\n<li>Vitamin B6 3,5 mg<\/li>\n<li>Folna kiselina 599 \u00b5g<\/li>\n<li>Vitamin B12 12 \u00b5g<\/li>\n<li>Biotin 162 \u00b5g<\/li>\n<li>Pantotenska kiselina 19 mg<\/li>\n<\/ul>\n<h3>Mineralne tvari (u 100 g praha)<\/h3>\n<ul>\n<li>Kalij 993 mg<\/li>\n<li>Kalcij 958 mg<\/li>\n<li>Fosfor 1.259 mg<\/li>\n<li>Magnezij 382 mg<\/li>\n<li>\u017deljezo 41 mg<\/li>\n<li>Cink 26 mg<\/li>\n<li>Bakar\u00a0 2,2 mg<\/li>\n<li>Mangan 2,9 mg<\/li>\n<li>Selen 157 \u00b5g<\/li>\n<li>Jod 381 \u00b5g<\/li>\n<\/ul>\n<h3>Hranjiva vrijednost i energija (u 100g\u00a0 praha)<\/h3>\n<ul>\n<li>Energija 1.520 kJ (360 kcal)<\/li>\n<li>Masti 5,4 g<\/li>\n<li>od toga zasi\u0107ene masne kiseline 2,3 g<\/li>\n<li>Ugljikohidrati 4,2 g<\/li>\n<li>od toga \u0161e\u0107er 1,2 g<\/li>\n<li>Vlakna 6,1 g<\/li>\n<li>Proteini 70,0 g<\/li>\n<li>Sol 3,0 g<\/li>\n<\/ul>\n<p><strong>Bez glutena. Bez laktoze.<\/strong><\/p>\n<p>Sastojci u proizvodima redovito se a\u017euriraju. Zbog toga povremeno mo\u017ee do\u0107i do odstupanja izme\u0111u navedenih sastojaka na na\u0161oj web stranici i sastojaka na ambala\u017ei proizvoda. Stoga preporu\u010dujemo da uvijek obratite pozornost na podatke na ambala\u017ei i provjerite tamo navedene sastojke.<\/p>\n<p><strong>NA\u010cIN UZIMANJA: <\/strong>U okviru koncepta Bodymed prehrane, mo\u017eete nadomjestiti jedan do dva obroka dnevno obrokom SANA-FIT PREMIUM. Za pripremu porcije dodati 22,5 g u 325 ml nemasnog mlijeka (1,5% m.m.) ili u 325 ml biljnog mlijeka (bademovo, kokosovo, zobeno, ri\u017eino) ili u 325 ml vode &#8211; ovisno o stru\u010dnoj preporuci &#8211; i pripremiti u shakeru.<\/p>\n<p><strong>Neto koli\u010dina:\u00a0 <\/strong>450 g<\/p>\n","protected":false},"excerpt":{"rendered":"<p>Kvalitetan proteinski prah, 450 g Zamjenski obrok za kontrolu tjelesne te\u017eine SANA-FIT PREMIUM proteinski prah sastavni je dio Bodymedovog nutritivnog koncepta. Visokokvalitetni proteinski shakeovi, uz osobni savjet i stru\u010dnu podr\u0161ku,<\/p>\n","protected":false},"featured_media":5514,"template":"","meta":{"inline_featured_image":false},"product_brand":[],"product_cat":[74],"product_tag":[],"class_list":{"0":"post-5513","1":"product","2":"type-product","3":"status-publish","4":"has-post-thumbnail","6":"product_cat-proizvodi","8":"first","9":"instock","10":"shipping-taxable","11":"purchasable","12":"product-type-simple"},"_links":{"self":[{"href":"https:\/\/mulier.hr\/en\/wp-json\/wp\/v2\/product\/5513","targetHints":{"allow":["GET"]}}],"collection":[{"href":"https:\/\/mulier.hr\/en\/wp-json\/wp\/v2\/product"}],"about":[{"href":"https:\/\/mulier.hr\/en\/wp-json\/wp\/v2\/types\/product"}],"wp:featuredmedia":[{"embeddable":true,"href":"https:\/\/mulier.hr\/en\/wp-json\/wp\/v2\/media\/5514"}],"wp:attachment":[{"href":"https:\/\/mulier.hr\/en\/wp-json\/wp\/v2\/media?parent=5513"}],"wp:term":[{"taxonomy":"product_brand","embeddable":true,"href":"https:\/\/mulier.hr\/en\/wp-json\/wp\/v2\/product_brand?post=5513"},{"taxonomy":"product_cat","embeddable":true,"href":"https:\/\/mulier.hr\/en\/wp-json\/wp\/v2\/product_cat?post=5513"},{"taxonomy":"product_tag","embeddable":true,"href":"https:\/\/mulier.hr\/en\/wp-json\/wp\/v2\/product_tag?post=5513"}],"curies":[{"name":"wp","href":"https:\/\/api.w.org\/{rel}","templated":true}]}}