{"id":5357,"date":"2021-08-29T15:56:46","date_gmt":"2021-08-29T13:56:46","guid":{"rendered":"https:\/\/mulier.hr\/?post_type=product&#038;p=5357"},"modified":"2026-03-03T11:30:42","modified_gmt":"2026-03-03T10:30:42","slug":"darm-elixir-vitality","status":"publish","type":"product","link":"https:\/\/mulier.hr\/en\/proizvod\/darm-elixir-vitality\/","title":{"rendered":"Darm elixir, Vitality 1000ml"},"content":{"rendered":"<p>Biljni eliksir s 24 biljna ekstrakta i mje\u0161avinom 31 visokoaktivnog mikroorganizma<\/p>\n<ul>\n<li>za \u010di\u0161\u0107enje crijeva<\/li>\n<li>visoka bioraspolo\u017eivost uslijed kaskadne fermentacije<\/li>\n<\/ul>\n<p>Crijeva su organ pod stalnim optere\u0107enjem uzrokovanim industrijski prera\u0111enom hranom, otrovima iz okoli\u0161a, stresom, manjkom fizi\u010dke aktivnosti i uzimanjem lijekova.<\/p>\n<p>Ostaci hrane i otpadne tvari mogu se natalo\u017eiti izme\u0111u crijevnih resica, \u0161to mo\u017ee dovesti do procesa truljenja i raspadanja, gdje se nakupljaju \u0161tetne bakterije, \u0161to mo\u017ee uzrokovati razli\u010dite probavne probleme, upalna stanja poput divertikuloze, ali i lo\u0161 ten, pri\u0161ti\u0107e i ko\u017ene probleme op\u0107enito. Kad se crijeva o\u010diste iznutra \u2013 \u010disti se i ko\u017ea.<\/p>\n<p>\u201e\u010cista\u010d crijeva\u201c VITALITY DARM ELIXIER sastoji se od biljaka fermentiranih visokoaktivnim mikroorganizmima, \u201edobrim bakterijama\u201c. Ekstrakti biljaka sadr\u017eani u Vitality Darm Elixieru ne sadr\u017ee samo vitamine, minerale i elemente u tragovima, nego i ono najbitnije, flavonoide.<\/p>\n<p>Flavonoidi pripadaju skupini tvari sli\u010dnih vitaminima. Ove biljne za\u0161titne tvari doprinose za\u0161titi stanica od agresivnih slobodnih radikala, a time i od procesa starenja. Flavonoidi sadr\u017ee izuzetnu bioraspolo\u017eivost, \u0161to zna\u010di da njihove djelatne tvari tijelo mo\u017ee lako preuzeti i tako pozitivno utjecati na na\u0161 metabolizam.<\/p>\n<p>Zbog svog mehanizma \u010di\u0161\u0107enja crijeva, VITALITY DARM ELIXIER preporu\u010duje se i kao popratna terapija kod zaraze parazitima.<\/p>\n<h3>SASTAV:<\/h3>\n<p>Biljni ekstrakti: \u2013 plod ananasa \u2013 korijen an\u0111elike \u2013 plod ani\u0161a \u2013 list bosiljka \u2013 plod kopra \u2013 list komora\u010da \u2013 plod \u0161ipka \u2013 plod borovnice \u2013 list maline \u2013 cvijet crne bazge \u2013 korijen \u0111umbira \u2013 list masline \u2013 list ma\u017eurana \u2013 list metvice \u2013 list ru\u017emarina \u2013 list afri\u010dkog crvenog grma\u00a0 \u2013 cvijet livadne djeteline- list kadulje \u2013 sjemenke crnog kima \u2013 list slatkog sladi\u0107a \u2013 list timijana \u2013 ko\u0161tice grejpa \u2013 ko\u0161tice vinove loze (OPC) \u2013 plod gljive Reishi<\/p>\n<p>Mje\u0161avina kultura mikroorganizama: Bacillus subtilis, Bifidobacterium animalis, Bifidobakterium bifidum, Bifidobacterium breve, Bifidobacterium longum, Bifidobacterium infantis, Bifidobacterium lactis, Enterococcus faecium, Lactobacillus acidophilus, Lactobacillus amylolyticus, Lactobacillus amylovorus, Lactobacillus bulgaricus, Lactobacillus casei 01, Lactobacillus casei 02, Lactobacillus casei 03, Lactobacillus crispatus, Lactobacillus delbr\u00fcckii, Lactobacillus farraginis, Lactobacillus gasseri, Lactobacillus helveticus, Lactobacillus johnsonii, Lactobacillus paracasei, Lactobacillus parafarraginis, Lactobacillus plantarum, Lactobacillus reuteri, Lactobacillus rhamnosus, Lactobacillus salivarius, Lactobacillus zeae, Lactococcus diacetylactis, Lactococcus lactis, Streptococcus thermophilus<\/p>\n<p>Ne sadr\u017ei gluten, GMO, \u0161e\u0107er, \u017eivotinjske proteine ni laktozu.<\/p>\n<p>Prikladan je za dijabeti\u010dare, vegane, osobe s intolerancijom na laktozu i djecu od navr\u0161ene 4. godine \u017eivota.<\/p>\n<p><strong>NA\u010cIN UZIMANJA: <\/strong>1 x dnevno popiti 30 \u2013 50 ml proizvoda Vitality Darm Elixier otprilike 30 minuta prije jela, najbolje pomije\u0161anog s vodom. Djeca od navr\u0161ene 4. godine \u017eivota mogu 1 x dnevno popiti 10 ml.<\/p>\n<p>Fermentacijskim procesom promijenjena je kompletna melasa (vo\u0107ni sirup), stoga u gotovu eliksiru gotovo i nema \u0161e\u0107era. Zbog toga je Vitality Darm Elixier prikladan i za dijabeti\u010dare.<\/p>\n","protected":false},"excerpt":{"rendered":"<p>Biljni eliksir s 24 biljna ekstrakta i mje\u0161avinom 31 visokoaktivnog mikroorganizma za \u010di\u0161\u0107enje crijeva visoka bioraspolo\u017eivost uslijed kaskadne fermentacije Crijeva su organ pod stalnim optere\u0107enjem uzrokovanim industrijski prera\u0111enom hranom, otrovima<\/p>\n","protected":false},"featured_media":5358,"template":"","meta":{"inline_featured_image":false},"product_brand":[],"product_cat":[74],"product_tag":[],"class_list":{"0":"post-5357","1":"product","2":"type-product","3":"status-publish","4":"has-post-thumbnail","6":"product_cat-proizvodi","8":"first","9":"instock","10":"shipping-taxable","11":"purchasable","12":"product-type-simple"},"_links":{"self":[{"href":"https:\/\/mulier.hr\/en\/wp-json\/wp\/v2\/product\/5357","targetHints":{"allow":["GET"]}}],"collection":[{"href":"https:\/\/mulier.hr\/en\/wp-json\/wp\/v2\/product"}],"about":[{"href":"https:\/\/mulier.hr\/en\/wp-json\/wp\/v2\/types\/product"}],"wp:featuredmedia":[{"embeddable":true,"href":"https:\/\/mulier.hr\/en\/wp-json\/wp\/v2\/media\/5358"}],"wp:attachment":[{"href":"https:\/\/mulier.hr\/en\/wp-json\/wp\/v2\/media?parent=5357"}],"wp:term":[{"taxonomy":"product_brand","embeddable":true,"href":"https:\/\/mulier.hr\/en\/wp-json\/wp\/v2\/product_brand?post=5357"},{"taxonomy":"product_cat","embeddable":true,"href":"https:\/\/mulier.hr\/en\/wp-json\/wp\/v2\/product_cat?post=5357"},{"taxonomy":"product_tag","embeddable":true,"href":"https:\/\/mulier.hr\/en\/wp-json\/wp\/v2\/product_tag?post=5357"}],"curies":[{"name":"wp","href":"https:\/\/api.w.org\/{rel}","templated":true}]}}