{"id":5351,"date":"2021-08-29T15:33:20","date_gmt":"2021-08-29T13:33:20","guid":{"rendered":"https:\/\/mulier.hr\/?post_type=product&#038;p=5351"},"modified":"2026-03-03T11:25:01","modified_gmt":"2026-03-03T10:25:01","slug":"omni-biotic-stress","status":"publish","type":"product","link":"https:\/\/mulier.hr\/en\/proizvod\/omni-biotic-stress\/","title":{"rendered":"OMNi-BiOTiC\u00ae Stress"},"content":{"rendered":"<h3>28 vre\u0107ica po 3 g praha<\/h3>\n<p>OMNi-BiOTiC\u00ae STRESS je dodatak prehrani koji sadr\u017ei mje\u0161avinu visokovrijednih crijevnih kultura bakterijskih sojeva ljudskog probavnog sustava sa sposobno\u0161\u0107u razmno\u017eavanja i odabrane vitamine B skupine. Doprinosi normalnom funkcioniranju \u017eiv\u010danog sustva, normalnoj psiholo\u0161koj funkciji i za\u0161titi stanica od oksidativnog stresa.<\/p>\n<p>OMNi-BiOTiC\u00ae STRESS sadr\u017ei 9 posebno odabranih, znanstveno provjerenih bakterijskih sojeva i odabranih vitamina B skupine koji doprinose normalnom funkcioniranju \u017eiv\u010danog sustva, normalnoj psiholo\u0161koj funkciji i za\u0161titi stanica od oksidativnog stresa.<\/p>\n<p><strong>NA\u010cIN UZIMANJA:<\/strong> 1-2 x dnevno sadr\u017eaj vre\u0107ice (3 g) umije\u0161ati u 100-200 ml mlake vode ili mlijeka. Pri\u010dekati 1 minutu i nje\u017eno promije\u0161ati prije konzumacije.<\/p>\n<p>Preporu\u010duje se popiti na prazan \u017eeludac: prije doru\u010dka i\/ili odlaska na spavanje.<\/p>\n<p>Du\u017eina uzimanja: OMNi-BiOTiC\u00ae STRESS mo\u017eete uzimati kratkoro\u010dno ali i dugoro\u010dno \u2013 \u010dak i godinama.<\/p>\n<p>Ako patite od intolerancije na fruktozu, savjetujemo Vam produ\u017eiti vrijeme aktivacije na najmanje 30 minuta. Tijekom ovog vremena bakterije metaboliziraju sve fruktooligosaharide (FOS). Na ovaj na\u010din fruktoza ne dosti\u017ee do crijeva.<\/p>\n<h3>SASTAV:<\/h3>\n<p>Kukuruzni \u0161krob, maltodekstrin, inulin, kalijev klorid, ri\u017ein protein, bakterijski sojevi*, magnezijev sulfat, fruktooligosaharidi (FOS), enzimi (amilaze), riboflavin, piridoksin hidroklorid, manganov sulfat, cijanokobalamin<\/p>\n<p>*9 ljudskih bakterijskih sojeva s minimalno 7,5 milijardi bakterija u 1 dozi (3 g) i 15 milijardi bakterija u 2 doze (6 g):<\/p>\n<ul>\n<li>Lactobacillus casei W56<\/li>\n<li>Lactobacillus acidophilus W22<\/li>\n<li>Lactobacillus paracasei W20<\/li>\n<li>Bifidobacterium lactis W51<\/li>\n<li>Bifidobacterium lactis W52<\/li>\n<li>Lactobacillus salivarius W24<\/li>\n<li>Lactococcus lactis W19<\/li>\n<li>Lactobacillus plantarum W62<\/li>\n<li>Bifidobacterium bifidum W23<\/li>\n<\/ul>\n<p>Uz dodane B vitamine:<\/p>\n<p>Vitamin B2 0,21 mg 15% NRV<\/p>\n<p>Vitamin B6 0,21 mg 15% NRV<\/p>\n<p>Vitamin B12 0, 375 \u03bcg 15% NRV<\/p>\n<p>NRV = referentna dnevna hranjiva vrijednost prema Uredbi EU 1169\/2011<\/p>\n<p>Ne sadr\u017ei \u017eivotinjske bjelan\u010devine, gluten, kvasac ni laktozu.<\/p>\n<p>Prikladan je za osobe alergi\u010dne na mlijeko, djecu od navr\u0161ene 1 godine, trudnice i dojilje.<\/p>\n<h3>Hranjiva vrijednost (100 g)<\/h3>\n<ul>\n<li>Energija 1.556 kJ<\/li>\n<li>372 kcal<\/li>\n<li>Masti\u00a0\u00a0 0,12 g<\/li>\n<li>od kojih zasi\u0107ene masne kiseline\u00a0\u00a0\u00a0\u00a0\u00a0\u00a0\u00a0 0,07 g<\/li>\n<li>Ugljikohidrati\u00a0 89,9 g<\/li>\n<li>od kojih \u0161e\u0107eri 2,5 g<\/li>\n<li>Bjelan\u010devine\u00a0\u00a0 2,7 g<\/li>\n<li>Sol\u00a0\u00a0\u00a0\u00a0\u00a0\u00a0 0,48 g<\/li>\n<\/ul>\n","protected":false},"excerpt":{"rendered":"<p>28 vre\u0107ica po 3 g praha OMNi-BiOTiC\u00ae STRESS je dodatak prehrani koji sadr\u017ei mje\u0161avinu visokovrijednih crijevnih kultura bakterijskih sojeva ljudskog probavnog sustava sa sposobno\u0161\u0107u razmno\u017eavanja i odabrane vitamine B skupine.<\/p>\n","protected":false},"featured_media":8366,"template":"","meta":{"inline_featured_image":false},"product_brand":[],"product_cat":[74],"product_tag":[],"class_list":{"0":"post-5351","1":"product","2":"type-product","3":"status-publish","4":"has-post-thumbnail","6":"product_cat-proizvodi","8":"first","9":"instock","10":"shipping-taxable","11":"purchasable","12":"product-type-simple"},"_links":{"self":[{"href":"https:\/\/mulier.hr\/en\/wp-json\/wp\/v2\/product\/5351","targetHints":{"allow":["GET"]}}],"collection":[{"href":"https:\/\/mulier.hr\/en\/wp-json\/wp\/v2\/product"}],"about":[{"href":"https:\/\/mulier.hr\/en\/wp-json\/wp\/v2\/types\/product"}],"wp:featuredmedia":[{"embeddable":true,"href":"https:\/\/mulier.hr\/en\/wp-json\/wp\/v2\/media\/8366"}],"wp:attachment":[{"href":"https:\/\/mulier.hr\/en\/wp-json\/wp\/v2\/media?parent=5351"}],"wp:term":[{"taxonomy":"product_brand","embeddable":true,"href":"https:\/\/mulier.hr\/en\/wp-json\/wp\/v2\/product_brand?post=5351"},{"taxonomy":"product_cat","embeddable":true,"href":"https:\/\/mulier.hr\/en\/wp-json\/wp\/v2\/product_cat?post=5351"},{"taxonomy":"product_tag","embeddable":true,"href":"https:\/\/mulier.hr\/en\/wp-json\/wp\/v2\/product_tag?post=5351"}],"curies":[{"name":"wp","href":"https:\/\/api.w.org\/{rel}","templated":true}]}}