{"id":5345,"date":"2021-08-29T15:22:37","date_gmt":"2021-08-29T13:22:37","guid":{"rendered":"https:\/\/mulier.hr\/?post_type=product&#038;p=5345"},"modified":"2026-03-11T11:58:42","modified_gmt":"2026-03-11T10:58:42","slug":"x-factor-gold-visokovitaminsko-maslacno-ulje","status":"publish","type":"product","link":"https:\/\/mulier.hr\/en\/proizvod\/x-factor-gold-visokovitaminsko-maslacno-ulje\/","title":{"rendered":"X-Factor Gold\u2122 visokovitaminsko masla\u010dno ulje, 188 ml"},"content":{"rendered":"<h3>Teku\u0107ina bez arome, 188 ml<\/h3>\n<p>Masla\u010dno ulje koncentrirano hladnom centrifugom,\u00a0<span class=\"text-gray-darker\">dobiveno od krava na isklju\u010divo pa\u0161nom re\u017e<\/span><span class=\"text-gray-darker\">imu prehrane s podru\u010dja Argentine.\u00a0<\/span>Proizvod sadr\u017ei \u010distu mlje\u010dnu masno\u0107u bez vode i bjelan\u010devina i nije termi\u010dki prera\u0111en.\u00a0Iako je centrifugom uklonjena laktoza i kazein, mogu\u0107i su tragovi.<\/p>\n<p><strong>Sastojci:<\/strong> Koncentrirano masla\u010dno ulje.<\/p>\n<h4 class=\"panel-title\"><span style=\"color: #333333;\">NUTRITIVNE INFORMACIJE<\/span><\/h4>\n<p><span class=\"text-gray-darker\">Doza (2,5 ml) sadr\u017ei:<\/span><\/p>\n<ul>\n<li><span class=\"text-gray-darker\">25 kcal<\/span><\/li>\n<li>kalorija iz masti 25 kcal<\/li>\n<li>ukupno masti 2,5 g<\/li>\n<li>od toga zasi\u0107eno 1,5 g<\/li>\n<li>kolesterol 5 mg<\/li>\n<\/ul>\n<p><span class=\"text-gray-darker\">Sastojci u preporu\u010denoj dnevnoj dozi: 1 obrok = 2,5 ml: koncentrirano masla\u010dno ulje 2,5 ml<\/span><\/p>\n<p><strong>Doziranje i na\u010din uzimanja:<\/strong> 2,5 ml dnevno ili druk\u010dije po preporuci stru\u010dne osobe. Prije uporabe ohladiti da se skruti.<\/p>\n<p><strong>Upozorenja:<\/strong> Sadr\u017ei mlijeko.<\/p>\n<p><strong>Na\u010din \u010duvanja:<\/strong> Bo\u010dicu najbolje dr\u017eati zatvorenu u hladnjaku ili dalje od izvora topline i svjetla. Prije otvaranja protresti.<\/p>\n<p><strong>Sadr\u017eaj pakiranja:<\/strong> Bo\u010dica sa 188 ml teku\u0107ine gela. 75 dnevnih obroka.<\/p>\n","protected":false},"excerpt":{"rendered":"<p>Teku\u0107ina bez arome, 188 ml Masla\u010dno ulje koncentrirano hladnom centrifugom,\u00a0dobiveno od krava na isklju\u010divo pa\u0161nom re\u017eimu prehrane s podru\u010dja Argentine.\u00a0Proizvod sadr\u017ei \u010distu mlje\u010dnu masno\u0107u bez vode i bjelan\u010devina i nije<\/p>\n","protected":false},"featured_media":6097,"template":"","meta":{"inline_featured_image":false},"product_brand":[],"product_cat":[74],"product_tag":[],"class_list":{"0":"post-5345","1":"product","2":"type-product","3":"status-publish","4":"has-post-thumbnail","6":"product_cat-proizvodi","8":"first","9":"outofstock","10":"shipping-taxable","11":"purchasable","12":"product-type-simple"},"_links":{"self":[{"href":"https:\/\/mulier.hr\/en\/wp-json\/wp\/v2\/product\/5345","targetHints":{"allow":["GET"]}}],"collection":[{"href":"https:\/\/mulier.hr\/en\/wp-json\/wp\/v2\/product"}],"about":[{"href":"https:\/\/mulier.hr\/en\/wp-json\/wp\/v2\/types\/product"}],"wp:featuredmedia":[{"embeddable":true,"href":"https:\/\/mulier.hr\/en\/wp-json\/wp\/v2\/media\/6097"}],"wp:attachment":[{"href":"https:\/\/mulier.hr\/en\/wp-json\/wp\/v2\/media?parent=5345"}],"wp:term":[{"taxonomy":"product_brand","embeddable":true,"href":"https:\/\/mulier.hr\/en\/wp-json\/wp\/v2\/product_brand?post=5345"},{"taxonomy":"product_cat","embeddable":true,"href":"https:\/\/mulier.hr\/en\/wp-json\/wp\/v2\/product_cat?post=5345"},{"taxonomy":"product_tag","embeddable":true,"href":"https:\/\/mulier.hr\/en\/wp-json\/wp\/v2\/product_tag?post=5345"}],"curies":[{"name":"wp","href":"https:\/\/api.w.org\/{rel}","templated":true}]}}