{"id":5336,"date":"2021-08-29T11:45:57","date_gmt":"2021-08-29T09:45:57","guid":{"rendered":"https:\/\/mulier.hr\/?post_type=product&#038;p=5336"},"modified":"2026-03-03T12:38:50","modified_gmt":"2026-03-03T11:38:50","slug":"hepalean","status":"publish","type":"product","link":"https:\/\/mulier.hr\/en\/proizvod\/hepalean\/","title":{"rendered":"Hepalean\u00ae, Bodymed, 450g"},"content":{"rendered":"<h3>\u00a030 porcija po 15 g<\/h3>\n<p><strong>HEPALEAN\u00ae<\/strong> s vo\u0107nim okusom naran\u010de idealan je dodatak va\u0161oj svakodnevnoj prehrani.<\/p>\n<p>Pomo\u0107u HEPALEAN\u00ae-a mo\u017eete pove\u0107ati unos vlakana. Redovita uporaba HEPALEAN\u00ae-a posebno se preporu\u010duje nakon 14-dnevne detoksikacije jetre po metodi dr. Worm\u00ae, prikladan je za dugoro\u010dnu upotrebu.<\/p>\n<p>Beta-glukan &#8211; vlakno tipi\u010dno za zob<\/p>\n<p>Tajna zobi le\u017ei u njihovim topivim dijetalnim vlaknima &#8211; beta-glukanu. Zob sadr\u017ei vi\u0161e beta-glukana od ostalih \u017eitarica, poput p\u0161enice i ra\u017ei. Europska agencija za sigurnost hrane (EFSA) slu\u017ebeno je potvrdila zdravstvene beneficije zobenog beta-glukana: Zob mo\u017ee prirodno regulirati razinu kolesterola.<\/p>\n<p>\u010cak i dnevni unos 3 g zobenog beta-glukana smanjuje razinu kolesterola u krvi. Visok kolesterol jedan je od \u010dimbenika rizika za koronarnu bolest. Dvije porcije HEPALEAN\u00ae daju 3 g zobenog beta-glukana. Jedna porcija HEPALEAN\u00ae-a daje oko 8 g vlakana.<\/p>\n<p>HEPALEAN\u00ae sa svojim vrijednim topivim zobenim vlaknima doprinosi uravnote\u017eenoj prehrani bogatoj vlaknima.<\/p>\n<p><strong>NA\u010cIN UZIMANJA:<\/strong> Sadr\u017eaj jedne vre\u0107ice (= 15 g) dobro promije\u0161ati u 300 ml hladne vode. Odmah konzumirati i to prije ili tijekom obroka.<\/p>\n<p>&nbsp;<\/p>\n<h3>SASTAV:<\/h3>\n<p>Topiva vlakna dekstrin, beta-glukan iz zobi, L-karnitin tartarat, limunska kiselina, kolin bitartarat, taurin, aroma, sladila sukraloza, sredstvo za bojenje, betakaroten.<\/p>\n<h3>Hranjiva vrijednost i energija (u 100g\u00a0 praha)<\/h3>\n<p>Energija 969 kJ (231 kcal)<\/p>\n<p>Masti 0,5 g<\/p>\n<p>od toga zasi\u0107ene masne kiseline 0 g<\/p>\n<p>Ugljikohidrati 26 g<\/p>\n<p>od toga \u0161e\u0107er 0 g<\/p>\n<p>Vlakna 51 g<\/p>\n<p>Proteini 1,3 g<\/p>\n<p>Sol 0,06 g<\/p>\n<p><strong>Bez glutena i laktoze.<\/strong><\/p>\n<p>Sastojci u proizvodima redovito se a\u017euriraju. Zbog toga povremeno mo\u017ee do\u0107i do odstupanja izme\u0111u navedenih sastojaka na na\u0161oj web stranici i sastojaka na ambala\u017ei proizvoda. Stoga preporu\u010dujemo da uvijek obratite pozornost na podatke na ambala\u017ei i provjerite tamo navedene sastojke.<\/p>\n","protected":false},"excerpt":{"rendered":"<p>\u00a030 porcija po 15 g HEPALEAN\u00ae s vo\u0107nim okusom naran\u010de idealan je dodatak va\u0161oj svakodnevnoj prehrani. Pomo\u0107u HEPALEAN\u00ae-a mo\u017eete pove\u0107ati unos vlakana. Redovita uporaba HEPALEAN\u00ae-a posebno se preporu\u010duje nakon 14-dnevne<\/p>\n","protected":false},"featured_media":5337,"template":"","meta":{"inline_featured_image":false},"product_brand":[],"product_cat":[74],"product_tag":[],"class_list":{"0":"post-5336","1":"product","2":"type-product","3":"status-publish","4":"has-post-thumbnail","6":"product_cat-proizvodi","8":"first","9":"instock","10":"shipping-taxable","11":"purchasable","12":"product-type-simple"},"_links":{"self":[{"href":"https:\/\/mulier.hr\/en\/wp-json\/wp\/v2\/product\/5336","targetHints":{"allow":["GET"]}}],"collection":[{"href":"https:\/\/mulier.hr\/en\/wp-json\/wp\/v2\/product"}],"about":[{"href":"https:\/\/mulier.hr\/en\/wp-json\/wp\/v2\/types\/product"}],"wp:featuredmedia":[{"embeddable":true,"href":"https:\/\/mulier.hr\/en\/wp-json\/wp\/v2\/media\/5337"}],"wp:attachment":[{"href":"https:\/\/mulier.hr\/en\/wp-json\/wp\/v2\/media?parent=5336"}],"wp:term":[{"taxonomy":"product_brand","embeddable":true,"href":"https:\/\/mulier.hr\/en\/wp-json\/wp\/v2\/product_brand?post=5336"},{"taxonomy":"product_cat","embeddable":true,"href":"https:\/\/mulier.hr\/en\/wp-json\/wp\/v2\/product_cat?post=5336"},{"taxonomy":"product_tag","embeddable":true,"href":"https:\/\/mulier.hr\/en\/wp-json\/wp\/v2\/product_tag?post=5336"}],"curies":[{"name":"wp","href":"https:\/\/api.w.org\/{rel}","templated":true}]}}