{"id":5314,"date":"2021-08-29T12:00:58","date_gmt":"2021-08-29T10:00:58","guid":{"rendered":"https:\/\/mulier.hr\/?post_type=product&#038;p=5314"},"modified":"2026-03-03T12:38:06","modified_gmt":"2026-03-03T11:38:06","slug":"hepafast-bodymed-prah-450-gr","status":"publish","type":"product","link":"https:\/\/mulier.hr\/en\/proizvod\/hepafast-bodymed-prah-450-gr\/","title":{"rendered":"Hepafast\u00ae, Bodymed, 450g"},"content":{"rendered":"<h3>Visoko kvalitetan proteinski prah, 450 g<\/h3>\n<p><strong>Zamjenski obrok za kontrolu tjelesne te\u017eine po metodi dr. Worm.<\/strong><\/p>\n<p>&nbsp;<\/p>\n<p>UVIJEK JE PRAVO VRIJEME ZA HEPAFAST, A NAJVI\u0160E AKO PATITE OD:<\/p>\n<ul>\n<li><b>vi\u0161ka kilograma<\/b> (posebno oko struka, to je po zdravlje opasna visceralna mast)<\/li>\n<li><b>probavnih tegoba<\/b> (zatvora, nadutosti, vjetrova, refluksa, bolova u trbuhu)<\/li>\n<li><b>hormonskih poreme\u0107aja<\/b> (sklonost dijabetesu, policisti\u010dni jajnici, poreme\u0107en menstualni ciklus, iscrpljene nedbubre\u017ene \u017elijezde, poreme\u0107aj apetita&#8230;)<\/li>\n<li><b>fizi\u010dkog umora i psihi\u010dke iscrpljenosti<\/b><\/li>\n<li><b>masne jetre<\/b> koja poti\u010de razvoj problema sa probavom, hormonima, metabolizmom, cirkulacijom<\/li>\n<li><b>redovne konzumacije alkohola i\/ili cigareta<\/b><\/li>\n<li><b>tjelesne neaktivnosti<\/b><\/li>\n<li>\n<div><b>lo\u0161e koncentracije, lo\u0161eg pam\u0107enja, neraspolo\u017eenja<\/b><\/div>\n<\/li>\n<\/ul>\n<p><b><br \/>\nSTANDARDNA DVOTJEDNA DETOKSIKACIJA SA HEPAFASTOM<\/b> (samo Hepafast i povr\u0107e) \u0106E VAS PREPORODITI I RJE\u0160ITI VELIK DIO GORE NAVEDENIH TEGOBA.<br \/>\n* studije \u00a0su provodili njema\u010dki lije\u010dnici<\/p>\n<p><b>NAKON DVOTJEDNE DETOKSIKACIJE<\/b> HEPAFAST MO\u017dETE KORISTITI KAO ZAMJENSKI OBROK:<\/p>\n<ul>\n<li>za daljnje mr\u0161avljenje &#8211; po protokolu koji ce Vam prepisati dr. Meri Bura, jedina lije\u010dnica za sada u Hrvatskoj educirana po metodi dr. Worm i ovla\u0161tena za prepisivanje Hepafasta<\/li>\n<li>ako nemate vremena za pripremu cjelovitog obroka<\/li>\n<li>na poslu ste ili na putovanju i ne \u017eelite jesti nekvalitetnu hranu<\/li>\n<\/ul>\n<p>&nbsp;<\/p>\n<p><b>HEPAFAST<\/b> JE <b>CJELOVIT OBROK<\/b> KOJI SADR\u017dI BALANSIRANE VRIJEDNOSTI VISOKO KVALITETNIH AMINOKISELINA, MASTI, UGLJIKOHIDRATA, VITAMINA, MINERALA UZ LJEKOVITE SASTOJKE:<\/p>\n<p><b>Krom <\/b>doprinosi odr\u017eavanju normalne razine glukoze u krvi. <b>Bakar <\/b>doprinosi normalnom metabolizmu stvaranja energije i za\u0161titi stanica od oksidativnog stresa. <b>Jod<\/b> doprinosi normalnom metabolizmu stvaranja energije, normalnoj proizvodnji hormona \u0161titnja\u010de i normalnoj funkciji \u0161titnja\u010de. <b>\u017deljezo<\/b> doprinosi normalnom metabolizmu stvaranja energije te smanjenju umora i iscrpljenosti. <b>Magnezij<\/b> doprinosi smanjenju umora i iscrpljenosti, normalnom metabolizmu stvaranja energije, i normalnoj funkciji mi\u0161i\u0107a. <b>Mangan<\/b> doprinosi normalnom metabolizmu stvaranja energije i za\u0161titi stanica od oksidativnog stresa. <b>Niacin<\/b> doprinosi normalnom metabolizmu stvaranja energije, smanjenju umora i iscrpljenosti. <b>Fosfor <\/b>doprinosi normalnom metabolizmu stvaranja energije. <b>Kalij<\/b> doprinosi normalnoj funkciji mi\u0161i\u0107a i odr\u017eavanju normalnog krvnog tlaka. <b>Riboflavin<\/b> doprinosi normalnom metabolizmu stvaranja energije i odr\u017eavanju zdrave ko\u017ee. <b>Selen<\/b> doprinosi odr\u017eavanju zdrave kose, normalnih noktiju, normalnoj funkciji imunolo\u0161kog sustava, normalnoj funkciji \u0161titnja\u010de i za\u0161titi stanica od oksidativnog stresa. <b>Tiamin<\/b> doprinosi normalnoj funkciji srca. <b>Vitamin A<\/b> doprinosi odr\u017eavanju zdrave ko\u017ee i normalnoj funkciji imunolo\u0161kog sustava, <b>vitamin B12<\/b> doprinosi normalnoj funkciji imunolo\u0161kog sustava, <b>vitamin B6<\/b> doprinosi regulaciji hormonske aktivnosti, <b>vitamin C<\/b> pove\u0107ava apsorpciju \u017eeljeza, <b>vitamin D<\/b> doprinosi normalnoj razini kalcija u krvi i normalnoj funkciji imunolo\u0161kog sustava, <b>vitamin E<\/b> doprinosi za\u0161titi stanica od oksidativnog stresa, <b>vitamin K<\/b> doprinosi odr\u017eavanju normalnih kostiju. <b>Cink<\/b> doprinosi normalnom kiselinsko-baznom metabolizmu, normalnom metabolizmu ugljikohidrata i normalnom metabolizmu masnih kiselina.<\/p>\n<ul>\n<li><b>visokokvalitetne aminokiseline<\/b>\u00a0obnavljaju tkivo jetre<\/li>\n<\/ul>\n<ul>\n<li><b>beta glukan<\/b> sni\u017eava kolesterol, poti\u010de cirkulaciju, rastere\u0107uje jetru, sni\u017eava VFI (visceral fat index) i smanjuje rizik od sr\u010danih bolesti<\/li>\n<li><b>inulin<\/b> koji je prebiotik, hrani dobre bakterije u crijevima (a sadr\u017eaj crijeva je direktno povezan s jetrom), poma\u017ee funkciju jetre u \u010di\u0161\u0107enju od otpada svih vrsta<\/li>\n<li><b>omega 3 masne kiseline<\/b> smanjuju upalu (Hashimoto i autoimune bolesti su upalne prirode), prevenira NAFDL (masnu jetru), pove\u0107ava osjetljivost na inzulin (smanjena osjetljivost inzulina klju\u010d je svih metaboli\u010dkih poreme\u0107aja \u00a0kao \u0161to je debljina, dijabetes&#8230;)<\/li>\n<li><b>kolin<\/b> poma\u017ee u metabolizmu i razgradnji masti, spre\u010dava nakupljanje masti u jetri, normalizira homocistein (koji je opasniji od kolesterola)<\/li>\n<li><b>taurin<\/b> poma\u017ee metabolizam i razgradnju masti i \u0161e\u0107era<\/li>\n<li><b>L carnitin <\/b>poti\u010de sagorijevanje masti<\/li>\n<\/ul>\n<p><strong>Napomena:<\/strong> Za pripremu proizvoda za konzumiranje naru\u010dite prema potrebi <a href=\"https:\/\/mulier.hr\/proizvod\/shaker-500ml-bodymed\/\" target=\"_blank\" rel=\"noopener\">shaker<\/a>.<\/p>\n<p>&nbsp;<\/p>\n<h3>Sastav:<\/h3>\n<p>mlije\u010dni proteini, proteini sirutke, beta-glukan iz zobenih mekinja (20,0%), inulin, zobena vlakna (5,0%), omega-3 koncentrat u prahu, guar guma, taurin, L-karnitin (2,0%), kolin-hidrogen tartarat (1,3%), aroma, kalijev citrat, sladila: acesulfam K i sukraloza, L-askorbinska kiselina, emulgator sojin lecitin, \u017eeljezni difosfat, D-alfa tokoferil acetat, kalijev jodid, nikotinamid, mangan-sulfat, kalcijev D-pantotenat, cink oksid, piridoksin hidroklorid, tiamin mononitrat, retinil acetat, krom III klorid, pteroilmonoglutaminska kiselina, filokinon, natrijev selenit, vitamin B2 (riboflavin), D-biotin, magnezijev karbonat, natrij molibdat, kolekalciferol<\/p>\n<h3>Vitamini (u 100 g praha)<\/h3>\n<ul>\n<li>Vitamin A\u00a0\u00a0 1.187 \u00b5g RE*<\/li>\n<li>Vitamin D\u00a0\u00a0 8,2 \u00b5g<\/li>\n<li>Vitamin E\u00a0 17,8 mg<\/li>\n<li>Vitamin K 122 \u00b5g<\/li>\n<li>Vitamin C 113 mg<\/li>\n<li>Tiamin\u00a0 1,4 mg<\/li>\n<li>Riboflavin\u00a0 0,33 mg<\/li>\n<li>Niacin 25,6 mg NE*<\/li>\n<li>Vitamin B6 1,9 mg<\/li>\n<li>Folna kiselina 280 \u00b5g<\/li>\n<li>Vitamin B12 4,0 \u00b5g<\/li>\n<li>Biotin 22,7 \u00b5g<\/li>\n<li>Pantotenska kiselina 6,1 mg<\/li>\n<\/ul>\n<h3>Mineralne tvari (u 100 g praha)<\/h3>\n<ul>\n<li>Kalij 310 mg<\/li>\n<li>Kalcij 585 mg<\/li>\n<li>Fosfor 465 mg<\/li>\n<li>Magnezij 89,1 mg<\/li>\n<li>\u017deljezo 14,5 mg<\/li>\n<li>Cink 6,8 mg<\/li>\n<li>Bakar\u00a0 2,4 mg<\/li>\n<li>Mangan 4,6 mg<\/li>\n<li>Selen 43,3 \u00b5g<\/li>\n<li>Jod 254 \u00b5g<\/li>\n<\/ul>\n<h3>Hranjiva vrijednost i energija (u 100g\u00a0 praha)<\/h3>\n<ul>\n<li>Energija 1.361 kJ (324 kcal)<\/li>\n<li>Masti 4,5 g<\/li>\n<li>od toga zasi\u0107ene masne kiseline 1,4 g<\/li>\n<li>Ugljikohidrati 5,8 g<\/li>\n<li>od toga \u0161e\u0107er 1,8 g<\/li>\n<li>Vlakna 23,8 g<\/li>\n<li>Proteini 51,6 g<\/li>\n<li>Sol 0,29 g<\/li>\n<\/ul>\n<p><strong>AMINOGRAM<\/strong><br \/>\nRaspodjela aminokiselina (na 100 g proteina)<\/p>\n<p><strong>Esencijalne aminokiseline<\/strong><br \/>\nLeucin 9,4 g<br \/>\nLizin 7,6 g<br \/>\nTreonin 4,9 g<br \/>\nValin 6,2 g<br \/>\nIzoleucin 5,5 g<br \/>\nFenilalanin 4,3 g<br \/>\nMetionin 2,4 g<br \/>\nTriptofan 1,5 g<\/p>\n<p><strong>Poluesencijalne aminokiseline<\/strong><br \/>\nProlin 8,3 g<br \/>\nTirozin 4,3 g<br \/>\nArginin 3,4 g<br \/>\nGlicin 2,2 g<br \/>\nCistein 1,4 g<br \/>\nHistidin 2,2 g<\/p>\n<p><strong>Neesencijalne aminokiseline<\/strong><br \/>\nGlutaminska 19 g<br \/>\nAsparaginske 8,5 g<br \/>\nSerin 5,0 g<br \/>\nAlanin 3,8 g<\/p>\n<p>Sastojci u proizvodima redovito se a\u017euriraju. Zbog toga povremeno mo\u017ee do\u0107i do odstupanja izme\u0111u navedenih sastojaka na na\u0161oj web stranici i sastojaka na ambala\u017ei proizvoda. Stoga preporu\u010dujemo da uvijek obratite pozornost na podatke na ambala\u017ei i provjerite tamo navedene sastojke.<\/p>\n<p><strong>NA\u010cIN UZIMANJA: <\/strong>Prije upotrebe protresti kutiju s Hepafastom. Staviti 30 g praha u 350 ml obranog mlijeka (1.5% m.m.). Promu\u0107kati u shakeru. Odmah konzumirati. Prema konzeptu &#8220;Leberfastens&#8221; dr. Worma, uzmite dnevno tri porcije Hepafasta i jedan do dva obroka povr\u0107a.<\/p>\n<p><strong>Neto koli\u010dina:\u00a0 <\/strong>450 g<\/p>\n","protected":false},"excerpt":{"rendered":"<p>Visoko kvalitetan proteinski prah, 450 g Zamjenski obrok za kontrolu tjelesne te\u017eine po metodi dr. Worm. &nbsp; UVIJEK JE PRAVO VRIJEME ZA HEPAFAST, A NAJVI\u0160E AKO PATITE OD: vi\u0161ka kilograma<\/p>\n","protected":false},"featured_media":5327,"template":"","meta":{"inline_featured_image":false},"product_brand":[],"product_cat":[74,39],"product_tag":[],"class_list":{"0":"post-5314","1":"product","2":"type-product","3":"status-publish","4":"has-post-thumbnail","6":"product_cat-proizvodi","7":"product_cat-specijalni-proizvod","9":"first","10":"instock","11":"shipping-taxable","12":"purchasable","13":"product-type-simple"},"_links":{"self":[{"href":"https:\/\/mulier.hr\/en\/wp-json\/wp\/v2\/product\/5314","targetHints":{"allow":["GET"]}}],"collection":[{"href":"https:\/\/mulier.hr\/en\/wp-json\/wp\/v2\/product"}],"about":[{"href":"https:\/\/mulier.hr\/en\/wp-json\/wp\/v2\/types\/product"}],"wp:featuredmedia":[{"embeddable":true,"href":"https:\/\/mulier.hr\/en\/wp-json\/wp\/v2\/media\/5327"}],"wp:attachment":[{"href":"https:\/\/mulier.hr\/en\/wp-json\/wp\/v2\/media?parent=5314"}],"wp:term":[{"taxonomy":"product_brand","embeddable":true,"href":"https:\/\/mulier.hr\/en\/wp-json\/wp\/v2\/product_brand?post=5314"},{"taxonomy":"product_cat","embeddable":true,"href":"https:\/\/mulier.hr\/en\/wp-json\/wp\/v2\/product_cat?post=5314"},{"taxonomy":"product_tag","embeddable":true,"href":"https:\/\/mulier.hr\/en\/wp-json\/wp\/v2\/product_tag?post=5314"}],"curies":[{"name":"wp","href":"https:\/\/api.w.org\/{rel}","templated":true}]}}